{"id":753015,"date":"2025-08-28T05:31:04","date_gmt":"2025-08-28T02:31:04","guid":{"rendered":"https:\/\/roveyayinevi.com.tr\/index.php\/urun\/kafka-kayip-kisinin-gunlugu\/"},"modified":"2026-04-16T03:06:37","modified_gmt":"2026-04-16T00:06:37","slug":"kafka-kayip-kisinin-gunlugu","status":"publish","type":"product","link":"https:\/\/roveyayinevi.com.tr\/index.php\/urun\/kafka-kayip-kisinin-gunlugu\/","title":{"rendered":"Kafka &#8211; Kay\u0131p Ki\u015finin G\u00fcnl\u00fc\u011f\u00fc"},"content":{"rendered":"<p>\u0130\u015fte o, Franz&#8230; Mavi giysileri i\u00e7inde incecik v\u00fccutlu, \u00e7ocuksu y\u00fczl\u00fc Franz. G\u00fcl\u00fcmseyen, nevrastenik, ge\u00e7 kalan, iyi arkada\u015f. Nadiren ve az miktarda yiyen, hastal\u0131k hastas\u0131 ve doktordan hazzetmeyen Franz. Bir lokmay\u0131 y\u00fcz kez \u00e7i\u011fneyen tak\u0131nt\u0131l\u0131 Franz. Hayalperest ve su\u00e7lu Franz. Mazo\u015fist, b\u00fct\u00fcnl\u00fckten korkan, tembel, m\u00fckemmeliyet\u00e7i. \u015eekil de\u011fi\u015ftiren, yanl\u0131\u015f hizalanm\u0131\u015f  ve yal\u0131t\u0131lm\u0131\u015f, pasif ve asalak Franz. Ebedi ve sadist erkek arkada\u015f Franz. Geceleri d\u00f6rt duvar aras\u0131nda yok edilmeyeni arayan melek ve vampir. Makine d\u00fcnyalar\u0131n\u0131n yarat\u0131c\u0131s\u0131, avukat Kafka, usta bir baba taraf\u0131ndan yarat\u0131lan golem Kafka, Yahudi Kafka. Ba\u015fkalar\u0131n\u0131n g\u00fcnlerini nas\u0131l ya\u015fad\u0131\u011f\u0131n\u0131 anlamak i\u00e7in geceleri yazan g\u00f6zlemci Franz Kafka. <\/p>\n","protected":false},"excerpt":{"rendered":"<p>\u0130\u015fte o, Franz&#8230; Mavi giysileri i\u00e7inde incecik v\u00fccutlu, \u00e7ocuksu y\u00fczl\u00fc Franz. G\u00fcl\u00fcmseyen, nevrastenik, ge\u00e7 kalan, iyi arkada\u015f. Nadiren ve az miktarda yiyen, hastal\u0131k hastas\u0131 ve doktordan<span class=\"excerpt-hellip\"> [\u2026]<\/span><\/p>\n","protected":false},"featured_media":0,"template":"","meta":{"_monsterinsights_skip_tracking":false,"_monsterinsights_sitenote_active":false,"_monsterinsights_sitenote_note":"","_monsterinsights_sitenote_category":0},"product_brand":[],"product_cat":[12416,12291],"product_tag":[],"class_list":{"0":"post-753015","1":"product","2":"type-product","3":"status-publish","5":"product_cat-cizgi-roman","6":"product_cat-edebiyat","7":"pa_cilt-ciltsiz","8":"pa_tur-kitap","9":"pa_yayinevi-kara-karga-yayinlari","10":"pa_yazar-mauro-falchetti-luca-albanese","12":"first","13":"instock","14":"sale","15":"shipping-taxable","16":"purchasable","17":"product-type-simple"},"_links":{"self":[{"href":"https:\/\/roveyayinevi.com.tr\/index.php\/wp-json\/wp\/v2\/product\/753015","targetHints":{"allow":["GET"]}}],"collection":[{"href":"https:\/\/roveyayinevi.com.tr\/index.php\/wp-json\/wp\/v2\/product"}],"about":[{"href":"https:\/\/roveyayinevi.com.tr\/index.php\/wp-json\/wp\/v2\/types\/product"}],"wp:attachment":[{"href":"https:\/\/roveyayinevi.com.tr\/index.php\/wp-json\/wp\/v2\/media?parent=753015"}],"wp:term":[{"taxonomy":"product_brand","embeddable":true,"href":"https:\/\/roveyayinevi.com.tr\/index.php\/wp-json\/wp\/v2\/product_brand?post=753015"},{"taxonomy":"product_cat","embeddable":true,"href":"https:\/\/roveyayinevi.com.tr\/index.php\/wp-json\/wp\/v2\/product_cat?post=753015"},{"taxonomy":"product_tag","embeddable":true,"href":"https:\/\/roveyayinevi.com.tr\/index.php\/wp-json\/wp\/v2\/product_tag?post=753015"}],"curies":[{"name":"wp","href":"https:\/\/api.w.org\/{rel}","templated":true}]}}