{"id":753014,"date":"2025-08-28T05:31:02","date_gmt":"2025-08-28T02:31:02","guid":{"rendered":"https:\/\/roveyayinevi.com.tr\/index.php\/urun\/buyu-kutusu-ya-da-insan-cikmazi\/"},"modified":"2026-04-16T03:06:37","modified_gmt":"2026-04-16T00:06:37","slug":"buyu-kutusu-ya-da-insan-cikmazi","status":"publish","type":"product","link":"https:\/\/roveyayinevi.com.tr\/index.php\/urun\/buyu-kutusu-ya-da-insan-cikmazi\/","title":{"rendered":"B\u00fcy\u00fc Kutusu ya da \u0130nsan \u00c7\u0131kmaz\u0131"},"content":{"rendered":"<p>Myrina Yay\u0131nlar\u0131 2023 Y\u0131l\u0131 \u00d6yk\u00fc Yar\u0131\u015fmas\u0131 kitab\u0131 olan \u201cB\u00fcy\u00fc Kutusu ya da \u0130nsan \u00c7\u0131kmaz\u0131\u201d adl\u0131 eserde 85 \u00f6yk\u00fc bulunmaktad\u0131r. <\/p>\n","protected":false},"excerpt":{"rendered":"<p>Myrina Yay\u0131nlar\u0131 2023 Y\u0131l\u0131 \u00d6yk\u00fc Yar\u0131\u015fmas\u0131 kitab\u0131 olan \u201cB\u00fcy\u00fc Kutusu ya da \u0130nsan \u00c7\u0131kmaz\u0131\u201d adl\u0131 eserde 85 \u00f6yk\u00fc bulunmaktad\u0131r.<\/p>\n","protected":false},"featured_media":0,"template":"","meta":{"_monsterinsights_skip_tracking":false,"_monsterinsights_sitenote_active":false,"_monsterinsights_sitenote_note":"","_monsterinsights_sitenote_category":0},"product_brand":[],"product_cat":[12291,18202],"product_tag":[],"class_list":{"0":"post-753014","1":"product","2":"type-product","3":"status-publish","5":"product_cat-edebiyat","6":"product_cat-hikaye","7":"pa_cilt-ciltsiz","8":"pa_tur-kitap","9":"pa_yayinevi-myrina-yayinlari","10":"pa_yazar-kolektif","12":"first","13":"instock","14":"sale","15":"shipping-taxable","16":"purchasable","17":"product-type-simple"},"_links":{"self":[{"href":"https:\/\/roveyayinevi.com.tr\/index.php\/wp-json\/wp\/v2\/product\/753014","targetHints":{"allow":["GET"]}}],"collection":[{"href":"https:\/\/roveyayinevi.com.tr\/index.php\/wp-json\/wp\/v2\/product"}],"about":[{"href":"https:\/\/roveyayinevi.com.tr\/index.php\/wp-json\/wp\/v2\/types\/product"}],"wp:attachment":[{"href":"https:\/\/roveyayinevi.com.tr\/index.php\/wp-json\/wp\/v2\/media?parent=753014"}],"wp:term":[{"taxonomy":"product_brand","embeddable":true,"href":"https:\/\/roveyayinevi.com.tr\/index.php\/wp-json\/wp\/v2\/product_brand?post=753014"},{"taxonomy":"product_cat","embeddable":true,"href":"https:\/\/roveyayinevi.com.tr\/index.php\/wp-json\/wp\/v2\/product_cat?post=753014"},{"taxonomy":"product_tag","embeddable":true,"href":"https:\/\/roveyayinevi.com.tr\/index.php\/wp-json\/wp\/v2\/product_tag?post=753014"}],"curies":[{"name":"wp","href":"https:\/\/api.w.org\/{rel}","templated":true}]}}