{"id":753013,"date":"2025-08-28T05:31:00","date_gmt":"2025-08-28T02:31:00","guid":{"rendered":"https:\/\/roveyayinevi.com.tr\/index.php\/urun\/kanli-ceket\/"},"modified":"2026-04-16T03:06:37","modified_gmt":"2026-04-16T00:06:37","slug":"kanli-ceket","status":"publish","type":"product","link":"https:\/\/roveyayinevi.com.tr\/index.php\/urun\/kanli-ceket\/","title":{"rendered":"Kanl\u0131 Ceket"},"content":{"rendered":"<p>YOKSULLARIN \u00c7OCUKLU\u011eU YOKTUR. \u201cGe\u00e7mi\u015fin zorlu \u00e7ocukluk yollar\u0131ndan ge\u00e7enlerin a\u00e7t\u0131\u011f\u0131 bamba\u015fka bir yolda y\u00fcr\u00fcyor yeni nesil art\u0131k. Talip Emiro\u011flu o g\u00fc\u00e7 patikalar\u0131 en \u00f6nden t\u0131rmanm\u0131\u015f, yoksullu\u011fun sert y\u00fcz\u00fcyle erken ya\u015fta tan\u0131\u015fm\u0131\u015f bir e\u011fitimci. Kendi deneyimlerini bu farkl\u0131 \u00f6yk\u00fclerle bize aktar\u0131rken ne \u015fimdilerin kolayc\u0131l\u0131\u011f\u0131na ka\u00e7\u0131p yeni nesli su\u00e7luyor, ne de kendi ge\u00e7mi\u015fini sakl\u0131yor. Her \u015feyi oldu\u011fu gibi, duru bir dille okurla payla\u015f\u0131yor. Ku\u015faklar aras\u0131 ileti\u015fim i\u00e7in edebiyat\u0131n k\u00f6pr\u00fcs\u00fcn\u00fc kullanmay\u0131 se\u00e7erek mesle\u011finin avantajlar\u0131n\u0131 dilimizin k\u0131vrakl\u0131\u011f\u0131na ekliyor ve ortaya bu birbirinden farkl\u0131 g\u00f6z\u00fckse de ayn\u0131 noktay\u0131 ustaca i\u015faret eden sahici \u00f6yk\u00fcler \u00e7\u0131k\u0131yor.\u201d&#8211;G\u00fcl\u015fah Elikbank \u201cTalip Emiro\u011flu \u00f6yk\u00fc gelene\u011fimizin \u00e7ok sa\u011flam bir yerinde duruyor. Ge\u00e7mi\u015fe yap\u0131lan bir \u00e7e\u015fit yolculuk&#8230; Sorgulamalar\u0131n g\u00fcc\u00fcyle&#8230; En \u00f6nemlisi de yazar\u0131n samimi \u00fcslubu. Ya\u015fanm\u0131\u015f, bedelleri \u00f6denmi\u015f, i\u00e7selle\u015ftirilmi\u015f bir ger\u00e7eklik&#8230; \u00dcstelik bir solukta okunuyor.\u201d&#8211;Mario Levi <\/p>\n","protected":false},"excerpt":{"rendered":"<p>YOKSULLARIN \u00c7OCUKLU\u011eU YOKTUR. \u201cGe\u00e7mi\u015fin zorlu \u00e7ocukluk yollar\u0131ndan ge\u00e7enlerin a\u00e7t\u0131\u011f\u0131 bamba\u015fka bir yolda y\u00fcr\u00fcyor yeni nesil art\u0131k. Talip Emiro\u011flu o g\u00fc\u00e7 patikalar\u0131 en \u00f6nden t\u0131rmanm\u0131\u015f, yoksullu\u011fun sert<span class=\"excerpt-hellip\"> [\u2026]<\/span><\/p>\n","protected":false},"featured_media":0,"template":"","meta":{"_monsterinsights_skip_tracking":false,"_monsterinsights_sitenote_active":false,"_monsterinsights_sitenote_note":"","_monsterinsights_sitenote_category":0},"product_brand":[],"product_cat":[12291,12711],"product_tag":[],"class_list":{"0":"post-753013","1":"product","2":"type-product","3":"status-publish","5":"product_cat-edebiyat","6":"product_cat-roman-oyku","7":"pa_cilt-ciltsiz","8":"pa_tur-kitap","9":"pa_yayinevi-destek-yayinlari","10":"pa_yazar-talip-emiroglu","12":"first","13":"instock","14":"sale","15":"shipping-taxable","16":"purchasable","17":"product-type-simple"},"_links":{"self":[{"href":"https:\/\/roveyayinevi.com.tr\/index.php\/wp-json\/wp\/v2\/product\/753013","targetHints":{"allow":["GET"]}}],"collection":[{"href":"https:\/\/roveyayinevi.com.tr\/index.php\/wp-json\/wp\/v2\/product"}],"about":[{"href":"https:\/\/roveyayinevi.com.tr\/index.php\/wp-json\/wp\/v2\/types\/product"}],"wp:attachment":[{"href":"https:\/\/roveyayinevi.com.tr\/index.php\/wp-json\/wp\/v2\/media?parent=753013"}],"wp:term":[{"taxonomy":"product_brand","embeddable":true,"href":"https:\/\/roveyayinevi.com.tr\/index.php\/wp-json\/wp\/v2\/product_brand?post=753013"},{"taxonomy":"product_cat","embeddable":true,"href":"https:\/\/roveyayinevi.com.tr\/index.php\/wp-json\/wp\/v2\/product_cat?post=753013"},{"taxonomy":"product_tag","embeddable":true,"href":"https:\/\/roveyayinevi.com.tr\/index.php\/wp-json\/wp\/v2\/product_tag?post=753013"}],"curies":[{"name":"wp","href":"https:\/\/api.w.org\/{rel}","templated":true}]}}