{"id":753010,"date":"2025-08-28T05:30:55","date_gmt":"2025-08-28T02:30:55","guid":{"rendered":"https:\/\/roveyayinevi.com.tr\/index.php\/urun\/karsi-kiyi-ote-taraf\/"},"modified":"2026-04-16T03:06:37","modified_gmt":"2026-04-16T00:06:37","slug":"karsi-kiyi-ote-taraf","status":"publish","type":"product","link":"https:\/\/roveyayinevi.com.tr\/index.php\/urun\/karsi-kiyi-ote-taraf\/","title":{"rendered":"Kar\u015f\u0131 K\u0131y\u0131 \u00d6te Taraf"},"content":{"rendered":"<p>G\u00f6nl\u00fcm\u00fcz\u00fcn kar\u015f\u0131 k\u0131y\u0131s\u0131 Hasretmizin \u00f6te taraf Y\u00fcre\u011fimizin k\u00f6\u015fesi Da\u011flar\u0131n kekik kokan g\u00fczeli \u00c7i\u00e7ekler kadar narin Durgun bir su gibi sakin Ya\u015fam\u0131n, gelece\u011fin goncas\u0131 Pera \u015eimdi arkan\u0131za yaslan\u0131n, sayfay\u0131 \u00e7evirin ve \u015fiirler \u00fclkesine yolculuk i\u00e7in haz\u0131r olun\u2026<\/p>\n","protected":false},"excerpt":{"rendered":"<p>G\u00f6nl\u00fcm\u00fcz\u00fcn kar\u015f\u0131 k\u0131y\u0131s\u0131 Hasretmizin \u00f6te taraf Y\u00fcre\u011fimizin k\u00f6\u015fesi Da\u011flar\u0131n kekik kokan g\u00fczeli \u00c7i\u00e7ekler kadar narin Durgun bir su gibi sakin Ya\u015fam\u0131n, gelece\u011fin goncas\u0131 Pera \u015eimdi arkan\u0131za<span class=\"excerpt-hellip\"> [\u2026]<\/span><\/p>\n","protected":false},"featured_media":0,"template":"","meta":{"_monsterinsights_skip_tracking":false,"_monsterinsights_sitenote_active":false,"_monsterinsights_sitenote_note":"","_monsterinsights_sitenote_category":0},"product_brand":[],"product_cat":[12291,12509],"product_tag":[],"class_list":{"0":"post-753010","1":"product","2":"type-product","3":"status-publish","5":"product_cat-edebiyat","6":"product_cat-siir","7":"pa_cilt-ciltsiz","8":"pa_tur-kitap","9":"pa_yayinevi-platanus-publishing","10":"pa_yazar-hasan-yurdusen","12":"first","13":"instock","14":"sale","15":"shipping-taxable","16":"purchasable","17":"product-type-simple"},"_links":{"self":[{"href":"https:\/\/roveyayinevi.com.tr\/index.php\/wp-json\/wp\/v2\/product\/753010","targetHints":{"allow":["GET"]}}],"collection":[{"href":"https:\/\/roveyayinevi.com.tr\/index.php\/wp-json\/wp\/v2\/product"}],"about":[{"href":"https:\/\/roveyayinevi.com.tr\/index.php\/wp-json\/wp\/v2\/types\/product"}],"wp:attachment":[{"href":"https:\/\/roveyayinevi.com.tr\/index.php\/wp-json\/wp\/v2\/media?parent=753010"}],"wp:term":[{"taxonomy":"product_brand","embeddable":true,"href":"https:\/\/roveyayinevi.com.tr\/index.php\/wp-json\/wp\/v2\/product_brand?post=753010"},{"taxonomy":"product_cat","embeddable":true,"href":"https:\/\/roveyayinevi.com.tr\/index.php\/wp-json\/wp\/v2\/product_cat?post=753010"},{"taxonomy":"product_tag","embeddable":true,"href":"https:\/\/roveyayinevi.com.tr\/index.php\/wp-json\/wp\/v2\/product_tag?post=753010"}],"curies":[{"name":"wp","href":"https:\/\/api.w.org\/{rel}","templated":true}]}}