{"id":753008,"date":"2025-08-28T05:30:52","date_gmt":"2025-08-28T02:30:52","guid":{"rendered":"https:\/\/roveyayinevi.com.tr\/index.php\/urun\/kitap-kurtlari\/"},"modified":"2026-04-16T03:06:37","modified_gmt":"2026-04-16T00:06:37","slug":"kitap-kurtlari","status":"publish","type":"product","link":"https:\/\/roveyayinevi.com.tr\/index.php\/urun\/kitap-kurtlari\/","title":{"rendered":"Kitap Kurtlar\u0131"},"content":{"rendered":"<p>K\u00fc\u00e7\u00fck bir tatil.\u0130ki rakip. Ak\u0131llar\u0131n\u0131n ucuna bile gelmeyen bir a\u015fk.Nora Stephens\u2019\u0131n hayat\u0131 kitaplardan ibarettir. Zira yapt\u0131\u011f\u0131 i\u015f de kitaplarla ilgilidir. Daha do\u011frusu yazarlar\u0131yla&#8230; Ne var ki o, her kitapta tarif edilen tipik kad\u0131n karakterlerden de\u011fildir. Kontrol edemedi\u011fi her \u015feyden nefret eder. Onun i\u00e7in her \u015fey muntazam ve m\u00fckemmel olmal\u0131d\u0131r; hem i\u015finde hem de hayat\u0131nda. Umursad\u0131\u011f\u0131 iki \u015fey vard\u0131r sadece: o da amans\u0131z bir yazar temsilcisi olarak muazzam anla\u015fmalar yapt\u0131\u011f\u0131 m\u00fc\u015fterileri ve biricik k\u00fc\u00e7\u00fck k\u0131z karde\u015fi Libby. \u0130\u015fte bu y\u00fczden Libby ona tatile \u00e7\u0131kmay\u0131 \u00f6nerdi\u011finde onu k\u0131ramaz ve iki k\u0131z karde\u015f en sevdikleri kitab\u0131n ge\u00e7ti\u011fi kasaba olan Sunshine Falls\u2019a do\u011fru yola \u00e7\u0131karlar. Nora bu tatilde her \u015feyi de\u011fi\u015ftirmeye kararl\u0131d\u0131r; \u00e7ay\u0131rlarda piknik yapacak, yak\u0131\u015f\u0131kl\u0131 bir kasaba doktoruyla tan\u0131\u015facak ve onunla doludizgin bir a\u015fk ya\u015fayacakt\u0131r. Fakat hayat k\u00fc\u00e7\u00fck oyunlar\u0131nadevam eder ve bunun yerine onu hi\u00e7 de hazzetmedi\u011fi me\u015fhur edit\u00f6r Charlie Lastra\u2019yla kar\u015f\u0131la\u015ft\u0131r\u0131r. Ve bu iki kitap kurdu hem kendilerini hem de birbirlerini ke\u015ffederekbir dizi tesad\u00fcf\u00fcn onlar\u0131 bir araya getirdi\u011fi hik\u00e2yelerinde \u015fu \u00e2na kadar bildikleri her \u015feyi en ba\u015ftan yazacaklard\u0131r. Tatilde Tan\u0131\u015ft\u0131\u011f\u0131m\u0131z \u0130nsanlar ve K\u0131\u015f Yaza Kavu\u015funca&#8217;n\u0131n sevilen yazar\u0131 Emily Henry&#8217;den bir solukta okuyaca\u011f\u0131n\u0131z muhte\u015fem bir roman daha\u2026<\/p>\n","protected":false},"excerpt":{"rendered":"<p>K\u00fc\u00e7\u00fck bir tatil.\u0130ki rakip. Ak\u0131llar\u0131n\u0131n ucuna bile gelmeyen bir a\u015fk.Nora Stephens\u2019\u0131n hayat\u0131 kitaplardan ibarettir. Zira yapt\u0131\u011f\u0131 i\u015f de kitaplarla ilgilidir. Daha do\u011frusu yazarlar\u0131yla&#8230; Ne var ki<span class=\"excerpt-hellip\"> [\u2026]<\/span><\/p>\n","protected":false},"featured_media":0,"template":"","meta":{"_monsterinsights_skip_tracking":false,"_monsterinsights_sitenote_active":false,"_monsterinsights_sitenote_note":"","_monsterinsights_sitenote_category":0},"product_brand":[],"product_cat":[12291,12711],"product_tag":[],"class_list":{"0":"post-753008","1":"product","2":"type-product","3":"status-publish","5":"product_cat-edebiyat","6":"product_cat-roman-oyku","7":"pa_cilt-ciltsiz","8":"pa_tur-kitap","9":"pa_yayinevi-epsilon-yayinlari","10":"pa_yazar-emily-henry","12":"first","13":"instock","14":"sale","15":"shipping-taxable","16":"purchasable","17":"product-type-simple"},"_links":{"self":[{"href":"https:\/\/roveyayinevi.com.tr\/index.php\/wp-json\/wp\/v2\/product\/753008","targetHints":{"allow":["GET"]}}],"collection":[{"href":"https:\/\/roveyayinevi.com.tr\/index.php\/wp-json\/wp\/v2\/product"}],"about":[{"href":"https:\/\/roveyayinevi.com.tr\/index.php\/wp-json\/wp\/v2\/types\/product"}],"wp:attachment":[{"href":"https:\/\/roveyayinevi.com.tr\/index.php\/wp-json\/wp\/v2\/media?parent=753008"}],"wp:term":[{"taxonomy":"product_brand","embeddable":true,"href":"https:\/\/roveyayinevi.com.tr\/index.php\/wp-json\/wp\/v2\/product_brand?post=753008"},{"taxonomy":"product_cat","embeddable":true,"href":"https:\/\/roveyayinevi.com.tr\/index.php\/wp-json\/wp\/v2\/product_cat?post=753008"},{"taxonomy":"product_tag","embeddable":true,"href":"https:\/\/roveyayinevi.com.tr\/index.php\/wp-json\/wp\/v2\/product_tag?post=753008"}],"curies":[{"name":"wp","href":"https:\/\/api.w.org\/{rel}","templated":true}]}}