{"id":753005,"date":"2025-08-28T05:30:47","date_gmt":"2025-08-28T02:30:47","guid":{"rendered":"https:\/\/roveyayinevi.com.tr\/index.php\/urun\/narnia-gunlukleri-tek-cilt-ozel-baski-ciltli\/"},"modified":"2026-04-16T03:06:37","modified_gmt":"2026-04-16T00:06:37","slug":"narnia-gunlukleri-tek-cilt-ozel-baski-ciltli","status":"publish","type":"product","link":"https:\/\/roveyayinevi.com.tr\/index.php\/urun\/narnia-gunlukleri-tek-cilt-ozel-baski-ciltli\/","title":{"rendered":"Narnia G\u00fcnl\u00fckleri &#8211; Tek Cilt \u00d6zel Bask\u0131 (Ciltli)"},"content":{"rendered":"<p>Narnia G\u00fcnl\u00fckleri\u2019nin klasik olmas\u0131n\u0131 sa\u011flayan en \u00f6nemli \u00f6zelli\u011fi ger\u00e7ekle kurgu aras\u0131nda sa\u011flam bir k\u00f6pr\u00fc kurmas\u0131d\u0131r. Okur ise bu k\u00f6pr\u00fcden her ge\u00e7i\u015finde farkl\u0131 bir manzarayla kar\u015f\u0131la\u015f\u0131r. Bu muhte\u015fem seriyi her okudu\u011fumuzda hik\u00e2yede farkl\u0131 bir ger\u00e7ekli\u011fin ortaya \u00e7\u0131kt\u0131\u011f\u0131n\u0131 g\u00f6r\u00fcr\u00fcz. \u0130\u015fte bu y\u00fczden hayat\u0131m\u0131z\u0131n hangi d\u00f6neminde okursak okuyal\u0131m, bize anlatacaklar\u0131 hi\u00e7 bitmeyen ve d\u00fcnya klasikleri aras\u0131na \u00e7oktan girmi\u015f Narnia G\u00fcnl\u00fckleri\u2019nin tamam\u0131n\u0131n yer ald\u0131\u011f\u0131 bu cilt, hayat\u0131m\u0131z boyunca elimizi b\u0131rakmayacak bir dost gibidir. <\/p>\n","protected":false},"excerpt":{"rendered":"<p>Narnia G\u00fcnl\u00fckleri\u2019nin klasik olmas\u0131n\u0131 sa\u011flayan en \u00f6nemli \u00f6zelli\u011fi ger\u00e7ekle kurgu aras\u0131nda sa\u011flam bir k\u00f6pr\u00fc kurmas\u0131d\u0131r. Okur ise bu k\u00f6pr\u00fcden her ge\u00e7i\u015finde farkl\u0131 bir manzarayla kar\u015f\u0131la\u015f\u0131r. Bu<span class=\"excerpt-hellip\"> [\u2026]<\/span><\/p>\n","protected":false},"featured_media":0,"template":"","meta":{"_monsterinsights_skip_tracking":false,"_monsterinsights_sitenote_active":false,"_monsterinsights_sitenote_note":"","_monsterinsights_sitenote_category":0},"product_brand":[],"product_cat":[12291,12711],"product_tag":[],"class_list":{"0":"post-753005","1":"product","2":"type-product","3":"status-publish","5":"product_cat-edebiyat","6":"product_cat-roman-oyku","7":"pa_cilt-ciltli","8":"pa_tur-kitap","9":"pa_yayinevi-x-libris","10":"pa_yazar-c-s-lewis","12":"first","13":"instock","14":"sale","15":"shipping-taxable","16":"purchasable","17":"product-type-simple"},"_links":{"self":[{"href":"https:\/\/roveyayinevi.com.tr\/index.php\/wp-json\/wp\/v2\/product\/753005","targetHints":{"allow":["GET"]}}],"collection":[{"href":"https:\/\/roveyayinevi.com.tr\/index.php\/wp-json\/wp\/v2\/product"}],"about":[{"href":"https:\/\/roveyayinevi.com.tr\/index.php\/wp-json\/wp\/v2\/types\/product"}],"wp:attachment":[{"href":"https:\/\/roveyayinevi.com.tr\/index.php\/wp-json\/wp\/v2\/media?parent=753005"}],"wp:term":[{"taxonomy":"product_brand","embeddable":true,"href":"https:\/\/roveyayinevi.com.tr\/index.php\/wp-json\/wp\/v2\/product_brand?post=753005"},{"taxonomy":"product_cat","embeddable":true,"href":"https:\/\/roveyayinevi.com.tr\/index.php\/wp-json\/wp\/v2\/product_cat?post=753005"},{"taxonomy":"product_tag","embeddable":true,"href":"https:\/\/roveyayinevi.com.tr\/index.php\/wp-json\/wp\/v2\/product_tag?post=753005"}],"curies":[{"name":"wp","href":"https:\/\/api.w.org\/{rel}","templated":true}]}}