{"id":753004,"date":"2025-08-28T05:30:46","date_gmt":"2025-08-28T02:30:46","guid":{"rendered":"https:\/\/roveyayinevi.com.tr\/index.php\/urun\/minecraft-cennet-testleri\/"},"modified":"2026-04-16T03:06:37","modified_gmt":"2026-04-16T00:06:37","slug":"minecraft-cennet-testleri","status":"publish","type":"product","link":"https:\/\/roveyayinevi.com.tr\/index.php\/urun\/minecraft-cennet-testleri\/","title":{"rendered":"Minecraft &#8211; Cennet Testleri"},"content":{"rendered":"<p>G\u00fcm\u00fc\u015f Me\u015feler Park\u0131\u2019n\u0131n tam ortas\u0131nda do\u011fdum.   Bu diyara ismini Reesa ile birlikte vermi\u015ftik. Asl\u0131nda burada ne g\u00fcm\u00fc\u015f ne de me\u015fe a\u011fa\u00e7lar\u0131 vard\u0131. Ah\u015fap kalaslardan ve sopadan tabela yapmay\u0131 ilk \u00f6\u011frendi\u011fimizde akl\u0131m\u0131za bu isim gelmi\u015fti. Tabelay\u0131 topra\u011fa saplay\u0131p ismi yazm\u0131\u015f ve Minecraft\u2019\u0131n b\u00fcy\u00fck d\u00fcnyas\u0131ndaki kendi \u00f6zel k\u00f6\u015femize bu ad\u0131 vermi\u015ftik.   G\u00fcm\u00fc\u015f Me\u015feler Park\u0131 bizim cennetimiz. Ya da cennetimizdi. \u00c7\u00fcnk\u00fc var olu\u015fundan beri buraya her geldi\u011fimde buldu\u011fum dostluk ve e\u011flencenin yerinde koskoca bir sessizlik var \u015fimdi. Nereye baksam, uzun s\u00fcre de\u011fi\u015fmeyebilecek bir eksiklik kendini hissettiriyor: ben_therese \u00e7evrimd\u0131\u015f\u0131. <\/p>\n","protected":false},"excerpt":{"rendered":"<p>G\u00fcm\u00fc\u015f Me\u015feler Park\u0131\u2019n\u0131n tam ortas\u0131nda do\u011fdum. Bu diyara ismini Reesa ile birlikte vermi\u015ftik. Asl\u0131nda burada ne g\u00fcm\u00fc\u015f ne de me\u015fe a\u011fa\u00e7lar\u0131 vard\u0131. Ah\u015fap kalaslardan ve sopadan<span class=\"excerpt-hellip\"> [\u2026]<\/span><\/p>\n","protected":false},"featured_media":0,"template":"","meta":{"_monsterinsights_skip_tracking":false,"_monsterinsights_sitenote_active":false,"_monsterinsights_sitenote_note":"","_monsterinsights_sitenote_category":0},"product_brand":[],"product_cat":[12291,12711],"product_tag":[],"class_list":{"0":"post-753004","1":"product","2":"type-product","3":"status-publish","5":"product_cat-edebiyat","6":"product_cat-roman-oyku","7":"pa_cilt-ciltsiz","8":"pa_tur-kitap","9":"pa_yayinevi-x-libris","10":"pa_yazar-suyi-davies","12":"first","13":"instock","14":"sale","15":"shipping-taxable","16":"purchasable","17":"product-type-simple"},"_links":{"self":[{"href":"https:\/\/roveyayinevi.com.tr\/index.php\/wp-json\/wp\/v2\/product\/753004","targetHints":{"allow":["GET"]}}],"collection":[{"href":"https:\/\/roveyayinevi.com.tr\/index.php\/wp-json\/wp\/v2\/product"}],"about":[{"href":"https:\/\/roveyayinevi.com.tr\/index.php\/wp-json\/wp\/v2\/types\/product"}],"wp:attachment":[{"href":"https:\/\/roveyayinevi.com.tr\/index.php\/wp-json\/wp\/v2\/media?parent=753004"}],"wp:term":[{"taxonomy":"product_brand","embeddable":true,"href":"https:\/\/roveyayinevi.com.tr\/index.php\/wp-json\/wp\/v2\/product_brand?post=753004"},{"taxonomy":"product_cat","embeddable":true,"href":"https:\/\/roveyayinevi.com.tr\/index.php\/wp-json\/wp\/v2\/product_cat?post=753004"},{"taxonomy":"product_tag","embeddable":true,"href":"https:\/\/roveyayinevi.com.tr\/index.php\/wp-json\/wp\/v2\/product_tag?post=753004"}],"curies":[{"name":"wp","href":"https:\/\/api.w.org\/{rel}","templated":true}]}}