{"id":753002,"date":"2025-08-28T05:30:42","date_gmt":"2025-08-28T02:30:42","guid":{"rendered":"https:\/\/roveyayinevi.com.tr\/index.php\/urun\/minecraft-ada\/"},"modified":"2026-04-16T03:06:36","modified_gmt":"2026-04-16T00:06:36","slug":"minecraft-ada","status":"publish","type":"product","link":"https:\/\/roveyayinevi.com.tr\/index.php\/urun\/minecraft-ada\/","title":{"rendered":"Minecraft &#8211; Ada"},"content":{"rendered":"<p>Bu ilk Minecraft roman\u0131nda gizemli ormanlarla, sakl\u0131 yer alt\u0131 t\u00fcnelleriyle, sald\u0131rgan yarat\u0131klarla ve en \u00f6nemlisi, cesaret ve yarat\u0131c\u0131l\u0131kla dolu Minecraft d\u00fcnyas\u0131na dalmaya haz\u0131r ol. D\u00fcnya \u00e7ap\u0131nda \u00e7ok satan Zombi Sava\u015f\u0131 (World War Z) kitab\u0131n\u0131n yazar\u0131 Max Brooks seni Minecraft sahiline vuran bir kazazedenin muhte\u015fem ser\u00fcvenine davet ediyor. Tehlikeli bir deniz kazas\u0131n\u0131n ard\u0131ndan tek kurtulu\u015f yolu, esrarengiz bir sahile \u00e7\u0131kmakt\u0131r. Ama buras\u0131 da neresi? Ayr\u0131ca, neden her \u015fey bloklardan olu\u015fuyor? T\u00fcm sorular\u0131 cevaplamaya vakit yok. Hava karar\u0131yor! Hayatta kalabilmek i\u00e7in bu yeni ve tuhaf d\u00fcnyay\u0131 ke\u015ffetmek, adan\u0131n gizemlerini \u00e7\u00f6zmek gerekiyor. <\/p>\n","protected":false},"excerpt":{"rendered":"<p>Bu ilk Minecraft roman\u0131nda gizemli ormanlarla, sakl\u0131 yer alt\u0131 t\u00fcnelleriyle, sald\u0131rgan yarat\u0131klarla ve en \u00f6nemlisi, cesaret ve yarat\u0131c\u0131l\u0131kla dolu Minecraft d\u00fcnyas\u0131na dalmaya haz\u0131r ol. D\u00fcnya \u00e7ap\u0131nda<span class=\"excerpt-hellip\"> [\u2026]<\/span><\/p>\n","protected":false},"featured_media":0,"template":"","meta":{"_monsterinsights_skip_tracking":false,"_monsterinsights_sitenote_active":false,"_monsterinsights_sitenote_note":"","_monsterinsights_sitenote_category":0},"product_brand":[],"product_cat":[12291,12711],"product_tag":[],"class_list":{"0":"post-753002","1":"product","2":"type-product","3":"status-publish","5":"product_cat-edebiyat","6":"product_cat-roman-oyku","7":"pa_cilt-ciltsiz","8":"pa_tur-kitap","9":"pa_yayinevi-x-libris","10":"pa_yazar-max-brooks","12":"first","13":"instock","14":"sale","15":"shipping-taxable","16":"purchasable","17":"product-type-simple"},"_links":{"self":[{"href":"https:\/\/roveyayinevi.com.tr\/index.php\/wp-json\/wp\/v2\/product\/753002","targetHints":{"allow":["GET"]}}],"collection":[{"href":"https:\/\/roveyayinevi.com.tr\/index.php\/wp-json\/wp\/v2\/product"}],"about":[{"href":"https:\/\/roveyayinevi.com.tr\/index.php\/wp-json\/wp\/v2\/types\/product"}],"wp:attachment":[{"href":"https:\/\/roveyayinevi.com.tr\/index.php\/wp-json\/wp\/v2\/media?parent=753002"}],"wp:term":[{"taxonomy":"product_brand","embeddable":true,"href":"https:\/\/roveyayinevi.com.tr\/index.php\/wp-json\/wp\/v2\/product_brand?post=753002"},{"taxonomy":"product_cat","embeddable":true,"href":"https:\/\/roveyayinevi.com.tr\/index.php\/wp-json\/wp\/v2\/product_cat?post=753002"},{"taxonomy":"product_tag","embeddable":true,"href":"https:\/\/roveyayinevi.com.tr\/index.php\/wp-json\/wp\/v2\/product_tag?post=753002"}],"curies":[{"name":"wp","href":"https:\/\/api.w.org\/{rel}","templated":true}]}}