{"id":752995,"date":"2025-08-28T05:30:33","date_gmt":"2025-08-28T02:30:33","guid":{"rendered":"https:\/\/roveyayinevi.com.tr\/index.php\/urun\/mikrotonal-gitar-metodu-1-microtonal-guitar-method-vol-1\/"},"modified":"2025-12-30T11:12:12","modified_gmt":"2025-12-30T08:12:12","slug":"mikrotonal-gitar-metodu-1-microtonal-guitar-method-vol-1","status":"publish","type":"product","link":"https:\/\/roveyayinevi.com.tr\/index.php\/urun\/mikrotonal-gitar-metodu-1-microtonal-guitar-method-vol-1\/","title":{"rendered":"Mikrotonal Gitar Metodu 1 \/ Microtonal Guitar Method Vol. 1"},"content":{"rendered":"<p>\u201cNihayet! Modern gitar, binlerce y\u0131ld\u0131r m\u00fckemmel m\u00fczikal ifadenin kayna\u011f\u0131 olan entonasyonun sonsuz inceliklerinin icra edilebildi\u011fi d\u00fcnyan\u0131n d\u00f6rt bir yan\u0131ndaki perdeli kuzenlerinin aras\u0131na art\u0131k kat\u0131labilir. Hareketli perdeler ve de\u011fi\u015ftirilebilir klavyeler gibi \u00e7e\u015fitli modern icatlar\u0131n yan\u0131 s\u0131ra, \u0130talyan R\u00f6nesans\u0131nda tastini olarak bilinen ek perdelerin yeniden canland\u0131r\u0131lmas\u0131yla \u0130ranl\u0131lar\u0131n radifleri, Araplar\u0131n ve T\u00fcrklerin makamlar\u0131 ve Hint ragalar\u0131n\u0131n say\u0131s\u0131z lezzeti art\u0131k parmaklar\u0131n\u0131z\u0131n ucunda.Tolgahan \u00c7o\u011fulu, \u00e7o\u011fu m\u00fczik dilinin temeli olan modal m\u00fcziklerin bu davetk\u00e2r okyanusuna ad\u0131m atmak isteyenler i\u00e7in art\u0131k bize bir rehber getiriyor. Ayarlanabilir mikrotonal gitar\u0131n\u0131 2008 y\u0131l\u0131nda yaratmas\u0131 i\u00e7in ilham veren T\u00fcrk makam kuram\u0131, \u00fc\u00e7 pop\u00fcler makamda et\u00fctler ve repertuvar sa\u011flayarak bu d\u00fcnyaya m\u00fckemmel bir giri\u015fi m\u00fcmk\u00fcn k\u0131l\u0131yor.\u201d Finally! The modern guitar can now join its fretted cousins from around the world in exploring the infinite subtleties of intonation that have been the source of exquisite musical expression for thousands of years. Access to the myriad flavors of Persian radif, Arabic &amp; Turkish makam, and Indian raga are at our fingertips thanks to several modern inventions including sliding frets or interchangeable fingerboards as well as the revival of additional \u2018fretlets\u2019 known as tastini as far back as the Italian Renaissance. Tolgahan \u00c7o\u011fulu now brings us a guide to those wishing to dip their toes into this welcoming ocean of modal music that is the basis for most musical language. The Turkish makam system that inspired him to create his adjustable microtonal guitar (2008) provides the perfect introduction to this world by providing etudes and repertoire in three popular makams. Beginners may tread confidently, as these studies wisely use only three key signatures [E, A, &amp; D], relying on the three lowest guitar strings to firmly ground those who may feel a certain euphoric dizziness when visiting the other slightly displaced notes that may be new to them. But let\u2019s make those mode signatures, since the accurate representation of these pitches require new accidentals. Suddenly, familiar sharp and natural signs have grown thorny appendages with tiny arrows that signal the slight rising or lowering of a note, while the music is also given in tablature, which insures accuracy for those new to these micro-intonations. JOHN SCHNEIDER ***Nihayet! Modern gitar, binlerce y\u0131ld\u0131r m\u00fckemmel m\u00fczikal ifadenin kayna\u011f\u0131 olan entonasyonun sonsuz inceliklerinin icra edilebildi\u011fi d\u00fcnyan\u0131n d\u00f6rt bir yan\u0131ndaki perdeli kuzenlerinin aras\u0131na art\u0131k kat\u0131labilir. Finally! The modern guitar can now join its fretted cousins from around the world in exploring the infinite subtleties of intonation that have been the source of exquisite musical expression for thousands of years.JOHN SCHNEIDER   Metottaki bilgiler ve egzersizler d\u0131\u015f\u0131nda, m\u00fczik de\u011feri olan et\u00fctler ve eserlerin de olmas\u0131, \u00f6\u011frenciye m\u00fczi\u011fi hissetmesi yolunu da a\u00e7acakt\u0131r. Aside from the information and exercises in this book, the addition of studies and works with genuine musical value will also pave the way for students to truly feel the music.MUTLU TORUN Mikrotonal gitar i\u00e7in besteler ve denemeler yapm\u0131\u015f hevesli bir besteci olarak, Tolgahan\u2019\u0131n bu konuda b\u00f6ylesine bilgilendirici ve \u00e7\u0131\u011f\u0131r a\u00e7\u0131c\u0131 bir metin yazm\u0131\u015f olmas\u0131 beni heyecanland\u0131r\u0131yor. As an enthusiastic composer who has experimented and created music for microtonal guitar, I am thrilled that Tolgahan has written such an informative and ground-breaking text on the subject. DUSAN BOGDANOVIC   Tolgahan \u00c7o\u011fulu\u2019nun gitar metodu mikrotonal gitar hakk\u0131nda bilgi edinmek isteyenler i\u00e7in konuyla ilgili geni\u015f bir bilgi derlemesidir. For those interested in learning about microtonal guitar, this guitar method by Tolgahan \u00c7o\u011fulu is a vast compendium of information on the subject.ANDREW YORK   Tolgahan \u00c7o\u011fulu gitar\u0131n ses yelpazesini \u00f6nemli \u00f6l\u00e7\u00fcde geni\u015fletti. En pop\u00fcler enstr\u00fcman olan gitar art\u0131k k\u00fcresel melodilerin t\u00fcm yelpazesine eri\u015febilir ve yeni mikrotonal armonik olas\u0131l\u0131klar ke\u015ffedilebilir. Tolgahan \u00c7o\u011fulu has significantly broadened the sonic landscape of the guitar. This most popular of instruments can now access the entire spectrum of global melodies, and explore new microtonal harmonic possibilities.ARA DINKJIAN   Tolgahan, mikrotonal gitar\u0131n ara\u015ft\u0131rmac\u0131s\u0131, deneycisi, muciti ve virt\u00fc\u00f6z\u00fcd\u00fcr. Tolgahan\u2019dan \u00f6\u011frenece\u011fimiz \u00e7ok \u015fey var ve bu kitab\u0131 yazmas\u0131 beni \u00e7ok mutlu etti. Tolgahan is an explorer, experimenter, inventor and virtuoso of the microtonal guitar. There\u2019s a lot we can learn from Tolgahan \u2013 thank goodness we have his book.STU MACKENZIE   \u00c7ok uzun soluklu ve sistematik bir ara\u015ft\u0131rmay\u0131 i\u00e7eren bu metot, mikrotonal d\u00fcnyan\u0131n kap\u0131lar\u0131n\u0131 a\u00e7arken; gitar\u0131n ve \u00e7okseslili\u011fin olanaklar\u0131n\u0131 zorluyor. This method comprised of very long term and systematic research opens the doors of the microtonal world; pushing the boundaries of guitar and polyphony as we know it.BEK\u0130R K\u00dc\u00c7\u00dcKAY   Tolgahan \u00c7o\u011fulu\u2019nun mikrotonal gitar metodu, sadece mikrotonal gitara ilgi duyup \u00e7almak isteyenlerin de\u011fil, ayn\u0131 zamanda T\u00fcrk M\u00fczi\u011finde makam ve tav\u0131r kavramlar\u0131n\u0131 anlamak isteyen t\u00fcm m\u00fczisyenlerin yararlanabilece\u011fi y\u00fcksek kalitede bir \u00e7al\u0131\u015fma. Tolgahan \u00c7o\u011fulu\u2019s microtonal guitar method is a high-quality work that can be used not only by those who want to learn to play microtonal guitar, but also by all musicians who wish to understand the building blocks of Turkish makam music.KA\u011eAN KORAD <\/p>\n","protected":false},"excerpt":{"rendered":"<p>\u201cNihayet! Modern gitar, binlerce y\u0131ld\u0131r m\u00fckemmel m\u00fczikal ifadenin kayna\u011f\u0131 olan entonasyonun sonsuz inceliklerinin icra edilebildi\u011fi d\u00fcnyan\u0131n d\u00f6rt bir yan\u0131ndaki perdeli kuzenlerinin aras\u0131na art\u0131k kat\u0131labilir. Hareketli perdeler<span class=\"excerpt-hellip\"> [\u2026]<\/span><\/p>\n","protected":false},"featured_media":0,"template":"","meta":{"_monsterinsights_skip_tracking":false,"_monsterinsights_sitenote_active":false,"_monsterinsights_sitenote_note":"","_monsterinsights_sitenote_category":0},"product_brand":[],"product_cat":[14556],"product_tag":[],"class_list":{"0":"post-752995","1":"product","2":"type-product","3":"status-publish","5":"product_cat-muzik","6":"pa_cilt-ciltsiz","7":"pa_tur-kitap","8":"pa_yayinevi-kitapol-yayinlari","9":"pa_yazar-tolgahan-cogulu","11":"first","12":"instock","13":"sale","14":"shipping-taxable","15":"purchasable","16":"product-type-simple"},"_links":{"self":[{"href":"https:\/\/roveyayinevi.com.tr\/index.php\/wp-json\/wp\/v2\/product\/752995","targetHints":{"allow":["GET"]}}],"collection":[{"href":"https:\/\/roveyayinevi.com.tr\/index.php\/wp-json\/wp\/v2\/product"}],"about":[{"href":"https:\/\/roveyayinevi.com.tr\/index.php\/wp-json\/wp\/v2\/types\/product"}],"wp:attachment":[{"href":"https:\/\/roveyayinevi.com.tr\/index.php\/wp-json\/wp\/v2\/media?parent=752995"}],"wp:term":[{"taxonomy":"product_brand","embeddable":true,"href":"https:\/\/roveyayinevi.com.tr\/index.php\/wp-json\/wp\/v2\/product_brand?post=752995"},{"taxonomy":"product_cat","embeddable":true,"href":"https:\/\/roveyayinevi.com.tr\/index.php\/wp-json\/wp\/v2\/product_cat?post=752995"},{"taxonomy":"product_tag","embeddable":true,"href":"https:\/\/roveyayinevi.com.tr\/index.php\/wp-json\/wp\/v2\/product_tag?post=752995"}],"curies":[{"name":"wp","href":"https:\/\/api.w.org\/{rel}","templated":true}]}}