{"id":752993,"date":"2025-08-28T05:30:29","date_gmt":"2025-08-28T02:30:29","guid":{"rendered":"https:\/\/roveyayinevi.com.tr\/index.php\/urun\/canan-aramizda-bir-adindi\/"},"modified":"2026-04-16T03:06:36","modified_gmt":"2026-04-16T00:06:36","slug":"canan-aramizda-bir-adindi","status":"publish","type":"product","link":"https:\/\/roveyayinevi.com.tr\/index.php\/urun\/canan-aramizda-bir-adindi\/","title":{"rendered":"Canan Aram\u0131zda Bir Ad\u0131nd\u0131"},"content":{"rendered":"<p>Elinizdeki kitap 1860&#8217;tan 1960&#8217;a uzanan s\u00fcre\u00e7te \u015fiir t\u00fcr\u00fc \u00fczerinden sevgilileri incelemektedir: 100 y\u0131ll\u0131k bir zaman dilimi, 90 \u015fair, y\u00fczlerce \u015fiir ve onlarca sevgili. \u015eiir, tarihi \u00e7ok eskiye dayanan kadim bir t\u00fcrd\u00fcr. A\u015fk ise hemen her \u015fair taraf\u0131ndan ele al\u0131nan bir konudur. Dolay\u0131s\u0131yla sevgili, zaman i\u00e7inde \u015fiir t\u00fcr\u00fcn\u00fcn de\u011fi\u015fmez akt\u00f6rlerinden biri olmu\u015ftur. 19.y\u00fczy\u0131l\u0131n ikinci yar\u0131s\u0131ndan g\u00fcn\u00fcm\u00fcze kadar gelen s\u00fcre\u00e7te insana ait de\u011fer ve alg\u0131lar\u0131n de\u011fi\u015fti\u011fi, bu de\u011fi\u015fimin \u00f6yle veya b\u00f6yle \u015fiirlere aksetti\u011fi rahatl\u0131kla s\u00f6ylenebilir. Hayat b\u00fct\u00fcn\u00fcyle de\u011fi\u015firken \u015fiirlerdeki sevgililerin de d\u00f6n\u00fc\u015f\u00fcm ge\u00e7irmesi ka\u00e7\u0131n\u0131lmaz olmu\u015ftur.Ara\u015ft\u0131rmada bazen kolektif bir d\u00fc\u015f\u00fcncenin \u00fcr\u00fcn\u00fc ama daha \u00e7ok bireysel tercihlerin bir sonucu olarak \u015fiirde yans\u0131ma bulan sevgililerin birbirine benzeyen ve birbirinden ayr\u0131lan y\u00f6nleri tespit edilerek kronolojik bir ak\u0131\u015f i\u00e7erisinde sunuluyor. Sevgilinin te\u015fekk\u00fcl\u00fcnde sosyal, siyasal, k\u00fclt\u00fcrel ve ekonomik etkilerin yan\u0131nda biyografik tecr\u00fcbelerin de b\u00fcy\u00fck tesiri oldu\u011funa dikkat \u00e7eken Ali Sait Ya\u011far, sevgiliyi yaln\u0131zca erkek ve kad\u0131nda de\u011fil insan d\u0131\u015f\u0131 varl\u0131klarda da aram\u0131\u015ft\u0131r. \u015eiir k\u00fclliyatlar\u0131n\u0131 bir b\u00fct\u00fcn olarak de\u011ferlendiren yazar, bireysel hassasiyetleri ortaya koydu\u011fu kadar nesillerin duyu\u015f ve d\u00fc\u015f\u00fcn\u00fc\u015f tarzlar\u0131ndaki benzerliklere ve ayr\u0131l\u0131klara da \u0131\u015f\u0131k tutuyor. Sevgilinin i\u015fleni\u015f ve alg\u0131lan\u0131\u015f \u015fekillerinde soyuttan somuta, genelden \u00f6zele bir e\u011filim oldu\u011funu saptayan kitap, sevgilinin \u015fiir platformunda ya\u015fad\u0131\u011f\u0131 de\u011fi\u015fimi okura sunuyor. Ezelden beri varl\u0131\u011f\u0131n\u0131 s\u00fcrd\u00fcren a\u015fk oyunu devam etmektedir; fakat oyun art\u0131k ayn\u0131 oyuncular taraf\u0131ndan oynanmamaktad\u0131r.<\/p>\n","protected":false},"excerpt":{"rendered":"<p>Elinizdeki kitap 1860&#8217;tan 1960&#8217;a uzanan s\u00fcre\u00e7te \u015fiir t\u00fcr\u00fc \u00fczerinden sevgilileri incelemektedir: 100 y\u0131ll\u0131k bir zaman dilimi, 90 \u015fair, y\u00fczlerce \u015fiir ve onlarca sevgili. \u015eiir, tarihi \u00e7ok<span class=\"excerpt-hellip\"> [\u2026]<\/span><\/p>\n","protected":false},"featured_media":0,"template":"","meta":{"_monsterinsights_skip_tracking":false,"_monsterinsights_sitenote_active":false,"_monsterinsights_sitenote_note":"","_monsterinsights_sitenote_category":0},"product_brand":[],"product_cat":[13072,12291],"product_tag":[],"class_list":{"0":"post-752993","1":"product","2":"type-product","3":"status-publish","5":"product_cat-arastirma-inceleme-referans","6":"product_cat-edebiyat","7":"pa_cilt-ciltsiz","8":"pa_tur-kitap","9":"pa_yayinevi-otuken-nesriyat","10":"pa_yazar-ali-sait-yagar","12":"first","13":"instock","14":"sale","15":"shipping-taxable","16":"purchasable","17":"product-type-simple"},"_links":{"self":[{"href":"https:\/\/roveyayinevi.com.tr\/index.php\/wp-json\/wp\/v2\/product\/752993","targetHints":{"allow":["GET"]}}],"collection":[{"href":"https:\/\/roveyayinevi.com.tr\/index.php\/wp-json\/wp\/v2\/product"}],"about":[{"href":"https:\/\/roveyayinevi.com.tr\/index.php\/wp-json\/wp\/v2\/types\/product"}],"wp:attachment":[{"href":"https:\/\/roveyayinevi.com.tr\/index.php\/wp-json\/wp\/v2\/media?parent=752993"}],"wp:term":[{"taxonomy":"product_brand","embeddable":true,"href":"https:\/\/roveyayinevi.com.tr\/index.php\/wp-json\/wp\/v2\/product_brand?post=752993"},{"taxonomy":"product_cat","embeddable":true,"href":"https:\/\/roveyayinevi.com.tr\/index.php\/wp-json\/wp\/v2\/product_cat?post=752993"},{"taxonomy":"product_tag","embeddable":true,"href":"https:\/\/roveyayinevi.com.tr\/index.php\/wp-json\/wp\/v2\/product_tag?post=752993"}],"curies":[{"name":"wp","href":"https:\/\/api.w.org\/{rel}","templated":true}]}}