{"id":752992,"date":"2025-08-28T05:30:28","date_gmt":"2025-08-28T02:30:28","guid":{"rendered":"https:\/\/roveyayinevi.com.tr\/index.php\/urun\/aziz-sancardan-bilim-ve-ulusal-kalkinma-uzerine-aforizmalar\/"},"modified":"2026-04-16T03:06:36","modified_gmt":"2026-04-16T00:06:36","slug":"aziz-sancardan-bilim-ve-ulusal-kalkinma-uzerine-aforizmalar","status":"publish","type":"product","link":"https:\/\/roveyayinevi.com.tr\/index.php\/urun\/aziz-sancardan-bilim-ve-ulusal-kalkinma-uzerine-aforizmalar\/","title":{"rendered":"Aziz Sancar&#8217;dan Bilim ve Ulusal Kalk\u0131nma \u00dczerine Aforizmalar"},"content":{"rendered":"<p>\u201cEl\u015fen 2015&#8217;ten beri \u00e7e\u015fitli ortamlarda T\u00fcrk D\u00fcnyas\u0131&#8217;nda bilim, T\u00fcrk Birli\u011fi ve vatan sevgisi ile Atat\u00fcrk ve T\u00fcrkiye Cumhuriyeti hakk\u0131nda s\u00f6ylediklerimi bu \u201cAforizmalar\u201dda derledi ve ona onay\u0131m\u0131 ve \u015f\u00fckranlar\u0131m\u0131 bildirdim. Her ikimiz umar\u0131z ki, \u201cAforizmalar\u201d T\u00fcrkiye Cumhuriyeti&#8217;nin 100. y\u0131ld\u00f6n\u00fcm\u00fcnde yaln\u0131z T\u00fcrkiye&#8217;nin de\u011fil, t\u00fcm T\u00fcrk D\u00fcnyas\u0131&#8217;n\u0131n gelecek ku\u015faklar\u0131na faydal\u0131 olur.Tanr\u0131 T\u00fcrk\u00fc Korusun!\u201dAziz SANCAR \u201cMuhterem okur!Bu kitap, T\u00fcrk D\u00fcnyas\u0131&#8217;ndan bilim dal\u0131nda ilk Nobel \u00d6d\u00fcl\u00fc&#8217;n\u00fc kazanm\u0131\u015f Prof. Dr. Aziz Sancar&#8217;\u0131n \u00e7e\u015fitli toplant\u0131lardaki konu\u015fmalar\u0131ndan, kaleme ald\u0131\u011f\u0131 yaz\u0131lar\u0131ndan ve verdi\u011fi r\u00f6portajlar\u0131ndan derlenerek haz\u0131rlanm\u0131\u015ft\u0131r. Sn. Sancar, bir\u00e7o\u011funa \u015fahsen kat\u0131ld\u0131\u011f\u0131m, organize etti\u011fim veya vesile oldu\u011fum T\u00fcrk Cumhuriyetleri&#8217;ndeki konu\u015fmalar\u0131nda genel olarak hep bilim ve ulusal kalk\u0131nma konusuna vurgu yapt\u0131, gen\u00e7lerimizi ve \u00e7ocuklar\u0131m\u0131z\u0131 bilim yapmaya te\u015fvik etti ve hala da etmektedir.Sn. Aziz Sancar, ben T\u00fcrkiye Cumhuriyeti&#8217;nin eseriyim diyor. Bende Atat\u00fcrk ve arkada\u015flar\u0131n\u0131n T\u00fcrk D\u00fcnyas\u0131&#8217;na en b\u00fcy\u00fck hizmetinin T\u00fcrkiye Cumhuriyeti&#8217;ni kurmalar\u0131 oldu\u011funu d\u00fc\u015f\u00fcn\u00fcyorum. Onun i\u00e7in de, bu kitab\u0131 y\u00fcksek onur ve sorumluluk duygusuyla T\u00fcrkiye Cumhuriyeti&#8217;nin 100. y\u0131l\u0131na ithaf ediyorum.\u201dEl\u015fen BA\u011eIRZADE<\/p>\n","protected":false},"excerpt":{"rendered":"<p>\u201cEl\u015fen 2015&#8217;ten beri \u00e7e\u015fitli ortamlarda T\u00fcrk D\u00fcnyas\u0131&#8217;nda bilim, T\u00fcrk Birli\u011fi ve vatan sevgisi ile Atat\u00fcrk ve T\u00fcrkiye Cumhuriyeti hakk\u0131nda s\u00f6ylediklerimi bu \u201cAforizmalar\u201dda derledi ve ona onay\u0131m\u0131<span class=\"excerpt-hellip\"> [\u2026]<\/span><\/p>\n","protected":false},"featured_media":0,"template":"","meta":{"_monsterinsights_skip_tracking":false,"_monsterinsights_sitenote_active":false,"_monsterinsights_sitenote_note":"","_monsterinsights_sitenote_category":0},"product_brand":[],"product_cat":[75065,12291],"product_tag":[],"class_list":{"0":"post-752992","1":"product","2":"type-product","3":"status-publish","5":"product_cat-aforizmalar","6":"product_cat-edebiyat","7":"pa_cilt-ciltsiz","8":"pa_tur-kitap","9":"pa_yayinevi-otuken-nesriyat","10":"pa_yazar-aziz-sancar","12":"first","13":"instock","14":"sale","15":"shipping-taxable","16":"purchasable","17":"product-type-simple"},"_links":{"self":[{"href":"https:\/\/roveyayinevi.com.tr\/index.php\/wp-json\/wp\/v2\/product\/752992","targetHints":{"allow":["GET"]}}],"collection":[{"href":"https:\/\/roveyayinevi.com.tr\/index.php\/wp-json\/wp\/v2\/product"}],"about":[{"href":"https:\/\/roveyayinevi.com.tr\/index.php\/wp-json\/wp\/v2\/types\/product"}],"wp:attachment":[{"href":"https:\/\/roveyayinevi.com.tr\/index.php\/wp-json\/wp\/v2\/media?parent=752992"}],"wp:term":[{"taxonomy":"product_brand","embeddable":true,"href":"https:\/\/roveyayinevi.com.tr\/index.php\/wp-json\/wp\/v2\/product_brand?post=752992"},{"taxonomy":"product_cat","embeddable":true,"href":"https:\/\/roveyayinevi.com.tr\/index.php\/wp-json\/wp\/v2\/product_cat?post=752992"},{"taxonomy":"product_tag","embeddable":true,"href":"https:\/\/roveyayinevi.com.tr\/index.php\/wp-json\/wp\/v2\/product_tag?post=752992"}],"curies":[{"name":"wp","href":"https:\/\/api.w.org\/{rel}","templated":true}]}}