{"id":752984,"date":"2025-08-28T05:30:14","date_gmt":"2025-08-28T02:30:14","guid":{"rendered":"https:\/\/roveyayinevi.com.tr\/index.php\/urun\/kalan-fotograflar\/"},"modified":"2026-04-16T03:06:36","modified_gmt":"2026-04-16T00:06:36","slug":"kalan-fotograflar","status":"publish","type":"product","link":"https:\/\/roveyayinevi.com.tr\/index.php\/urun\/kalan-fotograflar\/","title":{"rendered":"Kalan Foto\u011fraflar"},"content":{"rendered":"<p>Bir evim var \u015fimdi k\u00fc\u00e7\u00fck ve ala G\u00fcnl\u00fck g\u00fcne\u015flik bah\u00e7esi \u00c7ocuklar penceresine s\u0131\u011fm\u0131yor Ku\u015flar bile s\u0131\u011fm\u0131yor   G\u00f6ky\u00fcz\u00fc oyna\u015f\u0131yor bah\u00e7ede Bir \u015feyler eksik kal\u0131yor yine de \u00c7o\u011fal\u0131yor hayat\u0131mda eksi Dizlerim karn\u0131ma \u00e7ekerek s\u0131\u011f\u0131nd\u0131\u011f\u0131m evim hala \u00e7ocuklu\u011fumun penceresi <\/p>\n","protected":false},"excerpt":{"rendered":"<p>Bir evim var \u015fimdi k\u00fc\u00e7\u00fck ve ala G\u00fcnl\u00fck g\u00fcne\u015flik bah\u00e7esi \u00c7ocuklar penceresine s\u0131\u011fm\u0131yor Ku\u015flar bile s\u0131\u011fm\u0131yor G\u00f6ky\u00fcz\u00fc oyna\u015f\u0131yor bah\u00e7ede Bir \u015feyler eksik kal\u0131yor yine de \u00c7o\u011fal\u0131yor<span class=\"excerpt-hellip\"> [\u2026]<\/span><\/p>\n","protected":false},"featured_media":0,"template":"","meta":{"_monsterinsights_skip_tracking":false,"_monsterinsights_sitenote_active":false,"_monsterinsights_sitenote_note":"","_monsterinsights_sitenote_category":0},"product_brand":[],"product_cat":[12291,12509],"product_tag":[],"class_list":{"0":"post-752984","1":"product","2":"type-product","3":"status-publish","5":"product_cat-edebiyat","6":"product_cat-siir","7":"pa_cilt-ciltsiz","8":"pa_tur-kitap","9":"pa_yayinevi-nitelik-kitap","10":"pa_yazar-babur-pinar","12":"first","13":"instock","14":"sale","15":"shipping-taxable","16":"purchasable","17":"product-type-simple"},"_links":{"self":[{"href":"https:\/\/roveyayinevi.com.tr\/index.php\/wp-json\/wp\/v2\/product\/752984","targetHints":{"allow":["GET"]}}],"collection":[{"href":"https:\/\/roveyayinevi.com.tr\/index.php\/wp-json\/wp\/v2\/product"}],"about":[{"href":"https:\/\/roveyayinevi.com.tr\/index.php\/wp-json\/wp\/v2\/types\/product"}],"wp:attachment":[{"href":"https:\/\/roveyayinevi.com.tr\/index.php\/wp-json\/wp\/v2\/media?parent=752984"}],"wp:term":[{"taxonomy":"product_brand","embeddable":true,"href":"https:\/\/roveyayinevi.com.tr\/index.php\/wp-json\/wp\/v2\/product_brand?post=752984"},{"taxonomy":"product_cat","embeddable":true,"href":"https:\/\/roveyayinevi.com.tr\/index.php\/wp-json\/wp\/v2\/product_cat?post=752984"},{"taxonomy":"product_tag","embeddable":true,"href":"https:\/\/roveyayinevi.com.tr\/index.php\/wp-json\/wp\/v2\/product_tag?post=752984"}],"curies":[{"name":"wp","href":"https:\/\/api.w.org\/{rel}","templated":true}]}}