{"id":752983,"date":"2025-08-28T05:30:13","date_gmt":"2025-08-28T02:30:13","guid":{"rendered":"https:\/\/roveyayinevi.com.tr\/index.php\/urun\/cesaret-hep-yanimda\/"},"modified":"2026-04-16T03:06:36","modified_gmt":"2026-04-16T00:06:36","slug":"cesaret-hep-yanimda","status":"publish","type":"product","link":"https:\/\/roveyayinevi.com.tr\/index.php\/urun\/cesaret-hep-yanimda\/","title":{"rendered":"Cesaret Hep Yan\u0131mda"},"content":{"rendered":"<p>Mahremiyet, akran zorbal\u0131\u011f\u0131 gibi \u00e7ocuk geli\u015fimindeki hassas ve \u00f6nemli konular\u0131 ba\u015far\u0131l\u0131 \u015fekilde kitaplar\u0131nda i\u015fleyen Do\u00e7. Dr. Saniye Bencik Kangal, bu kez bizi i\u00e7 d\u00fcnyam\u0131z\u0131n derinliklerine do\u011fru bir yolculu\u011fa \u00e7\u0131kar\u0131yor. Bu yolculukta bize, k\u00fc\u00e7\u00fck ya\u015flardan itibaren i\u00e7 d\u00fcnyam\u0131zda \u015fekillenen CESARET ve KORKU duygular\u0131 e\u015flik edecek.   *** Acaba CESARET nerede? Onu ar\u0131yoruz her yerde.   Aa, bulduk i\u015fte, buradaym\u0131\u015f! Me\u011fer KORKU\u2019yla yan yanaym\u0131\u015f.   CESARET gitme, hep yan\u0131m\u0131zda kal. Ama KORKU\u2019yu da yan\u0131na al, \u0130kinize de ihtiyac\u0131m\u0131z var.   CESARET ve KORKU bu kitapla \u0130\u00e7 du\u0308nyam\u0131za \u0131\u015f\u0131k tutacak. Bakal\u0131m bu ikili Bize ba\u015fka neler anlatacak\u2026   ***   Soru: Korku ve cesaret dengeli olmal\u0131 m\u0131d\u0131r? Neden? Tema: Kim oldu\u011fumuz Kavramlar ve Anahtar S\u00f6zc\u00fckler: DUYGULAR, duygu y\u00f6netimi, korku, cesaret, K\u0130\u015e\u0130SEL GEL\u0130\u015e\u0130M, kendini tan\u0131ma, olumlu d\u00fc\u015f\u00fcnme Tutum ve De\u011ferler: G\u00fcven, ba\u011f\u0131ms\u0131z davranma, \u00f6z denetim Profil \u00d6\u011feleri: Dengeli, d\u00f6n\u00fc\u015f\u00fcml\u00fc d\u00fc\u015f\u00fcnen      K\u0130TAPTAN Ah bir bulsam \u015fu cesareti, nerede acaba? B\u00f6ylece hi\u00e7 korkmazd\u0131m karanl\u0131k olunca, \u0130rkilmezdim ani sesler duyunca.   ***   Bakt\u0131m ki Cesaret kar\u015f\u0131mda, Hemen s\u00f6ylenmeye ba\u015flad\u0131m ona. \u201cSana en \u00e7ok ihtiyac\u0131m olan zamanlarda Ortadan kayboluyorsun, g\u00f6ru\u0308nmu\u0308yorsun bana.\u201d   ***   \u201cHerkesin i\u00e7 du\u0308nyas\u0131nda var\u0131m ben asl\u0131nda, Korkusuzum diyenlere sen inanma. Korku olmadan cesaret \u00e7\u0131kmaz kar\u015f\u0131na.\u201d <\/p>\n","protected":false},"excerpt":{"rendered":"<p>Mahremiyet, akran zorbal\u0131\u011f\u0131 gibi \u00e7ocuk geli\u015fimindeki hassas ve \u00f6nemli konular\u0131 ba\u015far\u0131l\u0131 \u015fekilde kitaplar\u0131nda i\u015fleyen Do\u00e7. Dr. Saniye Bencik Kangal, bu kez bizi i\u00e7 d\u00fcnyam\u0131z\u0131n derinliklerine do\u011fru<span class=\"excerpt-hellip\"> [\u2026]<\/span><\/p>\n","protected":false},"featured_media":0,"template":"","meta":{"_monsterinsights_skip_tracking":false,"_monsterinsights_sitenote_active":false,"_monsterinsights_sitenote_note":"","_monsterinsights_sitenote_category":0},"product_brand":[],"product_cat":[12274,12284],"product_tag":[],"class_list":{"0":"post-752983","1":"product","2":"type-product","3":"status-publish","5":"product_cat-cocuk-ve-genclik-kitaplari","6":"product_cat-hikayeler","7":"pa_cilt-ciltsiz","8":"pa_tur-kitap","9":"pa_yayinevi-turta-kitap","10":"pa_yazar-saniye-bencik-kangal","12":"first","13":"instock","14":"sale","15":"shipping-taxable","16":"purchasable","17":"product-type-simple"},"_links":{"self":[{"href":"https:\/\/roveyayinevi.com.tr\/index.php\/wp-json\/wp\/v2\/product\/752983","targetHints":{"allow":["GET"]}}],"collection":[{"href":"https:\/\/roveyayinevi.com.tr\/index.php\/wp-json\/wp\/v2\/product"}],"about":[{"href":"https:\/\/roveyayinevi.com.tr\/index.php\/wp-json\/wp\/v2\/types\/product"}],"wp:attachment":[{"href":"https:\/\/roveyayinevi.com.tr\/index.php\/wp-json\/wp\/v2\/media?parent=752983"}],"wp:term":[{"taxonomy":"product_brand","embeddable":true,"href":"https:\/\/roveyayinevi.com.tr\/index.php\/wp-json\/wp\/v2\/product_brand?post=752983"},{"taxonomy":"product_cat","embeddable":true,"href":"https:\/\/roveyayinevi.com.tr\/index.php\/wp-json\/wp\/v2\/product_cat?post=752983"},{"taxonomy":"product_tag","embeddable":true,"href":"https:\/\/roveyayinevi.com.tr\/index.php\/wp-json\/wp\/v2\/product_tag?post=752983"}],"curies":[{"name":"wp","href":"https:\/\/api.w.org\/{rel}","templated":true}]}}