{"id":752981,"date":"2025-08-28T05:30:10","date_gmt":"2025-08-28T02:30:10","guid":{"rendered":"https:\/\/roveyayinevi.com.tr\/index.php\/urun\/guclu-kadinin-el-kitabi\/"},"modified":"2026-04-07T03:11:17","modified_gmt":"2026-04-07T00:11:17","slug":"guclu-kadinin-el-kitabi","status":"publish","type":"product","link":"https:\/\/roveyayinevi.com.tr\/index.php\/urun\/guclu-kadinin-el-kitabi\/","title":{"rendered":"G\u00fc\u00e7l\u00fc Kad\u0131n\u0131n El Kitab\u0131"},"content":{"rendered":"<p>Sadece kendine ait olan bir karaktere sahipsin bu nedenle kitab\u0131n\u0131 okurken bir yandan okuduklar\u0131n\u0131 kendine uyarlaman\u0131 istiyorum. Arka sayfada her b\u00f6l\u00fcm\u00fcn kendine ait bo\u015f sayfalar\u0131 var. Bu sayfalar okudu\u011fun her b\u00f6l\u00fcm\u00fc kendine \u00f6zel k\u0131lman i\u00e7in yap\u0131ld\u0131.   Her b\u00f6l\u00fcm\u00fc okuduktan sonra kendi hayat\u0131nda yapman gereken de\u011fi\u015fiklikleri, kendi planlar\u0131n\u0131 ya da b\u00f6l\u00fcm\u00fc okurken akl\u0131na gelen her \u015feyi bu sayfalara yazman\u0131 istiyorum. B\u00f6l\u00fcmlerin i\u00e7erisinde de ne yazman\u0131 istedi\u011fimle ilgili seni bilgilendiriyor olaca\u011f\u0131m. Buralardan da fikir alabilirsin. Kendini bir kitap okuyor gibi de\u011fil, muhte\u015fem bir de\u011fi\u015fim yolculu\u011funa \u00e7\u0131k\u0131yor gibi hissetmeni istiyorum. \u0130\u00e7inde o k\u0131p\u0131rt\u0131y\u0131 besledi\u011fini umuyorum. \u0130nan\u0131yorum ki bu kitap bitti\u011finde kendindeki de\u011fi\u015fimi sen de g\u00f6receksin.   Ben \u00e7ok heyecanl\u0131y\u0131m. Senin de heyecanl\u0131 oldu\u011funu biliyorum.   Hadi ba\u015flayal\u0131m&#8230; <\/p>\n","protected":false},"excerpt":{"rendered":"<p>Sadece kendine ait olan bir karaktere sahipsin bu nedenle kitab\u0131n\u0131 okurken bir yandan okuduklar\u0131n\u0131 kendine uyarlaman\u0131 istiyorum. Arka sayfada her b\u00f6l\u00fcm\u00fcn kendine ait bo\u015f sayfalar\u0131 var.<span class=\"excerpt-hellip\"> [\u2026]<\/span><\/p>\n","protected":false},"featured_media":0,"template":"","meta":{"_monsterinsights_skip_tracking":false,"_monsterinsights_sitenote_active":false,"_monsterinsights_sitenote_note":"","_monsterinsights_sitenote_category":0},"product_brand":[],"product_cat":[12364,12376],"product_tag":[],"class_list":{"0":"post-752981","1":"product","2":"type-product","3":"status-publish","5":"product_cat-genel-konular","6":"product_cat-kisisel-gelisim","7":"pa_cilt-ciltsiz","8":"pa_tur-kitap","9":"pa_yayinevi-doksan-dokuz-yayinlari","10":"pa_yazar-sibel-koyuncu","12":"first","13":"instock","14":"sale","15":"shipping-taxable","16":"purchasable","17":"product-type-simple"},"_links":{"self":[{"href":"https:\/\/roveyayinevi.com.tr\/index.php\/wp-json\/wp\/v2\/product\/752981","targetHints":{"allow":["GET"]}}],"collection":[{"href":"https:\/\/roveyayinevi.com.tr\/index.php\/wp-json\/wp\/v2\/product"}],"about":[{"href":"https:\/\/roveyayinevi.com.tr\/index.php\/wp-json\/wp\/v2\/types\/product"}],"wp:attachment":[{"href":"https:\/\/roveyayinevi.com.tr\/index.php\/wp-json\/wp\/v2\/media?parent=752981"}],"wp:term":[{"taxonomy":"product_brand","embeddable":true,"href":"https:\/\/roveyayinevi.com.tr\/index.php\/wp-json\/wp\/v2\/product_brand?post=752981"},{"taxonomy":"product_cat","embeddable":true,"href":"https:\/\/roveyayinevi.com.tr\/index.php\/wp-json\/wp\/v2\/product_cat?post=752981"},{"taxonomy":"product_tag","embeddable":true,"href":"https:\/\/roveyayinevi.com.tr\/index.php\/wp-json\/wp\/v2\/product_tag?post=752981"}],"curies":[{"name":"wp","href":"https:\/\/api.w.org\/{rel}","templated":true}]}}