{"id":752980,"date":"2025-08-28T05:30:08","date_gmt":"2025-08-28T02:30:08","guid":{"rendered":"https:\/\/roveyayinevi.com.tr\/index.php\/urun\/musfika\/"},"modified":"2026-04-16T03:06:36","modified_gmt":"2026-04-16T00:06:36","slug":"musfika","status":"publish","type":"product","link":"https:\/\/roveyayinevi.com.tr\/index.php\/urun\/musfika\/","title":{"rendered":"M\u00fc\u015ffika"},"content":{"rendered":"<p>Birini veya birilerini kaybetmeden, kaybetmenin derin ve sonsuz ac\u0131s\u0131n\u0131 y\u00fcre\u011finde hissedemez insanlar \u00e7\u00fcnk\u00fc insano\u011flu tecr\u00fcbe ederek \u00f6\u011frenir her olguyu. Bazen bir oyunca\u011f\u0131n\u0131, bazen maddiyat\u0131n\u0131, bazen maneviyat\u0131n\u0131 ve bazen de en yak\u0131nlar\u0131ndan biri avucundan kay\u0131p gitmeden, insanlar anlayamaz o elinin alt\u0131ndakilerinin de\u011ferini. Baz\u0131 insanlar\u0131n k\u0131ymetini, onlar\u0131 kaybedince anlayacaks\u0131n\u0131z&#8230;   \u00dc\u00e7 g\u00fcnl\u00fck d\u00fcnya hayat\u0131nda, elimizden geldi\u011fince kimseyi \u00fczmemeye \u00f6zen g\u00f6stermeliyiz. Bug\u00fcn hayat\u0131m\u0131zda olanlar, bir vakit sonra hayat\u0131m\u0131zdan \u00e7\u0131kabilir ve sonsuza kadar g\u00f6rmeyebiliriz onlar\u0131. Bu y\u00fczdendir ki sakin ve sa\u011fduyulu olmakta fayda vard\u0131r \u00e7\u00fcnk\u00fc fevri hareketlerden ka\u00e7\u0131n\u0131p, konu\u015farak halletmeliyiz b\u00fct\u00fcn olumsuzluklar\u0131.   Mutlu olmak ve insanlar\u0131 mutlu etmek kolayd\u0131r asl\u0131nda, onlar\u0131 dinlemek ve onlarla konu\u015fmak, insanlar i\u00e7in en g\u00fczel terapidir. Ya\u015fam ko\u015fullar\u0131 ve co\u011frafyam\u0131z elbette ki zordur mutluluk i\u00e7in ama bu de\u011fildir ki her olumsuzlukta boynumuzu b\u00fck\u00fcp, pes edece\u011fiz. Son nefesimize kadar \u00e7abalayaca\u011f\u0131z ama\u00e7lar\u0131m\u0131z i\u00e7in \u00e7\u00fcnk\u00fc erdemli bir insana durmak yak\u0131\u015fmaz ve \u00f6n\u00fcm\u00fcze \u00e7\u0131kan engelleri birer birer atlatman\u0131n yollar\u0131n\u0131 arayaca\u011f\u0131z.   Bu kitab\u0131m\u0131zda insanlar\u0131n hatalar\u0131n\u0131, olumlu ve olumsuz davran\u0131\u015flar\u0131n\u0131 detayl\u0131ca anlatt\u0131k ve bu durumdan nas\u0131l do\u011fru yola \u00e7\u0131kaca\u011f\u0131m\u0131za de\u011findik. Eksikliklerimiz ve yanl\u0131\u015flar\u0131m\u0131z varsa da aff\u0131n\u0131za s\u0131\u011f\u0131n\u0131yorum, sevgi ve sayg\u0131lar\u0131mla&#8230; <\/p>\n","protected":false},"excerpt":{"rendered":"<p>Birini veya birilerini kaybetmeden, kaybetmenin derin ve sonsuz ac\u0131s\u0131n\u0131 y\u00fcre\u011finde hissedemez insanlar \u00e7\u00fcnk\u00fc insano\u011flu tecr\u00fcbe ederek \u00f6\u011frenir her olguyu. Bazen bir oyunca\u011f\u0131n\u0131, bazen maddiyat\u0131n\u0131, bazen maneviyat\u0131n\u0131<span class=\"excerpt-hellip\"> [\u2026]<\/span><\/p>\n","protected":false},"featured_media":0,"template":"","meta":{"_monsterinsights_skip_tracking":false,"_monsterinsights_sitenote_active":false,"_monsterinsights_sitenote_note":"","_monsterinsights_sitenote_category":0},"product_brand":[],"product_cat":[12777,12291],"product_tag":[],"class_list":{"0":"post-752980","1":"product","2":"type-product","3":"status-publish","5":"product_cat-deneme","6":"product_cat-edebiyat","7":"pa_cilt-ciltsiz","8":"pa_tur-kitap","9":"pa_yayinevi-doksan-dokuz-yayinlari","10":"pa_yazar-savas-yilmaz","12":"first","13":"instock","14":"sale","15":"shipping-taxable","16":"purchasable","17":"product-type-simple"},"_links":{"self":[{"href":"https:\/\/roveyayinevi.com.tr\/index.php\/wp-json\/wp\/v2\/product\/752980","targetHints":{"allow":["GET"]}}],"collection":[{"href":"https:\/\/roveyayinevi.com.tr\/index.php\/wp-json\/wp\/v2\/product"}],"about":[{"href":"https:\/\/roveyayinevi.com.tr\/index.php\/wp-json\/wp\/v2\/types\/product"}],"wp:attachment":[{"href":"https:\/\/roveyayinevi.com.tr\/index.php\/wp-json\/wp\/v2\/media?parent=752980"}],"wp:term":[{"taxonomy":"product_brand","embeddable":true,"href":"https:\/\/roveyayinevi.com.tr\/index.php\/wp-json\/wp\/v2\/product_brand?post=752980"},{"taxonomy":"product_cat","embeddable":true,"href":"https:\/\/roveyayinevi.com.tr\/index.php\/wp-json\/wp\/v2\/product_cat?post=752980"},{"taxonomy":"product_tag","embeddable":true,"href":"https:\/\/roveyayinevi.com.tr\/index.php\/wp-json\/wp\/v2\/product_tag?post=752980"}],"curies":[{"name":"wp","href":"https:\/\/api.w.org\/{rel}","templated":true}]}}