{"id":752978,"date":"2025-08-28T05:30:06","date_gmt":"2025-08-28T02:30:06","guid":{"rendered":"https:\/\/roveyayinevi.com.tr\/index.php\/urun\/mesaj-novus-ii\/"},"modified":"2026-04-16T03:06:36","modified_gmt":"2026-04-16T00:06:36","slug":"mesaj-novus-ii","status":"publish","type":"product","link":"https:\/\/roveyayinevi.com.tr\/index.php\/urun\/mesaj-novus-ii\/","title":{"rendered":"Mesaj &#8211; Novus II"},"content":{"rendered":"<p>Anadolu halk\u0131na y\u00fckseklerden bir mesaj var. \u0130lk Novus kitab\u0131nda oldu\u011fu gibi, temas vakalar\u0131n\u0131n hat\u0131rlanmayan, haf\u0131za mahzenlerinde \u00f6rt\u00fcl\u00fc kalan k\u0131s\u0131mlar\u0131n\u0131 su y\u00fcz\u00fcne \u00e7\u0131karmak i\u00e7in yola \u00e7\u0131km\u0131\u015ft\u0131k. Ama ak\u0131\u015f bizi \u00f6yle bir noktaya g\u00f6t\u00fcrd\u00fc ki her \u015fey adeta kontrol\u00fcm\u00fcz d\u0131\u015f\u0131nda ilerliyordu. Sanki bir sihirli el seanslarda direksiyonu al\u0131yor ve bilin\u00e7alt\u0131 \u00e7al\u0131\u015fmas\u0131na kat\u0131lan s\u00fcjelerin oda\u011f\u0131 \u0131srarla Anadolu\u2019ya, Mustafa Kemal Atat\u00fcrk\u2019e ve yak\u0131n gelecekte ortaya \u00e7\u0131karak o birle\u015ftirici, toparlay\u0131c\u0131, aya\u011fa kald\u0131r\u0131c\u0131, kudretli bilincin bayra\u011f\u0131n\u0131 devralacak yeni lidere geliyordu. G\u00f6r\u00fcnen oydu ki temas\u00e7\u0131lar\u0131n a\u011f\u0131zlar\u0131ndan d\u00f6k\u00fclen ortak ifadeler bize bir \u015fey anlatmaya \u00e7al\u0131\u015f\u0131yordu: \u201cBu mesaj\u0131 kitlelere iletin!\u201d Ortaya \u00e7\u0131kan veriler ve aktar\u0131lan mesajlar\u0131n ortakl\u0131\u011f\u0131 son derece dikkat \u00e7ekici. Gelece\u011fe y\u00f6nelik ifadelerin ger\u00e7ekle\u015fme \u015feklini ve s\u00fcrecini ise zaman g\u00f6sterecek. Ruhsal sistemin kendisine g\u00f6re bir plan\u0131 var. Bu y\u00fcce mekanizman\u0131n kudretli eli kendisine ba\u011fl\u0131 unsurlarla yery\u00fcz\u00fcne uzan\u0131r, gerekeni gereken zamanda yapar. Mesaj \u2013 Novus II  bir temenni kitab\u0131 de\u011fildir. Anadolu halk\u0131na bir mesaj, bir bilgi aktar\u0131m\u0131, bir haber kitab\u0131d\u0131r. Yol ve hedef bellidir. Kitap i\u00e7eri\u011fi zaten kendi kendini a\u00e7\u0131klamakta. Yolumuz a\u00e7\u0131k olsun. <\/p>\n","protected":false},"excerpt":{"rendered":"<p>Anadolu halk\u0131na y\u00fckseklerden bir mesaj var. \u0130lk Novus kitab\u0131nda oldu\u011fu gibi, temas vakalar\u0131n\u0131n hat\u0131rlanmayan, haf\u0131za mahzenlerinde \u00f6rt\u00fcl\u00fc kalan k\u0131s\u0131mlar\u0131n\u0131 su y\u00fcz\u00fcne \u00e7\u0131karmak i\u00e7in yola \u00e7\u0131km\u0131\u015ft\u0131k. Ama<span class=\"excerpt-hellip\"> [\u2026]<\/span><\/p>\n","protected":false},"featured_media":0,"template":"","meta":{"_monsterinsights_skip_tracking":false,"_monsterinsights_sitenote_active":false,"_monsterinsights_sitenote_note":"","_monsterinsights_sitenote_category":0},"product_brand":[],"product_cat":[13005,13006],"product_tag":[],"class_list":{"0":"post-752978","1":"product","2":"type-product","3":"status-publish","5":"product_cat-bilim-muhendislik","6":"product_cat-populer-bilim","7":"pa_cilt-ciltsiz","8":"pa_tur-kitap","9":"pa_yayinevi-destek-yayinlari","10":"pa_yazar-erhan-kolbasi-dilek-karakus","12":"first","13":"instock","14":"sale","15":"shipping-taxable","16":"purchasable","17":"product-type-simple"},"_links":{"self":[{"href":"https:\/\/roveyayinevi.com.tr\/index.php\/wp-json\/wp\/v2\/product\/752978","targetHints":{"allow":["GET"]}}],"collection":[{"href":"https:\/\/roveyayinevi.com.tr\/index.php\/wp-json\/wp\/v2\/product"}],"about":[{"href":"https:\/\/roveyayinevi.com.tr\/index.php\/wp-json\/wp\/v2\/types\/product"}],"wp:attachment":[{"href":"https:\/\/roveyayinevi.com.tr\/index.php\/wp-json\/wp\/v2\/media?parent=752978"}],"wp:term":[{"taxonomy":"product_brand","embeddable":true,"href":"https:\/\/roveyayinevi.com.tr\/index.php\/wp-json\/wp\/v2\/product_brand?post=752978"},{"taxonomy":"product_cat","embeddable":true,"href":"https:\/\/roveyayinevi.com.tr\/index.php\/wp-json\/wp\/v2\/product_cat?post=752978"},{"taxonomy":"product_tag","embeddable":true,"href":"https:\/\/roveyayinevi.com.tr\/index.php\/wp-json\/wp\/v2\/product_tag?post=752978"}],"curies":[{"name":"wp","href":"https:\/\/api.w.org\/{rel}","templated":true}]}}