{"id":752972,"date":"2025-08-28T05:29:56","date_gmt":"2025-08-28T02:29:56","guid":{"rendered":"https:\/\/roveyayinevi.com.tr\/index.php\/urun\/buyukler\/"},"modified":"2026-04-11T14:22:08","modified_gmt":"2026-04-11T11:22:08","slug":"buyukler","status":"publish","type":"product","link":"https:\/\/roveyayinevi.com.tr\/index.php\/urun\/buyukler\/","title":{"rendered":"B\u00fcy\u00fckler"},"content":{"rendered":"<p>B\u00fcy\u00fckler her zaman d\u00fc\u015f\u00fcnd\u00fcklerini s\u00f6ylemez ve s\u00f6ylediklerini yapmazlar. Peki B\u00fcy\u00fckler b\u00f6yle davran\u0131rsa k\u00fc\u00e7\u00fckler b\u00fcy\u00fcd\u00fcklerinde nas\u0131l davranacaklar?   \u00c9lisabeth Brami \u00e7ocuklar\u0131n b\u00fcy\u00fcrken kar\u015f\u0131la\u015fabilece\u011fi davran\u0131\u015flar kar\u015f\u0131s\u0131nda yeti\u015fkinleri d\u00fc\u015f\u00fcnmeye y\u00f6nelterek b\u00fcy\u00fcme s\u00fcrecinin ne kadar \u00f6nemli oldu\u011funu tekrar tekrar vurguluyor. <\/p>\n","protected":false},"excerpt":{"rendered":"<p>B\u00fcy\u00fckler her zaman d\u00fc\u015f\u00fcnd\u00fcklerini s\u00f6ylemez ve s\u00f6ylediklerini yapmazlar. Peki B\u00fcy\u00fckler b\u00f6yle davran\u0131rsa k\u00fc\u00e7\u00fckler b\u00fcy\u00fcd\u00fcklerinde nas\u0131l davranacaklar? \u00c9lisabeth Brami \u00e7ocuklar\u0131n b\u00fcy\u00fcrken kar\u015f\u0131la\u015fabilece\u011fi davran\u0131\u015flar kar\u015f\u0131s\u0131nda yeti\u015fkinleri d\u00fc\u015f\u00fcnmeye y\u00f6nelterek<span class=\"excerpt-hellip\"> [\u2026]<\/span><\/p>\n","protected":false},"featured_media":0,"template":"","meta":{"_monsterinsights_skip_tracking":false,"_monsterinsights_sitenote_active":false,"_monsterinsights_sitenote_note":"","_monsterinsights_sitenote_category":0},"product_brand":[],"product_cat":[12274,12284],"product_tag":[],"class_list":{"0":"post-752972","1":"product","2":"type-product","3":"status-publish","5":"product_cat-cocuk-ve-genclik-kitaplari","6":"product_cat-hikayeler","7":"pa_cilt-ciltsiz","8":"pa_tur-kitap","9":"pa_yayinevi-yapi-kredi-yayinlari","10":"pa_yazar-elisabeth-brami","12":"first","13":"instock","14":"sale","15":"shipping-taxable","16":"purchasable","17":"product-type-simple"},"_links":{"self":[{"href":"https:\/\/roveyayinevi.com.tr\/index.php\/wp-json\/wp\/v2\/product\/752972","targetHints":{"allow":["GET"]}}],"collection":[{"href":"https:\/\/roveyayinevi.com.tr\/index.php\/wp-json\/wp\/v2\/product"}],"about":[{"href":"https:\/\/roveyayinevi.com.tr\/index.php\/wp-json\/wp\/v2\/types\/product"}],"wp:attachment":[{"href":"https:\/\/roveyayinevi.com.tr\/index.php\/wp-json\/wp\/v2\/media?parent=752972"}],"wp:term":[{"taxonomy":"product_brand","embeddable":true,"href":"https:\/\/roveyayinevi.com.tr\/index.php\/wp-json\/wp\/v2\/product_brand?post=752972"},{"taxonomy":"product_cat","embeddable":true,"href":"https:\/\/roveyayinevi.com.tr\/index.php\/wp-json\/wp\/v2\/product_cat?post=752972"},{"taxonomy":"product_tag","embeddable":true,"href":"https:\/\/roveyayinevi.com.tr\/index.php\/wp-json\/wp\/v2\/product_tag?post=752972"}],"curies":[{"name":"wp","href":"https:\/\/api.w.org\/{rel}","templated":true}]}}