{"id":752969,"date":"2025-08-28T05:29:51","date_gmt":"2025-08-28T02:29:51","guid":{"rendered":"https:\/\/roveyayinevi.com.tr\/index.php\/urun\/hozat-2\/"},"modified":"2026-04-16T03:06:07","modified_gmt":"2026-04-16T00:06:07","slug":"hozat-2","status":"publish","type":"product","link":"https:\/\/roveyayinevi.com.tr\/index.php\/urun\/hozat-2\/","title":{"rendered":"Hozat"},"content":{"rendered":"<p>2022 y\u0131l\u0131 Temmuz ay\u0131nda ger\u00e7ekle\u015ftirilen Munzur Do\u011fa ve K\u00fclt\u00fcr Festivaline tan\u0131kl\u0131k etmek olduk\u00e7a ilgin\u00e7ti. Festivalin ikinci ve \u00fc\u00e7\u00fcnc\u00fc g\u00fcnlerinde Pertek ve Ovac\u0131k il\u00e7elerinde kitlesel kat\u0131l\u0131m\u0131 olduk\u00e7a y\u00fcksek festivaller yap\u0131ld\u0131. Festivalin d\u00f6rd\u00fcnc\u00fc ve son g\u00fcn\u00fc olan 29 Temmuz\u2019da Hozat merkezinde toplanan son derece co\u015fkulu kalabal\u0131k onbinleri bulmu\u015ftu. Ben de bu canl\u0131l\u0131\u011fa tan\u0131kl\u0131k etmi\u015ftim. O toplulu\u011fa k\u0131sa bir mesaj vermek i\u00e7in sahneye \u00e7\u0131kt\u0131\u011f\u0131mda bir an bu kentin tarihini d\u00fc\u015f\u00fcnd\u00fcm. Vaktiyle t\u00fcm\u00fcyle bo\u015falt\u0131lmas\u0131 \u00f6ng\u00f6r\u00fclen ve bunun i\u00e7in tarihin az bildi\u011fi k\u0131y\u0131m politikalar\u0131na maruz kalm\u0131\u015f bu co\u011frafyan\u0131n \u00e7ocuklar\u0131, adeta bu politikalara inat hayk\u0131r\u0131yorlard\u0131. Ola\u011fan\u00fcst\u00fc bir ak\u015famd\u0131. Elinizdeki kitap o g\u00fcn\u00fcn, o ak\u015fam\u0131n, o duygunun ve gelene\u011fin yaz\u0131ya d\u00f6k\u00fclm\u00fc\u015f bir \u00f6rne\u011fidir. Hozat Belediye Ba\u015fkan\u0131m\u0131z Seyfi Geyik\u2019in davetiyle topland\u0131\u011f\u0131m\u0131z o g\u00fcn ve sonraki g\u00fcnlerde Hozat\u2019a dair duygu, d\u00fc\u015f\u00fcnce ve ara\u015ft\u0131rmalar\u0131m\u0131z\u0131n topland\u0131\u011f\u0131 bir eserdir. Tarihe ve o g\u00fcnk\u00fc duygu ve d\u00fc\u015f\u00fcn ortam\u0131na dair bir tan\u0131kl\u0131kt\u0131r. Yeni Munzur Do\u011fa ve K\u00fclt\u00fcr Festivallerine bir davet, bir dilektir. Bu co\u011frafyan\u0131n halini ve dilini d\u00fcnyaya anlatmaya \u00e7al\u0131\u015fanlar\u0131n kaleminden d\u00f6k\u00fclen s\u00f6zc\u00fcklerin ahenkli bir \u015fekilde ortak bir sese d\u00f6n\u00fc\u015fmesidir. <\/p>\n","protected":false},"excerpt":{"rendered":"<p>2022 y\u0131l\u0131 Temmuz ay\u0131nda ger\u00e7ekle\u015ftirilen Munzur Do\u011fa ve K\u00fclt\u00fcr Festivaline tan\u0131kl\u0131k etmek olduk\u00e7a ilgin\u00e7ti. Festivalin ikinci ve \u00fc\u00e7\u00fcnc\u00fc g\u00fcnlerinde Pertek ve Ovac\u0131k il\u00e7elerinde kitlesel kat\u0131l\u0131m\u0131 olduk\u00e7a<span class=\"excerpt-hellip\"> [\u2026]<\/span><\/p>\n","protected":false},"featured_media":0,"template":"","meta":{"_monsterinsights_skip_tracking":false,"_monsterinsights_sitenote_active":false,"_monsterinsights_sitenote_note":"","_monsterinsights_sitenote_category":0},"product_brand":[],"product_cat":[12370,12304],"product_tag":[],"class_list":{"0":"post-752969","1":"product","2":"type-product","3":"status-publish","5":"product_cat-arastirma-inceleme","6":"product_cat-tarih","7":"pa_cilt-ciltsiz","8":"pa_tur-kitap","9":"pa_yayinevi-sinirsiz-kitap","10":"pa_yazar-kolektif","12":"first","13":"instock","14":"sale","15":"shipping-taxable","16":"purchasable","17":"product-type-simple"},"_links":{"self":[{"href":"https:\/\/roveyayinevi.com.tr\/index.php\/wp-json\/wp\/v2\/product\/752969","targetHints":{"allow":["GET"]}}],"collection":[{"href":"https:\/\/roveyayinevi.com.tr\/index.php\/wp-json\/wp\/v2\/product"}],"about":[{"href":"https:\/\/roveyayinevi.com.tr\/index.php\/wp-json\/wp\/v2\/types\/product"}],"wp:attachment":[{"href":"https:\/\/roveyayinevi.com.tr\/index.php\/wp-json\/wp\/v2\/media?parent=752969"}],"wp:term":[{"taxonomy":"product_brand","embeddable":true,"href":"https:\/\/roveyayinevi.com.tr\/index.php\/wp-json\/wp\/v2\/product_brand?post=752969"},{"taxonomy":"product_cat","embeddable":true,"href":"https:\/\/roveyayinevi.com.tr\/index.php\/wp-json\/wp\/v2\/product_cat?post=752969"},{"taxonomy":"product_tag","embeddable":true,"href":"https:\/\/roveyayinevi.com.tr\/index.php\/wp-json\/wp\/v2\/product_tag?post=752969"}],"curies":[{"name":"wp","href":"https:\/\/api.w.org\/{rel}","templated":true}]}}