{"id":752968,"date":"2025-08-28T05:29:49","date_gmt":"2025-08-28T02:29:49","guid":{"rendered":"https:\/\/roveyayinevi.com.tr\/index.php\/urun\/piyango-2\/"},"modified":"2026-04-16T03:06:07","modified_gmt":"2026-04-16T00:06:07","slug":"piyango-2","status":"publish","type":"product","link":"https:\/\/roveyayinevi.com.tr\/index.php\/urun\/piyango-2\/","title":{"rendered":"Piyango"},"content":{"rendered":"<p>Atilla Aktuna\u2019dan, acemilikten fersah fersah uzakta bir ilk kitap ve b\u00fcy\u00fck usta Borges&#8217;e T\u00fcrk\u00e7eden esprili bir selam Piyango. Ayn\u0131 zamanda edebiyat mahfiline esasl\u0131 bir giri\u015f metni. Elbette oyunbaz, labirentli ve&#8230;   Nas\u0131l ki Peter Ackroyd\u2019un kaleminden Oscar Wilde\u2019\u0131n Son Vasiyeti&#8230; Ve nas\u0131l ki Julian Barnes\u2019\u0131n kaleminden Flaubert\u2019in Papa\u011fan\u0131. Bu kez piyango Arjantinli yazara vurdu, hem de T\u00fcrkiye&#8217;de. \u00c7ekili\u015fin kazanan\u0131 Honorio Bustos Domecq oldu, b\u00fcy\u00fck ikramiye ise \u201c\u00d6teki Bustos\u201da teslim ediliyor. <\/p>\n","protected":false},"excerpt":{"rendered":"<p>Atilla Aktuna\u2019dan, acemilikten fersah fersah uzakta bir ilk kitap ve b\u00fcy\u00fck usta Borges&#8217;e T\u00fcrk\u00e7eden esprili bir selam Piyango. Ayn\u0131 zamanda edebiyat mahfiline esasl\u0131 bir giri\u015f metni.<span class=\"excerpt-hellip\"> [\u2026]<\/span><\/p>\n","protected":false},"featured_media":0,"template":"","meta":{"_monsterinsights_skip_tracking":false,"_monsterinsights_sitenote_active":false,"_monsterinsights_sitenote_note":"","_monsterinsights_sitenote_category":0},"product_brand":[],"product_cat":[18545,12291],"product_tag":[],"class_list":{"0":"post-752968","1":"product","2":"type-product","3":"status-publish","5":"product_cat-anlati","6":"product_cat-edebiyat","7":"pa_cilt-ciltsiz","8":"pa_tur-kitap","9":"pa_yayinevi-kirmizi-kedi-yayinevi","10":"pa_yazar-atilla-aktuna","12":"first","13":"instock","14":"sale","15":"shipping-taxable","16":"purchasable","17":"product-type-simple"},"_links":{"self":[{"href":"https:\/\/roveyayinevi.com.tr\/index.php\/wp-json\/wp\/v2\/product\/752968","targetHints":{"allow":["GET"]}}],"collection":[{"href":"https:\/\/roveyayinevi.com.tr\/index.php\/wp-json\/wp\/v2\/product"}],"about":[{"href":"https:\/\/roveyayinevi.com.tr\/index.php\/wp-json\/wp\/v2\/types\/product"}],"wp:attachment":[{"href":"https:\/\/roveyayinevi.com.tr\/index.php\/wp-json\/wp\/v2\/media?parent=752968"}],"wp:term":[{"taxonomy":"product_brand","embeddable":true,"href":"https:\/\/roveyayinevi.com.tr\/index.php\/wp-json\/wp\/v2\/product_brand?post=752968"},{"taxonomy":"product_cat","embeddable":true,"href":"https:\/\/roveyayinevi.com.tr\/index.php\/wp-json\/wp\/v2\/product_cat?post=752968"},{"taxonomy":"product_tag","embeddable":true,"href":"https:\/\/roveyayinevi.com.tr\/index.php\/wp-json\/wp\/v2\/product_tag?post=752968"}],"curies":[{"name":"wp","href":"https:\/\/api.w.org\/{rel}","templated":true}]}}