{"id":752967,"date":"2025-08-28T05:29:48","date_gmt":"2025-08-28T02:29:48","guid":{"rendered":"https:\/\/roveyayinevi.com.tr\/index.php\/urun\/geleneksel-islamin-kritigi\/"},"modified":"2026-04-16T03:06:07","modified_gmt":"2026-04-16T00:06:07","slug":"geleneksel-islamin-kritigi","status":"publish","type":"product","link":"https:\/\/roveyayinevi.com.tr\/index.php\/urun\/geleneksel-islamin-kritigi\/","title":{"rendered":"Geleneksel \u0130slam\u2019\u0131n Kriti\u011fi"},"content":{"rendered":"<p>Kur\u2019an vahyinin mahiyetine ili\u015fkin g\u00f6r\u00fc\u015flerim ve geleneksel Allah tasavvuruna y\u00f6nelik ele\u015ftirilerim sebebiyle a\u011f\u0131r bedel \u00f6demi\u015f bir \u0130lahiyat akademisyeni olarak, bu kitapta \u0130slam \u015feriat\u0131n\u0131n b\u00fcy\u00fck \u00f6l\u00e7\u00fcde Arap toplumunda \u201cCahiliye\u201d (\u0130slam \u00f6ncesi) d\u00f6neminde mevcut olan uygulamalara dayand\u0131\u011f\u0131n\u0131, \u201c\u015feriat\u201d denen \u015feyin toplumsal d\u00fczen ve hukuk alan\u0131yla ilgili olmas\u0131ndan \u00f6t\u00fcr\u00fc de\u011fi\u015fken ve dinamik bir karakter ta\u015f\u0131d\u0131\u011f\u0131n\u0131, dolay\u0131s\u0131yla temel inan\u00e7 ve ahlak ilkelerini kar\u015f\u0131layan \u201cdin\u201d kavram\u0131n\u0131n \u201c\u015feriat\u201dtan ayr\u0131 bir anlam ta\u015f\u0131d\u0131\u011f\u0131n\u0131 g\u00f6stermeye \u00e7al\u0131\u015ft\u0131m.   Mustafa \u00d6zt\u00fcrk <\/p>\n","protected":false},"excerpt":{"rendered":"<p>Kur\u2019an vahyinin mahiyetine ili\u015fkin g\u00f6r\u00fc\u015flerim ve geleneksel Allah tasavvuruna y\u00f6nelik ele\u015ftirilerim sebebiyle a\u011f\u0131r bedel \u00f6demi\u015f bir \u0130lahiyat akademisyeni olarak, bu kitapta \u0130slam \u015feriat\u0131n\u0131n b\u00fcy\u00fck \u00f6l\u00e7\u00fcde Arap<span class=\"excerpt-hellip\"> [\u2026]<\/span><\/p>\n","protected":false},"featured_media":0,"template":"","meta":{"_monsterinsights_skip_tracking":false,"_monsterinsights_sitenote_active":false,"_monsterinsights_sitenote_note":"","_monsterinsights_sitenote_category":0},"product_brand":[],"product_cat":[13036,12718,12719],"product_tag":[],"class_list":{"0":"post-752967","1":"product","2":"type-product","3":"status-publish","5":"product_cat-arastirma-inceleme-islam","6":"product_cat-din","7":"product_cat-islam","8":"pa_cilt-ciltsiz","9":"pa_tur-kitap","10":"pa_yayinevi-kirmizi-kedi-yayinevi","11":"pa_yazar-mustafa-ozturk","13":"first","14":"instock","15":"sale","16":"shipping-taxable","17":"purchasable","18":"product-type-simple"},"_links":{"self":[{"href":"https:\/\/roveyayinevi.com.tr\/index.php\/wp-json\/wp\/v2\/product\/752967","targetHints":{"allow":["GET"]}}],"collection":[{"href":"https:\/\/roveyayinevi.com.tr\/index.php\/wp-json\/wp\/v2\/product"}],"about":[{"href":"https:\/\/roveyayinevi.com.tr\/index.php\/wp-json\/wp\/v2\/types\/product"}],"wp:attachment":[{"href":"https:\/\/roveyayinevi.com.tr\/index.php\/wp-json\/wp\/v2\/media?parent=752967"}],"wp:term":[{"taxonomy":"product_brand","embeddable":true,"href":"https:\/\/roveyayinevi.com.tr\/index.php\/wp-json\/wp\/v2\/product_brand?post=752967"},{"taxonomy":"product_cat","embeddable":true,"href":"https:\/\/roveyayinevi.com.tr\/index.php\/wp-json\/wp\/v2\/product_cat?post=752967"},{"taxonomy":"product_tag","embeddable":true,"href":"https:\/\/roveyayinevi.com.tr\/index.php\/wp-json\/wp\/v2\/product_tag?post=752967"}],"curies":[{"name":"wp","href":"https:\/\/api.w.org\/{rel}","templated":true}]}}