{"id":752966,"date":"2025-08-28T05:29:47","date_gmt":"2025-08-28T02:29:47","guid":{"rendered":"https:\/\/roveyayinevi.com.tr\/index.php\/urun\/turkiye-uzerine-tezler-3\/"},"modified":"2026-04-16T03:06:07","modified_gmt":"2026-04-16T00:06:07","slug":"turkiye-uzerine-tezler-3","status":"publish","type":"product","link":"https:\/\/roveyayinevi.com.tr\/index.php\/urun\/turkiye-uzerine-tezler-3\/","title":{"rendered":"T\u00fcrkiye \u00dczerine Tezler 3"},"content":{"rendered":"<p>Bu \u00e7al\u0131\u015fmay\u0131, kaynak olarak \u00e7ok b\u00fcy\u00fck \u00f6l\u00e7\u00fcde, y\u00fczlerce idam\u0131 h\u00fckme ba\u011flayan gerek\u00e7eli kararlara, y\u00fczlerce \u00f6l\u00fcm ve binlerce y\u0131l hapis isteyen iddianamelere, esas hakk\u0131nda m\u00fctalaalara dayanarak yapt\u0131m. Su\u00e7lama ve h\u00fck\u00fcm belgelerinden hareket ettim; su\u00e7lananlar\u0131 da su\u00e7layanlar\u0131 da su\u00e7lamamaya \u00f6zen g\u00f6sterdim. Buradaki i\u015fim de\u011fil.   Buradaki i\u015fim t\u00fcm olumsuzluklardan olumlu olanlar\u0131 \u00e7\u0131karmaya \u00e7al\u0131\u015fmak oluyor.   \u0130mbikten ge\u00e7irmeye \u00e7al\u0131\u015f\u0131yorum; posay\u0131 at\u0131p, niteli\u011fi \u00f6n plana \u00e7\u0131karmay\u0131 deniyorum.   Bilim. Bilim yapmaya \u00f6zeniyorum. Bir s\u0131cakl\u0131\u011f\u0131 tutmak istiyorum.   Bulgular\u0131mla bir tart\u0131\u015fma g\u00fcndemi ve bir tart\u0131\u015fma katalo\u011fu sunmak istiyorum. Bulgular\u0131m i\u00e7in daha b\u00fcy\u00fck bir h\u0131rs\u0131m yok. Y\u00f6ntemimi, bi\u00e7emimi ele\u015ftirmeyi bir \u00fcslup bilenlerden \u00f6z\u00fcr dileyerek ekliyorum ve bi\u00e7emimin daha \u00f6nemli oldu\u011funu d\u00fc\u015f\u00fcn\u00fcyorum. Y\u00f6ntemimin yol a\u00e7\u0131c\u0131 ve bi\u00e7emimin kal\u0131c\u0131 olmas\u0131n\u0131 diliyorum; inan\u0131yorum. <\/p>\n","protected":false},"excerpt":{"rendered":"<p>Bu \u00e7al\u0131\u015fmay\u0131, kaynak olarak \u00e7ok b\u00fcy\u00fck \u00f6l\u00e7\u00fcde, y\u00fczlerce idam\u0131 h\u00fckme ba\u011flayan gerek\u00e7eli kararlara, y\u00fczlerce \u00f6l\u00fcm ve binlerce y\u0131l hapis isteyen iddianamelere, esas hakk\u0131nda m\u00fctalaalara dayanarak yapt\u0131m.<span class=\"excerpt-hellip\"> [\u2026]<\/span><\/p>\n","protected":false},"featured_media":0,"template":"","meta":{"_monsterinsights_skip_tracking":false,"_monsterinsights_sitenote_active":false,"_monsterinsights_sitenote_note":"","_monsterinsights_sitenote_category":0},"product_brand":[],"product_cat":[12337],"product_tag":[],"class_list":{"0":"post-752966","1":"product","2":"type-product","3":"status-publish","5":"product_cat-politika-siyaset","6":"pa_cilt-ciltsiz","7":"pa_tur-kitap","8":"pa_yayinevi-kirmizi-kedi-yayinevi","9":"pa_yazar-yalcin-kucuk","11":"first","12":"instock","13":"sale","14":"shipping-taxable","15":"purchasable","16":"product-type-simple"},"_links":{"self":[{"href":"https:\/\/roveyayinevi.com.tr\/index.php\/wp-json\/wp\/v2\/product\/752966","targetHints":{"allow":["GET"]}}],"collection":[{"href":"https:\/\/roveyayinevi.com.tr\/index.php\/wp-json\/wp\/v2\/product"}],"about":[{"href":"https:\/\/roveyayinevi.com.tr\/index.php\/wp-json\/wp\/v2\/types\/product"}],"wp:attachment":[{"href":"https:\/\/roveyayinevi.com.tr\/index.php\/wp-json\/wp\/v2\/media?parent=752966"}],"wp:term":[{"taxonomy":"product_brand","embeddable":true,"href":"https:\/\/roveyayinevi.com.tr\/index.php\/wp-json\/wp\/v2\/product_brand?post=752966"},{"taxonomy":"product_cat","embeddable":true,"href":"https:\/\/roveyayinevi.com.tr\/index.php\/wp-json\/wp\/v2\/product_cat?post=752966"},{"taxonomy":"product_tag","embeddable":true,"href":"https:\/\/roveyayinevi.com.tr\/index.php\/wp-json\/wp\/v2\/product_tag?post=752966"}],"curies":[{"name":"wp","href":"https:\/\/api.w.org\/{rel}","templated":true}]}}