{"id":752965,"date":"2025-08-28T05:29:46","date_gmt":"2025-08-28T02:29:46","guid":{"rendered":"https:\/\/roveyayinevi.com.tr\/index.php\/urun\/cevremiz-ilk-kitapligim-ciltli\/"},"modified":"2026-04-16T03:06:07","modified_gmt":"2026-04-16T00:06:07","slug":"cevremiz-ilk-kitapligim-ciltli","status":"publish","type":"product","link":"https:\/\/roveyayinevi.com.tr\/index.php\/urun\/cevremiz-ilk-kitapligim-ciltli\/","title":{"rendered":"\u00c7evremiz &#8211; \u0130lk Kitapl\u0131\u011f\u0131m (Ciltli)"},"content":{"rendered":"<p>Bebekler ilk s\u00f6zc\u00fcklerini bu kitapla \u00f6\u011freniyor! S\u00f6zc\u00fck da\u011farc\u0131\u011f\u0131n\u0131 geli\u015ftirmek i\u00e7in haz\u0131rlanan \u0130lk Kitapl\u0131\u011f\u0131m serisi bebe\u011finizi yeni kavramlarla tan\u0131\u015ft\u0131r\u0131yor. E\u011flenceli, renkli resimlerle dolu bu kitapl\u0131k bebe\u011finize ilk s\u00f6zc\u00fcklerini \u00f6\u011freterek dil geli\u015fimine destek oluyor. <\/p>\n","protected":false},"excerpt":{"rendered":"<p>Bebekler ilk s\u00f6zc\u00fcklerini bu kitapla \u00f6\u011freniyor! S\u00f6zc\u00fck da\u011farc\u0131\u011f\u0131n\u0131 geli\u015ftirmek i\u00e7in haz\u0131rlanan \u0130lk Kitapl\u0131\u011f\u0131m serisi bebe\u011finizi yeni kavramlarla tan\u0131\u015ft\u0131r\u0131yor. E\u011flenceli, renkli resimlerle dolu bu kitapl\u0131k bebe\u011finize ilk<span class=\"excerpt-hellip\"> [\u2026]<\/span><\/p>\n","protected":false},"featured_media":0,"template":"","meta":{"_monsterinsights_skip_tracking":false,"_monsterinsights_sitenote_active":false,"_monsterinsights_sitenote_note":"","_monsterinsights_sitenote_category":0},"product_brand":[],"product_cat":[12274,12518],"product_tag":[],"class_list":{"0":"post-752965","1":"product","2":"type-product","3":"status-publish","5":"product_cat-cocuk-ve-genclik-kitaplari","6":"product_cat-okul-oncesi-kitaplar","7":"pa_cilt-ciltli","8":"pa_tur-kitap","9":"pa_yayinevi-is-bankasi-kultur-yayinlari","10":"pa_yazar-kolektif","12":"first","13":"instock","14":"sale","15":"shipping-taxable","16":"purchasable","17":"product-type-simple"},"_links":{"self":[{"href":"https:\/\/roveyayinevi.com.tr\/index.php\/wp-json\/wp\/v2\/product\/752965","targetHints":{"allow":["GET"]}}],"collection":[{"href":"https:\/\/roveyayinevi.com.tr\/index.php\/wp-json\/wp\/v2\/product"}],"about":[{"href":"https:\/\/roveyayinevi.com.tr\/index.php\/wp-json\/wp\/v2\/types\/product"}],"wp:attachment":[{"href":"https:\/\/roveyayinevi.com.tr\/index.php\/wp-json\/wp\/v2\/media?parent=752965"}],"wp:term":[{"taxonomy":"product_brand","embeddable":true,"href":"https:\/\/roveyayinevi.com.tr\/index.php\/wp-json\/wp\/v2\/product_brand?post=752965"},{"taxonomy":"product_cat","embeddable":true,"href":"https:\/\/roveyayinevi.com.tr\/index.php\/wp-json\/wp\/v2\/product_cat?post=752965"},{"taxonomy":"product_tag","embeddable":true,"href":"https:\/\/roveyayinevi.com.tr\/index.php\/wp-json\/wp\/v2\/product_tag?post=752965"}],"curies":[{"name":"wp","href":"https:\/\/api.w.org\/{rel}","templated":true}]}}