{"id":752958,"date":"2025-08-28T05:29:37","date_gmt":"2025-08-28T02:29:37","guid":{"rendered":"https:\/\/roveyayinevi.com.tr\/index.php\/urun\/bir-kasifin-felsefesi\/"},"modified":"2026-04-16T03:06:06","modified_gmt":"2026-04-16T00:06:06","slug":"bir-kasifin-felsefesi","status":"publish","type":"product","link":"https:\/\/roveyayinevi.com.tr\/index.php\/urun\/bir-kasifin-felsefesi\/","title":{"rendered":"Bir Ka\u015fifin Felsefesi"},"content":{"rendered":"<p>Son derece zorlu ko\u015fullarda hayatta kalmak, tatmin edici bir ya\u015fam s\u00fcrmek i\u00e7in \u00f6\u011fretilerle doludur. Bunu \u201c\u00dc\u00e7 Kutba\u201d da (Kuzey Kutbu, G\u00fcney Kutbu ve Everest Zirvesi) y\u00fcr\u00fcyerek ula\u015fan ilk k\u00e2\u015fif olan Erling Kagge\u2019den daha iyi kimse bilemez. Kagge son derece ak\u0131c\u0131 ve samimi bir dille kaleme ald\u0131\u011f\u0131 kitab\u0131 Bir K\u00e2\u015fifin Felsefesi\u2019nde, onu d\u00fcnyan\u0131n ve insan dayan\u0131kl\u0131l\u0131\u011f\u0131n\u0131n s\u0131n\u0131rlar\u0131na g\u00f6t\u00fcren ke\u015fif gezilerinden edindi\u011fi bilgelik ve uzmanl\u0131\u011f\u0131 okuruyla payla\u015f\u0131yor.   \u0130yimser bir bak\u0131\u015f a\u00e7\u0131s\u0131 geli\u015ftirmekten zihnimizi do\u011fru zamanda kalmaya ikna etmeye, k\u00fc\u00e7\u00fck \u015feylerden zevk almay\u0131 \u00f6\u011frenmekten yaln\u0131zl\u0131\u011f\u0131m\u0131zla bar\u0131\u015fmaya kadar t\u00fcrl\u00fc meselelerle ilgili deneyimlerini on alt\u0131 maddede s\u0131ralad\u0131\u011f\u0131 kitab\u0131nda Erling Kagge, en zorlu ko\u015fullarda hayatta kalabilmenin anlaml\u0131 bir ya\u015fam s\u00fcrme konusunda bize ne kadar \u00e7ok \u015fey \u00f6\u011fretebilece\u011fini g\u00f6zler \u00f6n\u00fcne seriyor. <\/p>\n","protected":false},"excerpt":{"rendered":"<p>Son derece zorlu ko\u015fullarda hayatta kalmak, tatmin edici bir ya\u015fam s\u00fcrmek i\u00e7in \u00f6\u011fretilerle doludur. Bunu \u201c\u00dc\u00e7 Kutba\u201d da (Kuzey Kutbu, G\u00fcney Kutbu ve Everest Zirvesi) y\u00fcr\u00fcyerek<span class=\"excerpt-hellip\"> [\u2026]<\/span><\/p>\n","protected":false},"featured_media":0,"template":"","meta":{"_monsterinsights_skip_tracking":false,"_monsterinsights_sitenote_active":false,"_monsterinsights_sitenote_note":"","_monsterinsights_sitenote_category":0},"product_brand":[],"product_cat":[12777,12291],"product_tag":[],"class_list":{"0":"post-752958","1":"product","2":"type-product","3":"status-publish","5":"product_cat-deneme","6":"product_cat-edebiyat","7":"pa_cilt-ciltsiz","8":"pa_tur-kitap","9":"pa_yayinevi-kolektif-kitap","10":"pa_yazar-erling-kagge","12":"first","13":"instock","14":"sale","15":"shipping-taxable","16":"purchasable","17":"product-type-simple"},"_links":{"self":[{"href":"https:\/\/roveyayinevi.com.tr\/index.php\/wp-json\/wp\/v2\/product\/752958","targetHints":{"allow":["GET"]}}],"collection":[{"href":"https:\/\/roveyayinevi.com.tr\/index.php\/wp-json\/wp\/v2\/product"}],"about":[{"href":"https:\/\/roveyayinevi.com.tr\/index.php\/wp-json\/wp\/v2\/types\/product"}],"wp:attachment":[{"href":"https:\/\/roveyayinevi.com.tr\/index.php\/wp-json\/wp\/v2\/media?parent=752958"}],"wp:term":[{"taxonomy":"product_brand","embeddable":true,"href":"https:\/\/roveyayinevi.com.tr\/index.php\/wp-json\/wp\/v2\/product_brand?post=752958"},{"taxonomy":"product_cat","embeddable":true,"href":"https:\/\/roveyayinevi.com.tr\/index.php\/wp-json\/wp\/v2\/product_cat?post=752958"},{"taxonomy":"product_tag","embeddable":true,"href":"https:\/\/roveyayinevi.com.tr\/index.php\/wp-json\/wp\/v2\/product_tag?post=752958"}],"curies":[{"name":"wp","href":"https:\/\/api.w.org\/{rel}","templated":true}]}}