{"id":752953,"date":"2025-08-28T05:29:29","date_gmt":"2025-08-28T02:29:29","guid":{"rendered":"https:\/\/roveyayinevi.com.tr\/index.php\/urun\/kamikazeler-el-ele-ucmaz\/"},"modified":"2026-04-16T03:06:06","modified_gmt":"2026-04-16T00:06:06","slug":"kamikazeler-el-ele-ucmaz","status":"publish","type":"product","link":"https:\/\/roveyayinevi.com.tr\/index.php\/urun\/kamikazeler-el-ele-ucmaz\/","title":{"rendered":"Kamikazeler El Ele U\u00e7maz"},"content":{"rendered":"<p>\u201c\u015eans dedi\u011fimiz \u015fey, her zaman iyi sonu\u00e7lar do\u011furmuyor. Ya da tam tersi, \u015fanss\u0131zl\u0131k, bir felaketin e\u015fi\u011finden d\u00f6nmeye yarayabiliyor. \u0130nsanlar basit olsa da d\u00fcnya tuhaf.\u201d   B\u00fclent Ayy\u0131ld\u0131z\u2019\u0131n \u00f6yk\u00fclerinde d\u00fcnya tuhafl\u0131klar\u0131 ile tuhafl\u0131klar d\u00fcnyas\u0131 bir araya geliyor; daha do\u011frusu, b\u00fcy\u00fcl\u00fc ger\u00e7ek\u00e7i \u00f6\u011felerin etkisiyle s\u0131n\u0131rlar mu\u011flakla\u015f\u0131yor. G\u00fcnl\u00fck ya\u015fama \u00f6zg\u00fc dertleri, g\u00fcndelik i\u015fleri, ili\u015fkileri yeniden uyarlanm\u0131\u015f h\u00e2lleriyle okuyoruz. Kamikazeler El Ele U\u00e7maz kitab\u0131nda bir ba\u015fka mikro evren de kuruyor Ayy\u0131ld\u0131z. \u201cKamp\u00fcs D\u00f6rtlemesi\u201d \u00f6yk\u00fclerinde amfiler, yemekhaneler ve labirentvari fak\u00fclte koridorlar\u0131nda tedirginlikle dolan\u0131yoruz; o kasvetli atmosferde rahat nefes almak pek m\u00fcmk\u00fcn olmuyor!    \u201cB\u00fct\u00fcn anlat\u0131lanlar r\u00fcya olsa ne \u00e7\u0131kar? Bu kadar hakir mi g\u00f6r\u00fcyorsunuz \u00e2lem-i hayali? Bu kadar m\u0131 eminsiniz ger\u00e7ek dedi\u011finiz \u015feyden? Her \u015feyi bir sisteme oturtmaktan, d\u00fczene bindirmekten b\u0131kmad\u0131n\u0131z m\u0131? Hi\u00e7 nereye gidece\u011finizi bilmeden evinizden \u00e7\u0131kt\u0131n\u0131z m\u0131? Hangi soka\u011fa girece\u011finizi i\u00e7inizden bir sesin tarif etti\u011fi oldu mu?\u201d <\/p>\n","protected":false},"excerpt":{"rendered":"<p>\u201c\u015eans dedi\u011fimiz \u015fey, her zaman iyi sonu\u00e7lar do\u011furmuyor. Ya da tam tersi, \u015fanss\u0131zl\u0131k, bir felaketin e\u015fi\u011finden d\u00f6nmeye yarayabiliyor. \u0130nsanlar basit olsa da d\u00fcnya tuhaf.\u201d B\u00fclent Ayy\u0131ld\u0131z\u2019\u0131n<span class=\"excerpt-hellip\"> [\u2026]<\/span><\/p>\n","protected":false},"featured_media":0,"template":"","meta":{"_monsterinsights_skip_tracking":false,"_monsterinsights_sitenote_active":false,"_monsterinsights_sitenote_note":"","_monsterinsights_sitenote_category":0},"product_brand":[],"product_cat":[12291,14777],"product_tag":[],"class_list":{"0":"post-752953","1":"product","2":"type-product","3":"status-publish","5":"product_cat-edebiyat","6":"product_cat-fantastik","7":"pa_cilt-ciltsiz","8":"pa_tur-kitap","9":"pa_yayinevi-ithaki-yayinlari","10":"pa_yazar-bulent-ayyildiz","12":"first","13":"instock","14":"sale","15":"shipping-taxable","16":"purchasable","17":"product-type-simple"},"_links":{"self":[{"href":"https:\/\/roveyayinevi.com.tr\/index.php\/wp-json\/wp\/v2\/product\/752953","targetHints":{"allow":["GET"]}}],"collection":[{"href":"https:\/\/roveyayinevi.com.tr\/index.php\/wp-json\/wp\/v2\/product"}],"about":[{"href":"https:\/\/roveyayinevi.com.tr\/index.php\/wp-json\/wp\/v2\/types\/product"}],"wp:attachment":[{"href":"https:\/\/roveyayinevi.com.tr\/index.php\/wp-json\/wp\/v2\/media?parent=752953"}],"wp:term":[{"taxonomy":"product_brand","embeddable":true,"href":"https:\/\/roveyayinevi.com.tr\/index.php\/wp-json\/wp\/v2\/product_brand?post=752953"},{"taxonomy":"product_cat","embeddable":true,"href":"https:\/\/roveyayinevi.com.tr\/index.php\/wp-json\/wp\/v2\/product_cat?post=752953"},{"taxonomy":"product_tag","embeddable":true,"href":"https:\/\/roveyayinevi.com.tr\/index.php\/wp-json\/wp\/v2\/product_tag?post=752953"}],"curies":[{"name":"wp","href":"https:\/\/api.w.org\/{rel}","templated":true}]}}