{"id":752951,"date":"2025-08-28T05:29:26","date_gmt":"2025-08-28T02:29:26","guid":{"rendered":"https:\/\/roveyayinevi.com.tr\/index.php\/urun\/caylak-cadi-ve-acgozlu-karanlik\/"},"modified":"2026-04-16T03:06:06","modified_gmt":"2026-04-16T00:06:06","slug":"caylak-cadi-ve-acgozlu-karanlik","status":"publish","type":"product","link":"https:\/\/roveyayinevi.com.tr\/index.php\/urun\/caylak-cadi-ve-acgozlu-karanlik\/","title":{"rendered":"\u00c7aylak Cad\u0131 ve A\u00e7g\u00f6zl\u00fc Karanl\u0131k"},"content":{"rendered":"<p>Ger\u00e7ek hayattaki sorunlar\u0131 \u00e7\u00f6zmek i\u00e7in b\u00fcy\u00fcden \u00e7ok daha fazlas\u0131 gerekir.   Moth Hush, yeni ke\u015ffetti\u011fi g\u00fc\u00e7lerine yava\u015f yava\u015f al\u0131\u015f\u0131yordu ama okuldaki zorbalarla ba\u015f\u0131 dertteydi. En iyi arkada\u015f\u0131 Charlie bile onunla s\u00fcrekli alay edilmesinin nas\u0131l bir \u015fey oldu\u011funu tam olarak anlam\u0131yordu. \u00dcst\u00fcne bir de annesi okuldaki en \u015fap\u015fal \u00f6\u011fretmenle g\u00f6r\u00fc\u015fmeye ba\u015flay\u0131nca i\u015fler daha da k\u00f6t\u00fcle\u015fmi\u015fti.   Madem Moth bir cad\u0131yd\u0131, b\u00fcy\u00fcyle kendini \u00f6zg\u00fcvenli, haval\u0131 ve son derece pop\u00fcler yapabilmeliydi. B\u00fcy\u00fckannesinin e\u015fyalar\u0131 aras\u0131nda buldu\u011fu gizemli t\u0131ls\u0131m belki de t\u00fcm sorular\u0131n\u0131n cevab\u0131 olacakt\u0131.   Sonu\u00e7ta ne ters gidebilirdi ki?     \u201cSteinkellner\u2019\u0131n \u00fcn\u00fcn\u00fc sa\u011flamla\u015ft\u0131ran \u015fahane bir devam kitab\u0131.\u201d \u2014School Library Journal (starred review) <\/p>\n","protected":false},"excerpt":{"rendered":"<p>Ger\u00e7ek hayattaki sorunlar\u0131 \u00e7\u00f6zmek i\u00e7in b\u00fcy\u00fcden \u00e7ok daha fazlas\u0131 gerekir. Moth Hush, yeni ke\u015ffetti\u011fi g\u00fc\u00e7lerine yava\u015f yava\u015f al\u0131\u015f\u0131yordu ama okuldaki zorbalarla ba\u015f\u0131 dertteydi. En iyi arkada\u015f\u0131<span class=\"excerpt-hellip\"> [\u2026]<\/span><\/p>\n","protected":false},"featured_media":0,"template":"","meta":{"_monsterinsights_skip_tracking":false,"_monsterinsights_sitenote_active":false,"_monsterinsights_sitenote_note":"","_monsterinsights_sitenote_category":0},"product_brand":[],"product_cat":[12416,12291],"product_tag":[],"class_list":{"0":"post-752951","1":"product","2":"type-product","3":"status-publish","5":"product_cat-cizgi-roman","6":"product_cat-edebiyat","7":"pa_cilt-ciltsiz","8":"pa_tur-kitap","9":"pa_yayinevi-yabanci-yayinevi","10":"pa_yazar-emma-steinkellner","12":"first","13":"instock","14":"sale","15":"shipping-taxable","16":"purchasable","17":"product-type-simple"},"_links":{"self":[{"href":"https:\/\/roveyayinevi.com.tr\/index.php\/wp-json\/wp\/v2\/product\/752951","targetHints":{"allow":["GET"]}}],"collection":[{"href":"https:\/\/roveyayinevi.com.tr\/index.php\/wp-json\/wp\/v2\/product"}],"about":[{"href":"https:\/\/roveyayinevi.com.tr\/index.php\/wp-json\/wp\/v2\/types\/product"}],"wp:attachment":[{"href":"https:\/\/roveyayinevi.com.tr\/index.php\/wp-json\/wp\/v2\/media?parent=752951"}],"wp:term":[{"taxonomy":"product_brand","embeddable":true,"href":"https:\/\/roveyayinevi.com.tr\/index.php\/wp-json\/wp\/v2\/product_brand?post=752951"},{"taxonomy":"product_cat","embeddable":true,"href":"https:\/\/roveyayinevi.com.tr\/index.php\/wp-json\/wp\/v2\/product_cat?post=752951"},{"taxonomy":"product_tag","embeddable":true,"href":"https:\/\/roveyayinevi.com.tr\/index.php\/wp-json\/wp\/v2\/product_tag?post=752951"}],"curies":[{"name":"wp","href":"https:\/\/api.w.org\/{rel}","templated":true}]}}