{"id":752950,"date":"2025-08-28T05:29:24","date_gmt":"2025-08-28T02:29:24","guid":{"rendered":"https:\/\/roveyayinevi.com.tr\/index.php\/urun\/civi-topuklar\/"},"modified":"2026-04-16T03:06:06","modified_gmt":"2026-04-16T00:06:06","slug":"civi-topuklar","status":"publish","type":"product","link":"https:\/\/roveyayinevi.com.tr\/index.php\/urun\/civi-topuklar\/","title":{"rendered":"\u00c7ivi Topuklar"},"content":{"rendered":"<p>Kitab\u0131 bask\u0131ya g\u00f6ndermeden \u00f6nce son olarak bir tan\u0131t\u0131m yaz\u0131s\u0131 eklemem gerekiyordu. T\u00fcm \u00f6yk\u00fcleri kapsayan k\u0131sa bir yaz\u0131 nas\u0131l olmal\u0131yd\u0131?   \u00d6yk\u00fclerim; kad\u0131n\u0131, \u00e7ocu\u011fu, genci k\u00fcf kokan odalara hapsetmeye \u00e7al\u0131\u015fan k\u00f6t\u00fcl\u00fc\u011f\u00fc ifade eden \u201cOrtado\u011fu co\u011frafyas\u0131nda kad\u0131n olmak\u201d ba\u015fl\u0131kl\u0131 bitmeyen bir m\u00fccadeleyi, o kutsanm\u0131\u015f kaleleri yara-bere i\u00e7inde kalma pahas\u0131na da olsa asla yolundan d\u00f6nmeyerek y\u0131kmaya kararl\u0131 kad\u0131n m\u00fccadelesini anlatmak ve \u201casla yaln\u0131z de\u011filsin\u201d demek i\u00e7indi.   Seninle sa\u00e7lar\u0131m\u0131z\u0131 k\u00fcl suyuyla y\u0131kad\u0131\u011f\u0131m\u0131z tarihten daha da uzun zamand\u0131r tan\u0131\u015f\u0131yoruz.   Biz, zamana ve co\u011frafyaya hapsedilemeyecek kadar b\u00fcy\u00fck ruhlara sahibiz. S\u0131rt\u0131m\u0131z\u0131 yaslayaca\u011f\u0131m\u0131z da\u011flar\u0131m\u0131z olmad\u0131 bizim ama onlar\u0131n nerede oldu\u011funu, hangi yoldan gidilece\u011fini biliyoruz.   Kar\u015f\u0131 k\u0131y\u0131ya ge\u00e7ece\u011fiz ve erozyona u\u011fram\u0131\u015f topraklara \u0131hlamur a\u011fa\u00e7lar\u0131 dikecek, \u00fctopyalarda dile gelen yeni bir d\u00fcnyay\u0131 kuraca\u011f\u0131z\u2026   Orada bekle beni\u2026 <\/p>\n","protected":false},"excerpt":{"rendered":"<p>Kitab\u0131 bask\u0131ya g\u00f6ndermeden \u00f6nce son olarak bir tan\u0131t\u0131m yaz\u0131s\u0131 eklemem gerekiyordu. T\u00fcm \u00f6yk\u00fcleri kapsayan k\u0131sa bir yaz\u0131 nas\u0131l olmal\u0131yd\u0131? \u00d6yk\u00fclerim; kad\u0131n\u0131, \u00e7ocu\u011fu, genci k\u00fcf kokan odalara<span class=\"excerpt-hellip\"> [\u2026]<\/span><\/p>\n","protected":false},"featured_media":0,"template":"","meta":{"_monsterinsights_skip_tracking":false,"_monsterinsights_sitenote_active":false,"_monsterinsights_sitenote_note":"","_monsterinsights_sitenote_category":0},"product_brand":[],"product_cat":[12291,18202],"product_tag":[],"class_list":{"0":"post-752950","1":"product","2":"type-product","3":"status-publish","5":"product_cat-edebiyat","6":"product_cat-hikaye","7":"pa_cilt-ciltsiz","8":"pa_tur-kitap","9":"pa_yayinevi-favori-yayinlari","10":"pa_yazar-tumay-leblebici","12":"first","13":"instock","14":"sale","15":"shipping-taxable","16":"purchasable","17":"product-type-simple"},"_links":{"self":[{"href":"https:\/\/roveyayinevi.com.tr\/index.php\/wp-json\/wp\/v2\/product\/752950","targetHints":{"allow":["GET"]}}],"collection":[{"href":"https:\/\/roveyayinevi.com.tr\/index.php\/wp-json\/wp\/v2\/product"}],"about":[{"href":"https:\/\/roveyayinevi.com.tr\/index.php\/wp-json\/wp\/v2\/types\/product"}],"wp:attachment":[{"href":"https:\/\/roveyayinevi.com.tr\/index.php\/wp-json\/wp\/v2\/media?parent=752950"}],"wp:term":[{"taxonomy":"product_brand","embeddable":true,"href":"https:\/\/roveyayinevi.com.tr\/index.php\/wp-json\/wp\/v2\/product_brand?post=752950"},{"taxonomy":"product_cat","embeddable":true,"href":"https:\/\/roveyayinevi.com.tr\/index.php\/wp-json\/wp\/v2\/product_cat?post=752950"},{"taxonomy":"product_tag","embeddable":true,"href":"https:\/\/roveyayinevi.com.tr\/index.php\/wp-json\/wp\/v2\/product_tag?post=752950"}],"curies":[{"name":"wp","href":"https:\/\/api.w.org\/{rel}","templated":true}]}}