{"id":752949,"date":"2025-08-28T05:29:23","date_gmt":"2025-08-28T02:29:23","guid":{"rendered":"https:\/\/roveyayinevi.com.tr\/index.php\/urun\/kadin-orgazm-isterse\/"},"modified":"2026-03-03T03:24:23","modified_gmt":"2026-03-03T00:24:23","slug":"kadin-orgazm-isterse","status":"publish","type":"product","link":"https:\/\/roveyayinevi.com.tr\/index.php\/urun\/kadin-orgazm-isterse\/","title":{"rendered":"Kad\u0131n Orgazm \u0130sterse"},"content":{"rendered":"<p>Kad\u0131nlar cinsel hazlar\u0131n\u0131 orgazm ile ta\u00e7land\u0131rmak isterler. \u00c7ok say\u0131da kad\u0131n organik veya psikoseks\u00fcel nedenlerden dolay\u0131 orgazma ula\u015famaz. Bu kitap kad\u0131nlar\u0131n orgazm beklentisini dikkate alarak temel kavramlar\u0131 ve teknikleri kademeli yap\u0131land\u0131r\u0131lm\u0131\u015f bir i\u00e7erik olarak kurgulanm\u0131\u015f vaka \u00f6rne\u011fi \u00fczerinden aktarmaktad\u0131r. \u00d6zellikle t\u0131p, seksoloji ve psikoloji alanlar\u0131n\u0131 temel alan bu \u00e7al\u0131\u015fma, her kad\u0131n\u0131n anlayaca\u011f\u0131 sadelikte haz\u0131rlanm\u0131\u015ft\u0131r. Hayat\u0131n i\u00e7inden her kad\u0131n bu kitab\u0131 okuyarak kendi cinsel davran\u0131\u015f\u0131n\u0131 analiz edebilir ve daha doyurucu cinsel ya\u015fam i\u00e7in aktar\u0131lan bilgi ve teknikleri cinsel davran\u0131\u015f\u0131na entegre edebilir. Cinsel terapi alan\u0131nda \u00e7al\u0131\u015fan uzmanlar anorgazmi ile ilgili \u00e7al\u0131\u015fmalar\u0131n\u0131 ve dan\u0131\u015fanlar\u0131n\u0131 desteklemek i\u00e7in bu kitapta aktar\u0131lan seksofonksiyonel cinsel terapi yakla\u015f\u0131m\u0131n\u0131 kullanabilirler. <\/p>\n","protected":false},"excerpt":{"rendered":"<p>Kad\u0131nlar cinsel hazlar\u0131n\u0131 orgazm ile ta\u00e7land\u0131rmak isterler. \u00c7ok say\u0131da kad\u0131n organik veya psikoseks\u00fcel nedenlerden dolay\u0131 orgazma ula\u015famaz. Bu kitap kad\u0131nlar\u0131n orgazm beklentisini dikkate alarak temel kavramlar\u0131<span class=\"excerpt-hellip\"> [\u2026]<\/span><\/p>\n","protected":false},"featured_media":0,"template":"","meta":{"_monsterinsights_skip_tracking":false,"_monsterinsights_sitenote_active":false,"_monsterinsights_sitenote_note":"","_monsterinsights_sitenote_category":0},"product_brand":[],"product_cat":[35288,13365],"product_tag":[],"class_list":{"0":"post-752949","1":"product","2":"type-product","3":"status-publish","5":"product_cat-cinsellik-saglik","6":"product_cat-saglik","7":"pa_cilt-ciltsiz","8":"pa_tur-kitap","9":"pa_yayinevi-kirmizi-cati-yayinlari","10":"pa_yazar-ertugrul-tas-mustafa-caglar","12":"first","13":"instock","14":"sale","15":"shipping-taxable","16":"purchasable","17":"product-type-simple"},"_links":{"self":[{"href":"https:\/\/roveyayinevi.com.tr\/index.php\/wp-json\/wp\/v2\/product\/752949","targetHints":{"allow":["GET"]}}],"collection":[{"href":"https:\/\/roveyayinevi.com.tr\/index.php\/wp-json\/wp\/v2\/product"}],"about":[{"href":"https:\/\/roveyayinevi.com.tr\/index.php\/wp-json\/wp\/v2\/types\/product"}],"wp:attachment":[{"href":"https:\/\/roveyayinevi.com.tr\/index.php\/wp-json\/wp\/v2\/media?parent=752949"}],"wp:term":[{"taxonomy":"product_brand","embeddable":true,"href":"https:\/\/roveyayinevi.com.tr\/index.php\/wp-json\/wp\/v2\/product_brand?post=752949"},{"taxonomy":"product_cat","embeddable":true,"href":"https:\/\/roveyayinevi.com.tr\/index.php\/wp-json\/wp\/v2\/product_cat?post=752949"},{"taxonomy":"product_tag","embeddable":true,"href":"https:\/\/roveyayinevi.com.tr\/index.php\/wp-json\/wp\/v2\/product_tag?post=752949"}],"curies":[{"name":"wp","href":"https:\/\/api.w.org\/{rel}","templated":true}]}}