{"id":752944,"date":"2025-08-28T05:29:14","date_gmt":"2025-08-28T02:29:14","guid":{"rendered":"https:\/\/roveyayinevi.com.tr\/index.php\/urun\/can-tanelerim-ogrencilerime-siirler\/"},"modified":"2026-04-16T03:06:06","modified_gmt":"2026-04-16T00:06:06","slug":"can-tanelerim-ogrencilerime-siirler","status":"publish","type":"product","link":"https:\/\/roveyayinevi.com.tr\/index.php\/urun\/can-tanelerim-ogrencilerime-siirler\/","title":{"rendered":"Can Tanelerim \u00d6\u011frencilerime \u015eiirler"},"content":{"rendered":"<p>\u201cHalil Manu\u015f\u2019un, \u2018Can Tanelerim\u2019 ad\u0131n\u0131 verdi\u011fi \u00e7ocuk \u015fiirleri kitab\u0131n\u0131n sat\u0131r aralar\u0131nda dola\u015f\u0131rken; bir Anadolu insan\u0131n\u0131n temiz, saf y\u00fcre\u011finden d\u00f6k\u00fclen ar\u0131 p\u0131narlardan akan su damlac\u0131klar\u0131n\u0131 g\u00f6r\u00fcrs\u00fcn\u00fcz. Her \u015fiir sizi al\u0131p ba\u015fka ba\u015fka diyarlara, ideallere ve g\u00fczelliklere g\u00f6t\u00fcr\u00fcr. Okuduk\u00e7a sizi sar\u0131p sarmalayan g\u00fczel \u0131t\u0131r kokular\u0131, lavanta \u00e7i\u00e7eklerinin baharda vermi\u015f oldu\u011fu, k\u00f6y yollar\u0131nda sa\u011fl\u0131 sollu a\u00e7m\u0131\u015f, serpilmi\u015f sar\u0131 beyaz papatya \u00e7i\u00e7eklerinin ho\u015f g\u00f6r\u00fcnt\u00fcleri aras\u0131nda gezintiye \u00e7\u0131kars\u0131n\u0131z. \u015eehrin so\u011fuk, demir di\u015flileri aras\u0131nda yok olan insanl\u0131\u011f\u0131m\u0131z\u0131, merhameti, sevgiyi ve manevi olan ne varsa bize inan\u00e7la, azimle \u00e7al\u0131\u015farak, severek ve sevgiyle hat\u0131rlat\u0131r.\u201d <\/p>\n","protected":false},"excerpt":{"rendered":"<p>\u201cHalil Manu\u015f\u2019un, \u2018Can Tanelerim\u2019 ad\u0131n\u0131 verdi\u011fi \u00e7ocuk \u015fiirleri kitab\u0131n\u0131n sat\u0131r aralar\u0131nda dola\u015f\u0131rken; bir Anadolu insan\u0131n\u0131n temiz, saf y\u00fcre\u011finden d\u00f6k\u00fclen ar\u0131 p\u0131narlardan akan su damlac\u0131klar\u0131n\u0131 g\u00f6r\u00fcrs\u00fcn\u00fcz. Her<span class=\"excerpt-hellip\"> [\u2026]<\/span><\/p>\n","protected":false},"featured_media":0,"template":"","meta":{"_monsterinsights_skip_tracking":false,"_monsterinsights_sitenote_active":false,"_monsterinsights_sitenote_note":"","_monsterinsights_sitenote_category":0},"product_brand":[],"product_cat":[12291,12509],"product_tag":[],"class_list":{"0":"post-752944","1":"product","2":"type-product","3":"status-publish","5":"product_cat-edebiyat","6":"product_cat-siir","7":"pa_cilt-ciltsiz","8":"pa_tur-kitap","9":"pa_yayinevi-gulnar-yayinlari","10":"pa_yazar-halil-manus","12":"first","13":"instock","14":"sale","15":"shipping-taxable","16":"purchasable","17":"product-type-simple"},"_links":{"self":[{"href":"https:\/\/roveyayinevi.com.tr\/index.php\/wp-json\/wp\/v2\/product\/752944","targetHints":{"allow":["GET"]}}],"collection":[{"href":"https:\/\/roveyayinevi.com.tr\/index.php\/wp-json\/wp\/v2\/product"}],"about":[{"href":"https:\/\/roveyayinevi.com.tr\/index.php\/wp-json\/wp\/v2\/types\/product"}],"wp:attachment":[{"href":"https:\/\/roveyayinevi.com.tr\/index.php\/wp-json\/wp\/v2\/media?parent=752944"}],"wp:term":[{"taxonomy":"product_brand","embeddable":true,"href":"https:\/\/roveyayinevi.com.tr\/index.php\/wp-json\/wp\/v2\/product_brand?post=752944"},{"taxonomy":"product_cat","embeddable":true,"href":"https:\/\/roveyayinevi.com.tr\/index.php\/wp-json\/wp\/v2\/product_cat?post=752944"},{"taxonomy":"product_tag","embeddable":true,"href":"https:\/\/roveyayinevi.com.tr\/index.php\/wp-json\/wp\/v2\/product_tag?post=752944"}],"curies":[{"name":"wp","href":"https:\/\/api.w.org\/{rel}","templated":true}]}}