{"id":752943,"date":"2025-08-28T05:29:12","date_gmt":"2025-08-28T02:29:12","guid":{"rendered":"https:\/\/roveyayinevi.com.tr\/index.php\/urun\/deli-gonul\/"},"modified":"2026-04-16T03:06:06","modified_gmt":"2026-04-16T00:06:06","slug":"deli-gonul","status":"publish","type":"product","link":"https:\/\/roveyayinevi.com.tr\/index.php\/urun\/deli-gonul\/","title":{"rendered":"Deli G\u00f6n\u00fcl"},"content":{"rendered":"<p>\u201cHak bir g\u00f6n\u00fcl verdi bana Ha demeden hayran olur\u201d   Halil Manu\u015f\u2019un deli g\u00f6nl\u00fc tam da b\u00f6yle Yunus\u2019un g\u00f6nl\u00fc gibidir. Kim g\u00f6nl\u00fcne laf anlatabilmi\u015f ki Halil Manu\u015f anlats\u0131n? O sebeptendir g\u00f6nl\u00fcn\u00fcn deli olu\u015fu.   Dini-tasavvufi derinlikli, didaktik nitelikli \u015fiirler a\u011f\u0131rl\u0131kta Deli G\u00f6n\u00fcl\u2019de. Bunun yan\u0131 s\u0131ra yurt sevgisi, s\u0131la \u00f6zlemi, a\u015fk ve sevgi temalar\u0131n\u0131 da i\u015flemi\u015f   Felsefi konular\u0131 irdeleyen \u015fiirler de var. \u0130\u015fte bir soru: \u0130nsan bir muamma m\u0131d\u0131r? Evet \u00f6yle. Aleksi Karel\u2019in bir kitab\u0131n\u0131 hat\u0131rl\u0131yorum. Ad\u0131 \u201c\u0130nsan Bu Me\u00e7hul\u201d.   Halil Manu\u015f da \u00f6yle diyor:   \u201cDe\u011fil mi ki, Ben bir insan\u0131m \u00d6yle ise; B\u00fcsb\u00fct\u00fcn muammay\u0131m&#8230;\u201d <\/p>\n","protected":false},"excerpt":{"rendered":"<p>\u201cHak bir g\u00f6n\u00fcl verdi bana Ha demeden hayran olur\u201d Halil Manu\u015f\u2019un deli g\u00f6nl\u00fc tam da b\u00f6yle Yunus\u2019un g\u00f6nl\u00fc gibidir. Kim g\u00f6nl\u00fcne laf anlatabilmi\u015f ki Halil Manu\u015f<span class=\"excerpt-hellip\"> [\u2026]<\/span><\/p>\n","protected":false},"featured_media":0,"template":"","meta":{"_monsterinsights_skip_tracking":false,"_monsterinsights_sitenote_active":false,"_monsterinsights_sitenote_note":"","_monsterinsights_sitenote_category":0},"product_brand":[],"product_cat":[12291,12509],"product_tag":[],"class_list":{"0":"post-752943","1":"product","2":"type-product","3":"status-publish","5":"product_cat-edebiyat","6":"product_cat-siir","7":"pa_cilt-ciltsiz","8":"pa_tur-kitap","9":"pa_yayinevi-gulnar-yayinlari","10":"pa_yazar-halil-manus","12":"first","13":"instock","14":"sale","15":"shipping-taxable","16":"purchasable","17":"product-type-simple"},"_links":{"self":[{"href":"https:\/\/roveyayinevi.com.tr\/index.php\/wp-json\/wp\/v2\/product\/752943","targetHints":{"allow":["GET"]}}],"collection":[{"href":"https:\/\/roveyayinevi.com.tr\/index.php\/wp-json\/wp\/v2\/product"}],"about":[{"href":"https:\/\/roveyayinevi.com.tr\/index.php\/wp-json\/wp\/v2\/types\/product"}],"wp:attachment":[{"href":"https:\/\/roveyayinevi.com.tr\/index.php\/wp-json\/wp\/v2\/media?parent=752943"}],"wp:term":[{"taxonomy":"product_brand","embeddable":true,"href":"https:\/\/roveyayinevi.com.tr\/index.php\/wp-json\/wp\/v2\/product_brand?post=752943"},{"taxonomy":"product_cat","embeddable":true,"href":"https:\/\/roveyayinevi.com.tr\/index.php\/wp-json\/wp\/v2\/product_cat?post=752943"},{"taxonomy":"product_tag","embeddable":true,"href":"https:\/\/roveyayinevi.com.tr\/index.php\/wp-json\/wp\/v2\/product_tag?post=752943"}],"curies":[{"name":"wp","href":"https:\/\/api.w.org\/{rel}","templated":true}]}}