{"id":752942,"date":"2025-08-28T05:29:10","date_gmt":"2025-08-28T02:29:10","guid":{"rendered":"https:\/\/roveyayinevi.com.tr\/index.php\/urun\/locke-key-cilt-2-akil-oyunlari\/"},"modified":"2026-04-16T03:06:06","modified_gmt":"2026-04-16T00:06:06","slug":"locke-key-cilt-2-akil-oyunlari","status":"publish","type":"product","link":"https:\/\/roveyayinevi.com.tr\/index.php\/urun\/locke-key-cilt-2-akil-oyunlari\/","title":{"rendered":"Locke &amp; Key Cilt 2 Ak\u0131l Oyunlar\u0131"},"content":{"rendered":"<p>Evlerine yap\u0131lan ve babalar\u0131n\u0131n \u00f6l\u00fcm\u00fcne sebep olan korkun\u00e7 sald\u0131r\u0131dan sa\u011f kurtulmay\u0131 ba\u015faran Locke \u00e7ocuklar\u0131, hayatlar\u0131na yeni yeni \u00e7ekid\u00fczen vermeye ba\u015flam\u0131\u015fken k\u00fc\u00e7\u00fck Bode, inan\u0131lmaz bir g\u00fcce sahip bir anahtar ke\u015ffeder. Soru: Korkular\u0131n\u0131 yenmek, istedi\u011fin bir yetene\u011fi kazanmak ve herhangi bir sanat dal\u0131n\u0131 \u00f6\u011frenmek, anahtar\u0131 bir kilitte d\u00f6nd\u00fcrmek kadar kolay olsayd\u0131 ne olurdu? Cevap: Hayat\u0131na mal olurdu, \u00f6zellikle de Locke ailesinin can d\u00fc\u015fman\u0131 olan k\u00f6t\u00fc kalpli yarat\u0131k Dodge, onu eline ge\u00e7irirse. Hill taraf\u0131ndan yaz\u0131lan ve Gabriel Rodriguez\u2019in ak\u0131lalmaz sanat\u0131n\u0131 bar\u0131nd\u0131ran Locke &amp; Key\u2019in bu ikinci cildi, size asla unutamayaca\u011f\u0131n\u0131z bir ak\u0131l tutulmas\u0131 ya\u015fatacak. <\/p>\n","protected":false},"excerpt":{"rendered":"<p>Evlerine yap\u0131lan ve babalar\u0131n\u0131n \u00f6l\u00fcm\u00fcne sebep olan korkun\u00e7 sald\u0131r\u0131dan sa\u011f kurtulmay\u0131 ba\u015faran Locke \u00e7ocuklar\u0131, hayatlar\u0131na yeni yeni \u00e7ekid\u00fczen vermeye ba\u015flam\u0131\u015fken k\u00fc\u00e7\u00fck Bode, inan\u0131lmaz bir g\u00fcce sahip<span class=\"excerpt-hellip\"> [\u2026]<\/span><\/p>\n","protected":false},"featured_media":0,"template":"","meta":{"_monsterinsights_skip_tracking":false,"_monsterinsights_sitenote_active":false,"_monsterinsights_sitenote_note":"","_monsterinsights_sitenote_category":0},"product_brand":[],"product_cat":[12416,12291],"product_tag":[],"class_list":{"0":"post-752942","1":"product","2":"type-product","3":"status-publish","5":"product_cat-cizgi-roman","6":"product_cat-edebiyat","7":"pa_cilt-ciltsiz","8":"pa_tur-kitap","9":"pa_yayinevi-jbc-yayincilik","10":"pa_yazar-joe-hill","12":"first","13":"instock","14":"sale","15":"shipping-taxable","16":"purchasable","17":"product-type-simple"},"_links":{"self":[{"href":"https:\/\/roveyayinevi.com.tr\/index.php\/wp-json\/wp\/v2\/product\/752942","targetHints":{"allow":["GET"]}}],"collection":[{"href":"https:\/\/roveyayinevi.com.tr\/index.php\/wp-json\/wp\/v2\/product"}],"about":[{"href":"https:\/\/roveyayinevi.com.tr\/index.php\/wp-json\/wp\/v2\/types\/product"}],"wp:attachment":[{"href":"https:\/\/roveyayinevi.com.tr\/index.php\/wp-json\/wp\/v2\/media?parent=752942"}],"wp:term":[{"taxonomy":"product_brand","embeddable":true,"href":"https:\/\/roveyayinevi.com.tr\/index.php\/wp-json\/wp\/v2\/product_brand?post=752942"},{"taxonomy":"product_cat","embeddable":true,"href":"https:\/\/roveyayinevi.com.tr\/index.php\/wp-json\/wp\/v2\/product_cat?post=752942"},{"taxonomy":"product_tag","embeddable":true,"href":"https:\/\/roveyayinevi.com.tr\/index.php\/wp-json\/wp\/v2\/product_tag?post=752942"}],"curies":[{"name":"wp","href":"https:\/\/api.w.org\/{rel}","templated":true}]}}