{"id":752940,"date":"2025-08-28T05:29:07","date_gmt":"2025-08-28T02:29:07","guid":{"rendered":"https:\/\/roveyayinevi.com.tr\/index.php\/urun\/kadina-yonelik-siddet-ve-siddetin-onlenmesinde-kades-uygulamasi\/"},"modified":"2026-04-16T03:06:06","modified_gmt":"2026-04-16T00:06:06","slug":"kadina-yonelik-siddet-ve-siddetin-onlenmesinde-kades-uygulamasi","status":"publish","type":"product","link":"https:\/\/roveyayinevi.com.tr\/index.php\/urun\/kadina-yonelik-siddet-ve-siddetin-onlenmesinde-kades-uygulamasi\/","title":{"rendered":"Kad\u0131na Y\u00f6nelik \u015eiddet ve \u015eiddetin \u00d6nlenmesinde Kades Uygulamas\u0131"},"content":{"rendered":"<p>Kad\u0131na Y\u00f6nelik \u015eiddet ve \u015eiddetin \u00d6nlenmesinde KADES Uygulamas\u0131 Edit\u00f6r: Nargis \u00d6zgen   Kad\u0131n Acil Destek Sistemi T\u00fcrkiye Cumhuriyeti Anayasas\u0131\u2019nda yer alan aile, kad\u0131n ve \u00e7ocuklar\u0131n korunmas\u0131na ili\u015fkin devletten beklenen y\u00fck\u00fcml\u00fcl\u00fcklerin bir gere\u011fi olarak \u015fiddet eylemlerinin etkin bir \u015fekilde soru\u015fturulmas\u0131 ve kovu\u015fturulmas\u0131 ayr\u0131ca al\u0131nmas\u0131 gereken adli ve idari \u00f6nlemlerin de ivedi bir \u015fekilde al\u0131narak uygulanmas\u0131n\u0131n bir par\u00e7as\u0131d\u0131r. Bunun yan\u0131 s\u0131ra KADES, taraf olunan uluslararas\u0131 s\u00f6zle\u015fmelerle y\u00fck\u00fcml\u00fc k\u0131l\u0131nan ve \u015fiddet eylemleri ger\u00e7ekle\u015ftikten sonra bunun takibini yapmak ve failleri cezaland\u0131rmaktan ibaret olmay\u0131p \u015fiddetin \u00f6nlenmesini i\u00e7eren, devletlerin kad\u0131na kar\u015f\u0131 \u015fiddetle m\u00fccadeledeki \u00f6zen y\u00fck\u00fcml\u00fcl\u00fc\u011f\u00fc kapsam\u0131nda da de\u011ferlendirilmektedir. KADES uygulamas\u0131n\u0131n kolay eri\u015filebilir olmas\u0131 ve her kad\u0131n\u0131n kullan\u0131m\u0131na sunulmas\u0131 konu hakk\u0131nda gelinen noktay\u0131 g\u00f6zler \u00f6n\u00fcne sermekte, ihbarlara ula\u015f\u0131m ve m\u00fcdahale s\u00fcresi bak\u0131m\u0131ndan ba\u015far\u0131s\u0131 tescillenmektedir. D\u00fcnyaya \u00f6rnek te\u015fkil eden uygulaman\u0131n tan\u0131t\u0131m faaliyetlerinin devaml\u0131l\u0131\u011f\u0131 insan hayat\u0131 a\u00e7\u0131s\u0131ndan \u00f6nem kazanmakta ve T\u00fcrkiye Cumhuriyeti\u2019nin kad\u0131na verdi\u011fi de\u011ferin alt\u0131n\u0131 \u00e7izmektedir. <\/p>\n","protected":false},"excerpt":{"rendered":"<p>Kad\u0131na Y\u00f6nelik \u015eiddet ve \u015eiddetin \u00d6nlenmesinde KADES Uygulamas\u0131 Edit\u00f6r: Nargis \u00d6zgen Kad\u0131n Acil Destek Sistemi T\u00fcrkiye Cumhuriyeti Anayasas\u0131\u2019nda yer alan aile, kad\u0131n ve \u00e7ocuklar\u0131n korunmas\u0131na ili\u015fkin<span class=\"excerpt-hellip\"> [\u2026]<\/span><\/p>\n","protected":false},"featured_media":0,"template":"","meta":{"_monsterinsights_skip_tracking":false,"_monsterinsights_sitenote_active":false,"_monsterinsights_sitenote_note":"","_monsterinsights_sitenote_category":0},"product_brand":[],"product_cat":[13252,12324],"product_tag":[],"class_list":{"0":"post-752940","1":"product","2":"type-product","3":"status-publish","5":"product_cat-kadin-calismalari","6":"product_cat-sosyoloji","7":"pa_cilt-ciltsiz","8":"pa_tur-kitap","9":"pa_yayinevi-tiav","10":"pa_yazar-kolektif","12":"first","13":"instock","14":"sale","15":"shipping-taxable","16":"purchasable","17":"product-type-simple"},"_links":{"self":[{"href":"https:\/\/roveyayinevi.com.tr\/index.php\/wp-json\/wp\/v2\/product\/752940","targetHints":{"allow":["GET"]}}],"collection":[{"href":"https:\/\/roveyayinevi.com.tr\/index.php\/wp-json\/wp\/v2\/product"}],"about":[{"href":"https:\/\/roveyayinevi.com.tr\/index.php\/wp-json\/wp\/v2\/types\/product"}],"wp:attachment":[{"href":"https:\/\/roveyayinevi.com.tr\/index.php\/wp-json\/wp\/v2\/media?parent=752940"}],"wp:term":[{"taxonomy":"product_brand","embeddable":true,"href":"https:\/\/roveyayinevi.com.tr\/index.php\/wp-json\/wp\/v2\/product_brand?post=752940"},{"taxonomy":"product_cat","embeddable":true,"href":"https:\/\/roveyayinevi.com.tr\/index.php\/wp-json\/wp\/v2\/product_cat?post=752940"},{"taxonomy":"product_tag","embeddable":true,"href":"https:\/\/roveyayinevi.com.tr\/index.php\/wp-json\/wp\/v2\/product_tag?post=752940"}],"curies":[{"name":"wp","href":"https:\/\/api.w.org\/{rel}","templated":true}]}}