{"id":752939,"date":"2025-08-28T05:29:06","date_gmt":"2025-08-28T02:29:06","guid":{"rendered":"https:\/\/roveyayinevi.com.tr\/index.php\/urun\/umberto-arte-ile-sanat-v\/"},"modified":"2026-04-16T03:06:06","modified_gmt":"2026-04-16T00:06:06","slug":"umberto-arte-ile-sanat-v","status":"publish","type":"product","link":"https:\/\/roveyayinevi.com.tr\/index.php\/urun\/umberto-arte-ile-sanat-v\/","title":{"rendered":"Umberto Arte ile Sanat V"},"content":{"rendered":"<p>Rafael gibi resim yapmak d\u00f6rt y\u0131l\u0131m\u0131 ald\u0131, bir \u00e7ocuk gibi resim yapmaksa b\u00fct\u00fcn \u00f6mr\u00fcm\u00fc.\u201d \u2013 Picasso Serinin be\u015finci ve son kitab\u0131 Van Gogh\u2019un Rachel\u2019e hediye etti\u011fi kesik kula\u011f\u0131 ve Dr. F\u00e9lix Rey\u2019e hediye etti\u011fi portresi \u00fczerinden gidip, bu s\u0131ra d\u0131\u015f\u0131 hediyelerin izini s\u00fcr\u00fcyor. D\u00fcnden bug\u00fcne Rachel\u2019in kimli\u011fi \u00fczerinden olu\u015fturulan spek\u00fclatif bilgilere de a\u00e7\u0131kl\u0131k getiriyor. Sonras\u0131nda, Romal\u0131 \u015fair Ovidius\u2019a dayanan mitoloji tarihinin en \u00f6nemli hik\u00e2yelerinden biri olan Europa\u2019n\u0131n ka\u00e7\u0131r\u0131lmas\u0131na de\u011finip, ba\u015fta Titian ve Rembrandt olmak \u00fczere konunun sanat tarihine yans\u0131malar\u0131n\u0131n keyifli ve detayl\u0131 incelemeleri yap\u0131l\u0131yor. Devam\u0131nda; 19. y\u00fczy\u0131l Frans\u0131z realist ressam\u0131 Jules Bastien-Lepage\u2019\u0131n k\u0131sa hayat\u0131na g\u00f6z at\u0131l\u0131p, October ve Haymaker gibi \u00f6nemli \u00e7al\u0131\u015fmalar\u0131n\u0131n incelemesi yap\u0131l\u0131yor. B\u00fcy\u00fck \u0130skender ile III. Darius\u2019un m\u00fccadelesi \u00fczerinden uygarl\u0131k tarihine giri\u015f yap\u0131p, Do\u011fu ve Bat\u0131 medeniyetleri ekseninde Albrecht Altdorfer\u2019in \u0130ssos\u2019ta \u0130skender Muharebesi yap\u0131t\u0131n\u0131n \u015fifreleri \u00e7\u00f6z\u00fcl\u00fcyor. Bunlarla birlikte; John William Waterhouse\u2019un Danaidler\u2019i, Picasso\u2019nun hen\u00fcz 16 ya\u015f\u0131nda yapt\u0131\u011f\u0131 Bilim ve Merhamet resmi, 17. y\u00fczy\u0131l Hollandal\u0131 t\u00fcr ressam\u0131 Gabri\u00ebl Metsu\u2019nun hayat\u0131 ve en \u00f6nemli eserleri, yine hayat\u0131 entrikalarla dolu Seneca\u2019n\u0131n Claudius ve Neron ile ili\u015fkisi, ya\u015fam\u0131, Stoa felsefesi, intihar\u0131 gibi \u00f6nemli konular\u0131n detayl\u0131 bir \u015fekilde incelemesi yap\u0131l\u0131yor. Peter Paul Rubens\u2019in Aslanlar\u0131n \u0130nindeki Daniel yap\u0131t\u0131, \u201cBir \u015eehir, Be\u015f Resim: \u0130stanbul\u201d ba\u015fl\u0131\u011f\u0131yla Delacroix, Constant, Hasan R\u0131za, Zonaro, Chlebowski gibi sanat\u00e7\u0131lar\u0131n \u0130stanbul konulu resimlerinin incelemesi ve son olarak Rembrandt\u2019\u0131n Celile Denizi\u2019nde F\u0131rt\u0131na, Bouguereau\u2019nun \u0130lk Yas ve Jacques-Louis David\u2019in Horatius Karde\u015flerin Yemini resimleri inceleniyor. Umberto Arte ile Sanat V, sizleri mitoloji, uygarl\u0131k tarihi ve felsefe ile yo\u011frulmu\u015f keyifli bir sanat okumas\u0131na davet ediyor.<\/p>\n","protected":false},"excerpt":{"rendered":"<p>Rafael gibi resim yapmak d\u00f6rt y\u0131l\u0131m\u0131 ald\u0131, bir \u00e7ocuk gibi resim yapmaksa b\u00fct\u00fcn \u00f6mr\u00fcm\u00fc.\u201d \u2013 Picasso Serinin be\u015finci ve son kitab\u0131 Van Gogh\u2019un Rachel\u2019e hediye etti\u011fi<span class=\"excerpt-hellip\"> [\u2026]<\/span><\/p>\n","protected":false},"featured_media":0,"template":"","meta":{"_monsterinsights_skip_tracking":false,"_monsterinsights_sitenote_active":false,"_monsterinsights_sitenote_note":"","_monsterinsights_sitenote_category":0},"product_brand":[],"product_cat":[44608,12408],"product_tag":[],"class_list":{"0":"post-752939","1":"product","2":"type-product","3":"status-publish","5":"product_cat-diger-sanat","6":"product_cat-sanat","7":"pa_cilt-ciltsiz","8":"pa_tur-kitap","9":"pa_yayinevi-destek-yayinlari","10":"pa_yazar-umberto-arte","12":"first","13":"instock","14":"sale","15":"shipping-taxable","16":"purchasable","17":"product-type-simple"},"_links":{"self":[{"href":"https:\/\/roveyayinevi.com.tr\/index.php\/wp-json\/wp\/v2\/product\/752939","targetHints":{"allow":["GET"]}}],"collection":[{"href":"https:\/\/roveyayinevi.com.tr\/index.php\/wp-json\/wp\/v2\/product"}],"about":[{"href":"https:\/\/roveyayinevi.com.tr\/index.php\/wp-json\/wp\/v2\/types\/product"}],"wp:attachment":[{"href":"https:\/\/roveyayinevi.com.tr\/index.php\/wp-json\/wp\/v2\/media?parent=752939"}],"wp:term":[{"taxonomy":"product_brand","embeddable":true,"href":"https:\/\/roveyayinevi.com.tr\/index.php\/wp-json\/wp\/v2\/product_brand?post=752939"},{"taxonomy":"product_cat","embeddable":true,"href":"https:\/\/roveyayinevi.com.tr\/index.php\/wp-json\/wp\/v2\/product_cat?post=752939"},{"taxonomy":"product_tag","embeddable":true,"href":"https:\/\/roveyayinevi.com.tr\/index.php\/wp-json\/wp\/v2\/product_tag?post=752939"}],"curies":[{"name":"wp","href":"https:\/\/api.w.org\/{rel}","templated":true}]}}