{"id":752938,"date":"2025-08-28T05:29:05","date_gmt":"2025-08-28T02:29:05","guid":{"rendered":"https:\/\/roveyayinevi.com.tr\/index.php\/urun\/bidik-yeni-kardes-geliyor\/"},"modified":"2026-04-03T03:08:12","modified_gmt":"2026-04-03T00:08:12","slug":"bidik-yeni-kardes-geliyor","status":"publish","type":"product","link":"https:\/\/roveyayinevi.com.tr\/index.php\/urun\/bidik-yeni-kardes-geliyor\/","title":{"rendered":"B\u0131d\u0131k &#8211; Yeni Karde\u015f Geliyor"},"content":{"rendered":"<p>Yak ailesinin en minik \u00fcyesi B\u0131d\u0131k&#8217;\u0131n karde\u015fi oluyor!B\u0131d\u0131k \u00f6yle heyecanl\u0131yd\u0131 ki sevdi\u011fi her \u015feyi karde\u015fiyle payla\u015fmaya haz\u0131rd\u0131. En sevdi\u011fi tara\u011f\u0131n\u0131, \u00e7am kozalaklar\u0131n\u0131, birbirinden g\u00fczel kitaplar\u0131n\u0131, B\u00fcy\u00fckanne Hilda&#8217;y\u0131\u2026 Peki ya annesini?\u0130\u015fte o konuda kafas\u0131nda baz\u0131 soru i\u015faretleri vard\u0131. Acaba annesinin kalbi hem B\u0131d\u0131k&#8217;\u0131 hem de karde\u015fini i\u00e7ine alacak kadar b\u00fcy\u00fck m\u00fcyd\u00fc?K\u00fc\u00e7\u00fcc\u00fck kalplerimizin, sevginin g\u00fcc\u00fcyle nas\u0131l u\u00e7suz bucaks\u0131z b\u00fcy\u00fcd\u00fc\u011f\u00fcn\u00fc anlatan, y\u00fcrekleri \u0131s\u0131tacak harika bir \u00f6yk\u00fc.<\/p>\n","protected":false},"excerpt":{"rendered":"<p>Yak ailesinin en minik \u00fcyesi B\u0131d\u0131k&#8217;\u0131n karde\u015fi oluyor!B\u0131d\u0131k \u00f6yle heyecanl\u0131yd\u0131 ki sevdi\u011fi her \u015feyi karde\u015fiyle payla\u015fmaya haz\u0131rd\u0131. En sevdi\u011fi tara\u011f\u0131n\u0131, \u00e7am kozalaklar\u0131n\u0131, birbirinden g\u00fczel kitaplar\u0131n\u0131, B\u00fcy\u00fckanne<span class=\"excerpt-hellip\"> [\u2026]<\/span><\/p>\n","protected":false},"featured_media":0,"template":"","meta":{"_monsterinsights_skip_tracking":false,"_monsterinsights_sitenote_active":false,"_monsterinsights_sitenote_note":"","_monsterinsights_sitenote_category":0},"product_brand":[],"product_cat":[12274,12284],"product_tag":[],"class_list":{"0":"post-752938","1":"product","2":"type-product","3":"status-publish","5":"product_cat-cocuk-ve-genclik-kitaplari","6":"product_cat-hikayeler","7":"pa_cilt-ciltsiz","8":"pa_tur-kitap","9":"pa_yayinevi-altin-kitaplar-cocuk-kitaplari","10":"pa_yazar-lu-fraser","12":"first","13":"instock","14":"sale","15":"shipping-taxable","16":"purchasable","17":"product-type-simple"},"_links":{"self":[{"href":"https:\/\/roveyayinevi.com.tr\/index.php\/wp-json\/wp\/v2\/product\/752938","targetHints":{"allow":["GET"]}}],"collection":[{"href":"https:\/\/roveyayinevi.com.tr\/index.php\/wp-json\/wp\/v2\/product"}],"about":[{"href":"https:\/\/roveyayinevi.com.tr\/index.php\/wp-json\/wp\/v2\/types\/product"}],"wp:attachment":[{"href":"https:\/\/roveyayinevi.com.tr\/index.php\/wp-json\/wp\/v2\/media?parent=752938"}],"wp:term":[{"taxonomy":"product_brand","embeddable":true,"href":"https:\/\/roveyayinevi.com.tr\/index.php\/wp-json\/wp\/v2\/product_brand?post=752938"},{"taxonomy":"product_cat","embeddable":true,"href":"https:\/\/roveyayinevi.com.tr\/index.php\/wp-json\/wp\/v2\/product_cat?post=752938"},{"taxonomy":"product_tag","embeddable":true,"href":"https:\/\/roveyayinevi.com.tr\/index.php\/wp-json\/wp\/v2\/product_tag?post=752938"}],"curies":[{"name":"wp","href":"https:\/\/api.w.org\/{rel}","templated":true}]}}