{"id":752937,"date":"2025-08-28T05:29:04","date_gmt":"2025-08-28T02:29:04","guid":{"rendered":"https:\/\/roveyayinevi.com.tr\/index.php\/urun\/araci-kurum-olmadan-evlat-edinme\/"},"modified":"2026-04-16T03:06:06","modified_gmt":"2026-04-16T00:06:06","slug":"araci-kurum-olmadan-evlat-edinme","status":"publish","type":"product","link":"https:\/\/roveyayinevi.com.tr\/index.php\/urun\/araci-kurum-olmadan-evlat-edinme\/","title":{"rendered":"Arac\u0131 Kurum Olmadan Evlat Edinme"},"content":{"rendered":"<p>Evlat edinme i\u015flemlerinde \u00e7ocu\u011fun y\u00fcksek yarar\u0131 her zaman \u00f6nde gelir. Bu \u00e7al\u0131\u015fman\u0131n amac\u0131, arac\u0131 kurum olmadan ger\u00e7ekle\u015fen evlat edinmelerde, g\u00f6r\u00fcn\u00fcr olmayan ger\u00e7eklerin vaka \u00f6rnekleriyle g\u00f6r\u00fcn\u00fcr k\u0131l\u0131nmas\u0131n\u0131 sa\u011flamakt\u0131r. Her \u00e7ocuk korunmak ve sevgi g\u00f6rmek ister. Bunun adresi hi\u00e7 ku\u015fkusuz ailedir. Ancak baz\u0131 \u00e7ocuklar aile i\u00e7i \u015fiddet, ebeveyn yetersizli\u011fi, ihmal, istismar, terkedilme, evlilik d\u0131\u015f\u0131 do\u011fum, yoksulluk gibi bir\u00e7ok nedenle ailelerinin yan\u0131nda b\u00fcy\u00fcyemeyebilirler. \u00dclkemizde ailesinin yan\u0131nda desteklenemeyen \u00e7ocuklar i\u00e7in kullan\u0131lan modellerden biri de evlat edinmedir. Evlat edinme ile ilgili d\u00fczenlemeler T\u00fcrk Medeni Kanununda yer almaktad\u0131r. T\u00fcm evlat edinmelerin mahkeme karar\u0131yla ger\u00e7ekle\u015fmesi gerekmektedir. Evlat edinmenin iki yolu bulunmaktad\u0131r. Bunlardan biri Aile ve Sosyal Hizmetler Bakanl\u0131\u011f\u0131 arac\u0131l\u0131\u011f\u0131yla yap\u0131lan, di\u011feri arac\u0131 kurum olmaks\u0131z\u0131n evlatl\u0131k veren ve evlat edinen ailenin kendi aralar\u0131nda anla\u015farak mahkemeye ba\u015fvurmas\u0131yla ger\u00e7ekle\u015fen evlat edinmelerdir.Anadolu\u2019da \u201cilk d\u00fc\u011fmeyi yanl\u0131\u015f iliklemek\u201d diye konumuzla \u00f6rt\u00fc\u015fen g\u00fczel bir deyim vard\u0131r, tekrar d\u00fczeltmek bazen hi\u00e7 kolay olmaz. Bu kitapta yer alan vaka \u00f6rneklerinde yanl\u0131\u015f iliklenmi\u015f g\u00f6mlek d\u00fc\u011fmelerini g\u00f6rmek m\u00fcmk\u00fcn\u2026 <\/p>\n","protected":false},"excerpt":{"rendered":"<p>Evlat edinme i\u015flemlerinde \u00e7ocu\u011fun y\u00fcksek yarar\u0131 her zaman \u00f6nde gelir. Bu \u00e7al\u0131\u015fman\u0131n amac\u0131, arac\u0131 kurum olmadan ger\u00e7ekle\u015fen evlat edinmelerde, g\u00f6r\u00fcn\u00fcr olmayan ger\u00e7eklerin vaka \u00f6rnekleriyle g\u00f6r\u00fcn\u00fcr k\u0131l\u0131nmas\u0131n\u0131<span class=\"excerpt-hellip\"> [\u2026]<\/span><\/p>\n","protected":false},"featured_media":0,"template":"","meta":{"_monsterinsights_skip_tracking":false,"_monsterinsights_sitenote_active":false,"_monsterinsights_sitenote_note":"","_monsterinsights_sitenote_category":0},"product_brand":[],"product_cat":[12325,12324],"product_tag":[],"class_list":{"0":"post-752937","1":"product","2":"type-product","3":"status-publish","5":"product_cat-diger-sosyoloji","6":"product_cat-sosyoloji","7":"pa_cilt-ciltsiz","8":"pa_tur-kitap","9":"pa_yayinevi-nika-yayinevi","10":"pa_yazar-gungor-cabuk","12":"first","13":"instock","14":"sale","15":"shipping-taxable","16":"purchasable","17":"product-type-simple"},"_links":{"self":[{"href":"https:\/\/roveyayinevi.com.tr\/index.php\/wp-json\/wp\/v2\/product\/752937","targetHints":{"allow":["GET"]}}],"collection":[{"href":"https:\/\/roveyayinevi.com.tr\/index.php\/wp-json\/wp\/v2\/product"}],"about":[{"href":"https:\/\/roveyayinevi.com.tr\/index.php\/wp-json\/wp\/v2\/types\/product"}],"wp:attachment":[{"href":"https:\/\/roveyayinevi.com.tr\/index.php\/wp-json\/wp\/v2\/media?parent=752937"}],"wp:term":[{"taxonomy":"product_brand","embeddable":true,"href":"https:\/\/roveyayinevi.com.tr\/index.php\/wp-json\/wp\/v2\/product_brand?post=752937"},{"taxonomy":"product_cat","embeddable":true,"href":"https:\/\/roveyayinevi.com.tr\/index.php\/wp-json\/wp\/v2\/product_cat?post=752937"},{"taxonomy":"product_tag","embeddable":true,"href":"https:\/\/roveyayinevi.com.tr\/index.php\/wp-json\/wp\/v2\/product_tag?post=752937"}],"curies":[{"name":"wp","href":"https:\/\/api.w.org\/{rel}","templated":true}]}}