{"id":752935,"date":"2025-08-28T05:29:00","date_gmt":"2025-08-28T02:29:00","guid":{"rendered":"https:\/\/roveyayinevi.com.tr\/index.php\/urun\/double-me-5\/"},"modified":"2026-04-16T03:06:06","modified_gmt":"2026-04-16T00:06:06","slug":"double-me-5","status":"publish","type":"product","link":"https:\/\/roveyayinevi.com.tr\/index.php\/urun\/double-me-5\/","title":{"rendered":"Double Me 5"},"content":{"rendered":"<p>TEK TIKLA \u00d6L\u00dcMS\u00dcZL\u00dcK! Sarah, internet a\u011f\u0131ndaki hakimiyetini geni\u015fletmeye devam ederken, onu durdurmak isteyen polisin Aiko&#8217;yu bulmaktan ba\u015fka \u00e7aresi yoktur. Aiko ise \u00e7al\u0131nan kimli\u011finin intikam\u0131n\u0131 almaya kararl\u0131d\u0131r. Bunu ba\u015farmak i\u00e7in her \u015feye, hatta Yakuza ile bir anla\u015fma yapmaya bile haz\u0131rd\u0131r. Peki, bu tehlikeli i\u015fbirli\u011fi yapay zek\u00e2y\u0131 durdurmaya yetecek mi? <\/p>\n","protected":false},"excerpt":{"rendered":"<p>TEK TIKLA \u00d6L\u00dcMS\u00dcZL\u00dcK! Sarah, internet a\u011f\u0131ndaki hakimiyetini geni\u015fletmeye devam ederken, onu durdurmak isteyen polisin Aiko&#8217;yu bulmaktan ba\u015fka \u00e7aresi yoktur. Aiko ise \u00e7al\u0131nan kimli\u011finin intikam\u0131n\u0131 almaya kararl\u0131d\u0131r.<span class=\"excerpt-hellip\"> [\u2026]<\/span><\/p>\n","protected":false},"featured_media":0,"template":"","meta":{"_monsterinsights_skip_tracking":false,"_monsterinsights_sitenote_active":false,"_monsterinsights_sitenote_note":"","_monsterinsights_sitenote_category":0},"product_brand":[],"product_cat":[12416,12291],"product_tag":[],"class_list":{"0":"post-752935","1":"product","2":"type-product","3":"status-publish","5":"product_cat-cizgi-roman","6":"product_cat-edebiyat","7":"pa_cilt-ciltsiz","8":"pa_tur-kitap","9":"pa_yayinevi-dex-yayinevi","10":"pa_yazar-miki-makasu-oto-san","12":"first","13":"instock","14":"sale","15":"shipping-taxable","16":"purchasable","17":"product-type-simple"},"_links":{"self":[{"href":"https:\/\/roveyayinevi.com.tr\/index.php\/wp-json\/wp\/v2\/product\/752935","targetHints":{"allow":["GET"]}}],"collection":[{"href":"https:\/\/roveyayinevi.com.tr\/index.php\/wp-json\/wp\/v2\/product"}],"about":[{"href":"https:\/\/roveyayinevi.com.tr\/index.php\/wp-json\/wp\/v2\/types\/product"}],"wp:attachment":[{"href":"https:\/\/roveyayinevi.com.tr\/index.php\/wp-json\/wp\/v2\/media?parent=752935"}],"wp:term":[{"taxonomy":"product_brand","embeddable":true,"href":"https:\/\/roveyayinevi.com.tr\/index.php\/wp-json\/wp\/v2\/product_brand?post=752935"},{"taxonomy":"product_cat","embeddable":true,"href":"https:\/\/roveyayinevi.com.tr\/index.php\/wp-json\/wp\/v2\/product_cat?post=752935"},{"taxonomy":"product_tag","embeddable":true,"href":"https:\/\/roveyayinevi.com.tr\/index.php\/wp-json\/wp\/v2\/product_tag?post=752935"}],"curies":[{"name":"wp","href":"https:\/\/api.w.org\/{rel}","templated":true}]}}