{"id":752934,"date":"2025-08-28T05:28:59","date_gmt":"2025-08-28T02:28:59","guid":{"rendered":"https:\/\/roveyayinevi.com.tr\/index.php\/urun\/kucuk-bay-ve-bayanlar-sekillerle-boya\/"},"modified":"2026-04-16T03:06:06","modified_gmt":"2026-04-16T00:06:06","slug":"kucuk-bay-ve-bayanlar-sekillerle-boya","status":"publish","type":"product","link":"https:\/\/roveyayinevi.com.tr\/index.php\/urun\/kucuk-bay-ve-bayanlar-sekillerle-boya\/","title":{"rendered":"K\u00fc\u00e7\u00fck Bay ve Bayanlar \u015eekillerle Boya"},"content":{"rendered":"<p>\u015eekiller her yerde! \u00c7ocu\u011funuzla birlikte ne\u015feli resimleri inceleyin, K\u00fc\u00e7\u00fck Bay ve Bayanlar d\u00fcnyas\u0131ndaki \u015fekilleri ke\u015ffedin! Bu interaktif kitapla \u00e7ocu\u011funuz temel \u015fekilleri \u00f6\u011frenecek, g\u00fcnl\u00fck hayatta kar\u015f\u0131m\u0131za \u00e7\u0131kan \u015fekilleri fark etmeye ba\u015flayacak, hayal g\u00fcc\u00fc canlanacak!   Bu kitab\u0131 nas\u0131l okuyal\u0131m? Her sayfada \u015fekiller hakk\u0131nda konu\u015fun, \u015fekil \u00e7\u0131kartmalar\u0131n\u0131 bulup do\u011fru yerlere yap\u0131\u015ft\u0131r\u0131n, resimleri tamamlay\u0131n. Okul \u00f6ncesi minik parmaklara uygun \u00e7\u0131kartmalarla \u00e7ocu\u011funuzun ince motor becerilerinin geli\u015fimini destekleyin <\/p>\n","protected":false},"excerpt":{"rendered":"<p>\u015eekiller her yerde! \u00c7ocu\u011funuzla birlikte ne\u015feli resimleri inceleyin, K\u00fc\u00e7\u00fck Bay ve Bayanlar d\u00fcnyas\u0131ndaki \u015fekilleri ke\u015ffedin! Bu interaktif kitapla \u00e7ocu\u011funuz temel \u015fekilleri \u00f6\u011frenecek, g\u00fcnl\u00fck hayatta kar\u015f\u0131m\u0131za \u00e7\u0131kan<span class=\"excerpt-hellip\"> [\u2026]<\/span><\/p>\n","protected":false},"featured_media":0,"template":"","meta":{"_monsterinsights_skip_tracking":false,"_monsterinsights_sitenote_active":false,"_monsterinsights_sitenote_note":"","_monsterinsights_sitenote_category":0},"product_brand":[],"product_cat":[12644,12274],"product_tag":[],"class_list":{"0":"post-752934","1":"product","2":"type-product","3":"status-publish","5":"product_cat-boyama-kitaplari","6":"product_cat-cocuk-ve-genclik-kitaplari","7":"pa_cilt-ciltsiz","8":"pa_tur-kitap","9":"pa_yayinevi-dogan-cocuk","10":"pa_yazar-kolektif","12":"first","13":"instock","14":"sale","15":"shipping-taxable","16":"purchasable","17":"product-type-simple"},"_links":{"self":[{"href":"https:\/\/roveyayinevi.com.tr\/index.php\/wp-json\/wp\/v2\/product\/752934","targetHints":{"allow":["GET"]}}],"collection":[{"href":"https:\/\/roveyayinevi.com.tr\/index.php\/wp-json\/wp\/v2\/product"}],"about":[{"href":"https:\/\/roveyayinevi.com.tr\/index.php\/wp-json\/wp\/v2\/types\/product"}],"wp:attachment":[{"href":"https:\/\/roveyayinevi.com.tr\/index.php\/wp-json\/wp\/v2\/media?parent=752934"}],"wp:term":[{"taxonomy":"product_brand","embeddable":true,"href":"https:\/\/roveyayinevi.com.tr\/index.php\/wp-json\/wp\/v2\/product_brand?post=752934"},{"taxonomy":"product_cat","embeddable":true,"href":"https:\/\/roveyayinevi.com.tr\/index.php\/wp-json\/wp\/v2\/product_cat?post=752934"},{"taxonomy":"product_tag","embeddable":true,"href":"https:\/\/roveyayinevi.com.tr\/index.php\/wp-json\/wp\/v2\/product_tag?post=752934"}],"curies":[{"name":"wp","href":"https:\/\/api.w.org\/{rel}","templated":true}]}}