{"id":752933,"date":"2025-08-28T05:28:57","date_gmt":"2025-08-28T02:28:57","guid":{"rendered":"https:\/\/roveyayinevi.com.tr\/index.php\/urun\/barbie-100-cikartma-hediyeli-boyama-kitabi\/"},"modified":"2026-04-16T03:06:06","modified_gmt":"2026-04-16T00:06:06","slug":"barbie-100-cikartma-hediyeli-boyama-kitabi","status":"publish","type":"product","link":"https:\/\/roveyayinevi.com.tr\/index.php\/urun\/barbie-100-cikartma-hediyeli-boyama-kitabi\/","title":{"rendered":"Barb\u0131e 100+ \u00c7\u0131kartma Hediyeli Boyama Kitab\u0131"},"content":{"rendered":"<p>Yap\u0131l\u0131\u015f\u0131: 1) Par\u00e7alar\u0131 i\u015faretli \u00e7izgilerden dikkatlice kesip \u00e7\u0131kar. 2) Pembe \u015feritleri ba\u015f\u0131na g\u00f6re ayarlayarak i\u015faretli kenarlardan yap\u0131\u015ft\u0131r\u0131p birle\u015ftir. B\u00f6ylece pembe bir halka elde edeceksin. 3) \u015eapkan\u0131n sar\u0131 kulak\u00e7\u0131klar\u0131n\u0131 a\u015fa\u011f\u0131 do\u011fru katla ve pembe halkan\u0131n bir kenar\u0131na yap\u0131\u015ft\u0131r.   \u0130\u015fte bu kadar! <\/p>\n","protected":false},"excerpt":{"rendered":"<p>Yap\u0131l\u0131\u015f\u0131: 1) Par\u00e7alar\u0131 i\u015faretli \u00e7izgilerden dikkatlice kesip \u00e7\u0131kar. 2) Pembe \u015feritleri ba\u015f\u0131na g\u00f6re ayarlayarak i\u015faretli kenarlardan yap\u0131\u015ft\u0131r\u0131p birle\u015ftir. B\u00f6ylece pembe bir halka elde edeceksin. 3) \u015eapkan\u0131n<span class=\"excerpt-hellip\"> [\u2026]<\/span><\/p>\n","protected":false},"featured_media":0,"template":"","meta":{"_monsterinsights_skip_tracking":false,"_monsterinsights_sitenote_active":false,"_monsterinsights_sitenote_note":"","_monsterinsights_sitenote_category":0},"product_brand":[],"product_cat":[12644,12274],"product_tag":[],"class_list":{"0":"post-752933","1":"product","2":"type-product","3":"status-publish","5":"product_cat-boyama-kitaplari","6":"product_cat-cocuk-ve-genclik-kitaplari","7":"pa_cilt-ciltsiz","8":"pa_tur-kitap","9":"pa_yayinevi-dogan-cocuk","10":"pa_yazar-kolektif","12":"first","13":"instock","14":"sale","15":"shipping-taxable","16":"purchasable","17":"product-type-simple"},"_links":{"self":[{"href":"https:\/\/roveyayinevi.com.tr\/index.php\/wp-json\/wp\/v2\/product\/752933","targetHints":{"allow":["GET"]}}],"collection":[{"href":"https:\/\/roveyayinevi.com.tr\/index.php\/wp-json\/wp\/v2\/product"}],"about":[{"href":"https:\/\/roveyayinevi.com.tr\/index.php\/wp-json\/wp\/v2\/types\/product"}],"wp:attachment":[{"href":"https:\/\/roveyayinevi.com.tr\/index.php\/wp-json\/wp\/v2\/media?parent=752933"}],"wp:term":[{"taxonomy":"product_brand","embeddable":true,"href":"https:\/\/roveyayinevi.com.tr\/index.php\/wp-json\/wp\/v2\/product_brand?post=752933"},{"taxonomy":"product_cat","embeddable":true,"href":"https:\/\/roveyayinevi.com.tr\/index.php\/wp-json\/wp\/v2\/product_cat?post=752933"},{"taxonomy":"product_tag","embeddable":true,"href":"https:\/\/roveyayinevi.com.tr\/index.php\/wp-json\/wp\/v2\/product_tag?post=752933"}],"curies":[{"name":"wp","href":"https:\/\/api.w.org\/{rel}","templated":true}]}}