{"id":752926,"date":"2025-08-28T05:28:44","date_gmt":"2025-08-28T02:28:44","guid":{"rendered":"https:\/\/roveyayinevi.com.tr\/index.php\/urun\/moira-sarmali\/"},"modified":"2026-04-16T03:06:06","modified_gmt":"2026-04-16T00:06:06","slug":"moira-sarmali","status":"publish","type":"product","link":"https:\/\/roveyayinevi.com.tr\/index.php\/urun\/moira-sarmali\/","title":{"rendered":"Moira Sarmal\u0131"},"content":{"rendered":"<p>Kitaplar\u0131 milyonlarca okura ula\u015fan B\u00fc\u015fra Y\u0131lmaz, Ay\u015fe \u00d6cal\u2019\u0131n resimledi\u011fi Moira Sarmal\u0131 ile manga severlere fantastik bir d\u00fcnyan\u0131n kap\u0131lar\u0131n\u0131 aral\u0131yor. B\u0130R ZAMANLAR B\u0130LG\u0130N\u0130N PE\u015e\u0130NDE KO\u015eAN B\u0130R GRUP \u0130NSAN, ELLER\u0130NDE FENERLERLE GECEY\u0130 AYDINLATIRMI\u015e.ZAMAN \u0130\u00c7\u0130NDE, K\u0130B\u0130RLE VE G\u00dcCE DUYULAN ARZUYLA KARARMI\u015e FENERLER.I\u015eI\u011eIN DE\u011e\u0130L, KARANLI\u011eIN KAYNA\u011eI OLMU\u015eLAR.\u015e\u0130MD\u0130 FENER TUTANLARIN H\u0130\u00c7B\u0130R\u0130 SEBEP OLDUKLARI G\u00d6ZYA\u015eLARINI G\u00d6REM\u0130YOR.A\u011eLAYAN KEND\u0130LER\u0130 OLDU\u011eUNDA B\u0130LE.<\/p>\n","protected":false},"excerpt":{"rendered":"<p>Kitaplar\u0131 milyonlarca okura ula\u015fan B\u00fc\u015fra Y\u0131lmaz, Ay\u015fe \u00d6cal\u2019\u0131n resimledi\u011fi Moira Sarmal\u0131 ile manga severlere fantastik bir d\u00fcnyan\u0131n kap\u0131lar\u0131n\u0131 aral\u0131yor. B\u0130R ZAMANLAR B\u0130LG\u0130N\u0130N PE\u015e\u0130NDE KO\u015eAN B\u0130R GRUP<span class=\"excerpt-hellip\"> [\u2026]<\/span><\/p>\n","protected":false},"featured_media":0,"template":"","meta":{"_monsterinsights_skip_tracking":false,"_monsterinsights_sitenote_active":false,"_monsterinsights_sitenote_note":"","_monsterinsights_sitenote_category":0},"product_brand":[],"product_cat":[12416,12291],"product_tag":[],"class_list":{"0":"post-752926","1":"product","2":"type-product","3":"status-publish","5":"product_cat-cizgi-roman","6":"product_cat-edebiyat","7":"pa_cilt-ciltsiz","8":"pa_tur-kitap","9":"pa_yayinevi-senpai-yayinlari","10":"pa_yazar-busra-yilmaz-ayse-ocal","12":"first","13":"instock","14":"sale","15":"shipping-taxable","16":"purchasable","17":"product-type-simple"},"_links":{"self":[{"href":"https:\/\/roveyayinevi.com.tr\/index.php\/wp-json\/wp\/v2\/product\/752926","targetHints":{"allow":["GET"]}}],"collection":[{"href":"https:\/\/roveyayinevi.com.tr\/index.php\/wp-json\/wp\/v2\/product"}],"about":[{"href":"https:\/\/roveyayinevi.com.tr\/index.php\/wp-json\/wp\/v2\/types\/product"}],"wp:attachment":[{"href":"https:\/\/roveyayinevi.com.tr\/index.php\/wp-json\/wp\/v2\/media?parent=752926"}],"wp:term":[{"taxonomy":"product_brand","embeddable":true,"href":"https:\/\/roveyayinevi.com.tr\/index.php\/wp-json\/wp\/v2\/product_brand?post=752926"},{"taxonomy":"product_cat","embeddable":true,"href":"https:\/\/roveyayinevi.com.tr\/index.php\/wp-json\/wp\/v2\/product_cat?post=752926"},{"taxonomy":"product_tag","embeddable":true,"href":"https:\/\/roveyayinevi.com.tr\/index.php\/wp-json\/wp\/v2\/product_tag?post=752926"}],"curies":[{"name":"wp","href":"https:\/\/api.w.org\/{rel}","templated":true}]}}