{"id":752924,"date":"2025-08-28T05:28:40","date_gmt":"2025-08-28T02:28:40","guid":{"rendered":"https:\/\/roveyayinevi.com.tr\/index.php\/urun\/rosario-vampire-tilsimli-kolye-ve-vampir-sezon-2-10\/"},"modified":"2026-04-16T03:06:06","modified_gmt":"2026-04-16T00:06:06","slug":"rosario-vampire-tilsimli-kolye-ve-vampir-sezon-2-10","status":"publish","type":"product","link":"https:\/\/roveyayinevi.com.tr\/index.php\/urun\/rosario-vampire-tilsimli-kolye-ve-vampir-sezon-2-10\/","title":{"rendered":"Rosario + Vampire &#8211; T\u0131ls\u0131ml\u0131 Kolye ve Vampir Sezon: 2 10"},"content":{"rendered":"<p>Moka Peri Masal\u0131 \u00f6rg\u00fct\u00fcn\u00fcn ula\u015f\u0131lmas\u0131 neredeyse imk\u00e2ns\u0131z olan karargah\u0131nda tutsak durumda. Neyse ki Tsukune ve arkada\u015flar\u0131, onu kurtarmak i\u00e7in yapt\u0131klar\u0131 plan sayesinde \u00f6rg\u00fct\u00fcn \u00fcss\u00fcne girmeyi ba\u015fard\u0131lar. Ancak havada y\u00fczer durumda bulunan bu s\u0131rad\u0131\u015f\u0131 \u00fcste onlar\u0131 zorlu bir m\u00fccadele bekliyor?.<\/p>\n","protected":false},"excerpt":{"rendered":"<p>Moka Peri Masal\u0131 \u00f6rg\u00fct\u00fcn\u00fcn ula\u015f\u0131lmas\u0131 neredeyse imk\u00e2ns\u0131z olan karargah\u0131nda tutsak durumda. Neyse ki Tsukune ve arkada\u015flar\u0131, onu kurtarmak i\u00e7in yapt\u0131klar\u0131 plan sayesinde \u00f6rg\u00fct\u00fcn \u00fcss\u00fcne girmeyi ba\u015fard\u0131lar.<span class=\"excerpt-hellip\"> [\u2026]<\/span><\/p>\n","protected":false},"featured_media":0,"template":"","meta":{"_monsterinsights_skip_tracking":false,"_monsterinsights_sitenote_active":false,"_monsterinsights_sitenote_note":"","_monsterinsights_sitenote_category":0},"product_brand":[],"product_cat":[12416,12291],"product_tag":[],"class_list":{"0":"post-752924","1":"product","2":"type-product","3":"status-publish","5":"product_cat-cizgi-roman","6":"product_cat-edebiyat","7":"pa_cilt-ciltsiz","8":"pa_tur-kitap","9":"pa_yayinevi-akil-celen-kitaplar","10":"pa_yazar-akihisa-ikeda","12":"first","13":"instock","14":"sale","15":"shipping-taxable","16":"purchasable","17":"product-type-simple"},"_links":{"self":[{"href":"https:\/\/roveyayinevi.com.tr\/index.php\/wp-json\/wp\/v2\/product\/752924","targetHints":{"allow":["GET"]}}],"collection":[{"href":"https:\/\/roveyayinevi.com.tr\/index.php\/wp-json\/wp\/v2\/product"}],"about":[{"href":"https:\/\/roveyayinevi.com.tr\/index.php\/wp-json\/wp\/v2\/types\/product"}],"wp:attachment":[{"href":"https:\/\/roveyayinevi.com.tr\/index.php\/wp-json\/wp\/v2\/media?parent=752924"}],"wp:term":[{"taxonomy":"product_brand","embeddable":true,"href":"https:\/\/roveyayinevi.com.tr\/index.php\/wp-json\/wp\/v2\/product_brand?post=752924"},{"taxonomy":"product_cat","embeddable":true,"href":"https:\/\/roveyayinevi.com.tr\/index.php\/wp-json\/wp\/v2\/product_cat?post=752924"},{"taxonomy":"product_tag","embeddable":true,"href":"https:\/\/roveyayinevi.com.tr\/index.php\/wp-json\/wp\/v2\/product_tag?post=752924"}],"curies":[{"name":"wp","href":"https:\/\/api.w.org\/{rel}","templated":true}]}}