{"id":752923,"date":"2025-08-28T05:28:38","date_gmt":"2025-08-28T02:28:38","guid":{"rendered":"https:\/\/roveyayinevi.com.tr\/index.php\/urun\/gecmise-yolculuk-ninemin-bilmeceleri\/"},"modified":"2026-04-16T03:06:06","modified_gmt":"2026-04-16T00:06:06","slug":"gecmise-yolculuk-ninemin-bilmeceleri","status":"publish","type":"product","link":"https:\/\/roveyayinevi.com.tr\/index.php\/urun\/gecmise-yolculuk-ninemin-bilmeceleri\/","title":{"rendered":"Ge\u00e7mi\u015fe Yolculuk: Ninemin Bilmeceleri"},"content":{"rendered":"<p>Kitab\u0131n isminde yer alan ninemiz hepimizin hayat\u0131nda \u00f6nemli yere sahip olan b\u00fcy\u00fckannelerimize hitaben se\u00e7ilmi\u015ftir. Ya\u015fam\u0131m\u0131z boyunca kimimizin babaannesinin, kimimizin anneannesinin, onlarla b\u00fcy\u00fcme f\u0131rsat\u0131n\u0131 yakalam\u0131\u015f olan \u015fansl\u0131 \u00e7ocukluk devresi ge\u00e7irenlerin b\u00fcy\u00fckannelerinin anlatt\u0131\u011f\u0131 hik\u00e2yeler, sorduklar\u0131 bilmeceler kulaklar\u0131ndan silinmemi\u015ftir. B\u00fcy\u00fckannelerle ge\u00e7en zamanlar\u0131n keyfi, sorular kar\u015f\u0131s\u0131nda verilen yanl\u0131\u015f cevaplar\u0131n g\u00fcl\u00fc\u015fmeleri, do\u011fru cevaplar kar\u015f\u0131s\u0131nda takdir edildikleri anlar kalbimizi \u0131s\u0131tan, maziyi hat\u0131rlatan en unutulmaz anlard\u0131r. Bu sebeple \u00e7ocuklu\u011funu yitirmemi\u015f, h\u00e2l\u00e2 \u00e7ocuk olan yeti\u015fkinlere bu kitap bir ila\u00e7 olacakt\u0131r. Ayn\u0131 zamanda bu kitap kendi \u00e7ocuklar\u0131yla eskiden oldu\u011fu gibi ayn\u0131 havay\u0131 soluyarak, heyecan ve mutlulu\u011fu bir arada ya\u015fayarak ileti\u015fimi sa\u011flayacak g\u00fcnded\u00fcn (ge\u00e7mi\u015fe \u00f6zlem-ge\u00e7mi\u015fseverlik-nostalji) bir k\u00f6pr\u00fc vazifesi g\u00f6recektir. Ka\u00e7 ki\u015fi evinde \u00e7ocu\u011funa \u201cBilemedin g\u00fcmb\u00fcr k\u00fcp\u201d tekerlemesini s\u00f6yl\u00fcyor?  Unutmu\u015fuz de\u011fil mi? \u00c7ocuklu\u011fumda beni bilmece ile tan\u0131\u015ft\u0131ran, unutulmaz keyifli anlar ya\u015fatan, bilemeyince \u201cilahi \u00e7ocuk nerden uyduruyorsun bunlar\u0131 \u00e7ok ya\u015fa emi\u201d diye kahkaha atan \u00f6zlemle and\u0131\u011f\u0131m babaanneme (nineme\/b\u00fcy\u00fckanneme) sonsuz te\u015fekk\u00fcrler, sevgiler\u2026 Okuyucular\u0131 ve Onlar\u0131n \u015fahs\u0131nda bu k\u00fclt\u00fcr hazinesini var eden Atalar\u0131m\u0131z\u0131 sayg\u0131, sevgi ve minnetle selaml\u0131yoruz.                                                                     Do\u00e7. Dr. Bet\u00fcl BATIR <\/p>\n","protected":false},"excerpt":{"rendered":"<p>Kitab\u0131n isminde yer alan ninemiz hepimizin hayat\u0131nda \u00f6nemli yere sahip olan b\u00fcy\u00fckannelerimize hitaben se\u00e7ilmi\u015ftir. Ya\u015fam\u0131m\u0131z boyunca kimimizin babaannesinin, kimimizin anneannesinin, onlarla b\u00fcy\u00fcme f\u0131rsat\u0131n\u0131 yakalam\u0131\u015f olan \u015fansl\u0131<span class=\"excerpt-hellip\"> [\u2026]<\/span><\/p>\n","protected":false},"featured_media":0,"template":"","meta":{"_monsterinsights_skip_tracking":false,"_monsterinsights_sitenote_active":false,"_monsterinsights_sitenote_note":"","_monsterinsights_sitenote_category":0},"product_brand":[],"product_cat":[12492,12274],"product_tag":[],"class_list":{"0":"post-752923","1":"product","2":"type-product","3":"status-publish","5":"product_cat-bilmece-bulmaca","6":"product_cat-cocuk-ve-genclik-kitaplari","7":"pa_cilt-ciltsiz","8":"pa_tur-kitap","9":"pa_yayinevi-semenderkitap-yayinlari","10":"pa_yazar-betul-batir-turan-m-turkmenoglu","12":"first","13":"instock","14":"sale","15":"shipping-taxable","16":"purchasable","17":"product-type-simple"},"_links":{"self":[{"href":"https:\/\/roveyayinevi.com.tr\/index.php\/wp-json\/wp\/v2\/product\/752923","targetHints":{"allow":["GET"]}}],"collection":[{"href":"https:\/\/roveyayinevi.com.tr\/index.php\/wp-json\/wp\/v2\/product"}],"about":[{"href":"https:\/\/roveyayinevi.com.tr\/index.php\/wp-json\/wp\/v2\/types\/product"}],"wp:attachment":[{"href":"https:\/\/roveyayinevi.com.tr\/index.php\/wp-json\/wp\/v2\/media?parent=752923"}],"wp:term":[{"taxonomy":"product_brand","embeddable":true,"href":"https:\/\/roveyayinevi.com.tr\/index.php\/wp-json\/wp\/v2\/product_brand?post=752923"},{"taxonomy":"product_cat","embeddable":true,"href":"https:\/\/roveyayinevi.com.tr\/index.php\/wp-json\/wp\/v2\/product_cat?post=752923"},{"taxonomy":"product_tag","embeddable":true,"href":"https:\/\/roveyayinevi.com.tr\/index.php\/wp-json\/wp\/v2\/product_tag?post=752923"}],"curies":[{"name":"wp","href":"https:\/\/api.w.org\/{rel}","templated":true}]}}