{"id":752921,"date":"2025-08-28T05:28:35","date_gmt":"2025-08-28T02:28:35","guid":{"rendered":"https:\/\/roveyayinevi.com.tr\/index.php\/urun\/kizil-3\/"},"modified":"2026-04-16T03:06:05","modified_gmt":"2026-04-16T00:06:05","slug":"kizil-3","status":"publish","type":"product","link":"https:\/\/roveyayinevi.com.tr\/index.php\/urun\/kizil-3\/","title":{"rendered":"K\u0131z\u0131l"},"content":{"rendered":"<p>\u201cSana art\u0131k \u2018Gel!\u2019 demiyorum. Bendeki sen d\u0131\u015f\u0131ndaki sen \u00f6yle bir hale b\u00fcr\u00fcnd\u00fc ki her taraf\u0131 k\u0131pk\u0131z\u0131l. Bir zamanlar bedenini sarmalayan beyazl\u0131k, art\u0131k koyu bir k\u0131z\u0131l renge b\u00fcr\u00fcnm\u00fc\u015f ve etrafa koyu parlakl\u0131klar sa\u00e7\u0131yor. Sana yakla\u015fmak, korkular\u0131m\u0131n kayna\u011f\u0131 olan k\u0131z\u0131ll\u0131\u011f\u0131 a\u015fmaya ba\u011fl\u0131. Maalesef ki ben bu k\u0131z\u0131ll\u0131\u011f\u0131 a\u015famayaca\u011f\u0131m. Buna ne g\u00fcc\u00fcm ne de \u015fu anki ruhi dinginli\u011fim yeterli. Kal art\u0131k kendi k\u0131z\u0131ll\u0131\u011f\u0131nda. Sen bendeyken hep akt\u0131n, benden gidince ba\u015fkalar\u0131n\u0131n k\u0131z\u0131ll\u0131\u011f\u0131na kap\u0131ld\u0131n. Ba\u015fkalar\u0131n\u0131n k\u0131z\u0131ll\u0131\u011f\u0131na b\u00fcr\u00fcneni ancak ba\u015fkalar\u0131 aklar.\u201d Umudu baltalanm\u0131\u015f bir zedenin k\u0131r\u0131k d\u00f6k\u00fck duygular\u0131yd\u0131 yukar\u0131daki sat\u0131rlar. Kar\u015f\u0131l\u0131ks\u0131z kalan beklentilerinin belli bir s\u00fcre ask\u0131da b\u0131rak\u0131ld\u0131\u011f\u0131 ve daha sonra ans\u0131z\u0131n yere \u00e7al\u0131nd\u0131\u011f\u0131; kendisinden ba\u015fkas\u0131na a\u00e7\u0131lamayan, hislerinin yo\u011funlu\u011funda bo\u011fulan bir duygu yan\u0131\u011f\u0131 adam\u0131n\u2026 Depremin alt\u00fcst etti\u011fi hayatlar, yeni filizlenmeye ba\u015flam\u0131\u015f bir sevda ve karanl\u0131kta yolunu bulmaya \u00e7al\u0131\u015fan yaln\u0131z adam\u2026 \u201cG\u00f6r\u00fcnenin \u00d6tesinde\u201d ile ba\u015flayan hikaye \u201cK\u0131z\u0131l\u201d ile devam ederken dokunas\u0131 sevda, k\u0131z\u0131l\u0131n g\u00f6lgesinde v\u00fccut buluyor. <\/p>\n","protected":false},"excerpt":{"rendered":"<p>\u201cSana art\u0131k \u2018Gel!\u2019 demiyorum. Bendeki sen d\u0131\u015f\u0131ndaki sen \u00f6yle bir hale b\u00fcr\u00fcnd\u00fc ki her taraf\u0131 k\u0131pk\u0131z\u0131l. Bir zamanlar bedenini sarmalayan beyazl\u0131k, art\u0131k koyu bir k\u0131z\u0131l renge<span class=\"excerpt-hellip\"> [\u2026]<\/span><\/p>\n","protected":false},"featured_media":0,"template":"","meta":{"_monsterinsights_skip_tracking":false,"_monsterinsights_sitenote_active":false,"_monsterinsights_sitenote_note":"","_monsterinsights_sitenote_category":0},"product_brand":[],"product_cat":[12291,12711],"product_tag":[],"class_list":{"0":"post-752921","1":"product","2":"type-product","3":"status-publish","5":"product_cat-edebiyat","6":"product_cat-roman-oyku","7":"pa_cilt-ciltsiz","8":"pa_tur-kitap","9":"pa_yayinevi-fa-yayinlari","10":"pa_yazar-mustafa-agcan","12":"first","13":"instock","14":"sale","15":"shipping-taxable","16":"purchasable","17":"product-type-simple"},"_links":{"self":[{"href":"https:\/\/roveyayinevi.com.tr\/index.php\/wp-json\/wp\/v2\/product\/752921","targetHints":{"allow":["GET"]}}],"collection":[{"href":"https:\/\/roveyayinevi.com.tr\/index.php\/wp-json\/wp\/v2\/product"}],"about":[{"href":"https:\/\/roveyayinevi.com.tr\/index.php\/wp-json\/wp\/v2\/types\/product"}],"wp:attachment":[{"href":"https:\/\/roveyayinevi.com.tr\/index.php\/wp-json\/wp\/v2\/media?parent=752921"}],"wp:term":[{"taxonomy":"product_brand","embeddable":true,"href":"https:\/\/roveyayinevi.com.tr\/index.php\/wp-json\/wp\/v2\/product_brand?post=752921"},{"taxonomy":"product_cat","embeddable":true,"href":"https:\/\/roveyayinevi.com.tr\/index.php\/wp-json\/wp\/v2\/product_cat?post=752921"},{"taxonomy":"product_tag","embeddable":true,"href":"https:\/\/roveyayinevi.com.tr\/index.php\/wp-json\/wp\/v2\/product_tag?post=752921"}],"curies":[{"name":"wp","href":"https:\/\/api.w.org\/{rel}","templated":true}]}}