{"id":752919,"date":"2025-08-28T05:28:31","date_gmt":"2025-08-28T02:28:31","guid":{"rendered":"https:\/\/roveyayinevi.com.tr\/index.php\/urun\/baba-3\/"},"modified":"2026-04-03T03:08:12","modified_gmt":"2026-04-03T00:08:12","slug":"baba-3","status":"publish","type":"product","link":"https:\/\/roveyayinevi.com.tr\/index.php\/urun\/baba-3\/","title":{"rendered":"Baba"},"content":{"rendered":"<p>\u015eair Serdar Ep\u00f6zdemir, dizelerindeki yo\u011fun \u00e7a\u011fr\u0131\u015f\u0131mlarla, vefas\u0131yla, yas tutan haf\u0131zas\u0131yla, T\u00fcrk\u00e7e \u015fiirin k\u0131lcal damarlar\u0131na kadar n\u00fcfuz etmi\u015f \u00e7ok \u00f6zel bir \u015fiir okuru olmas\u0131yla ve bir bilim insan\u0131 olmakla yetinmeyip \u0131srarla \u015fiire zaman ay\u0131rmas\u0131yla, \u015fiirin kulvarlar\u0131nda \u0131srarl\u0131 ve bu y\u00fczden de takdire \u015fayan yolculu\u011funu s\u00fcrd\u00fcrmekte kararl\u0131 g\u00f6r\u00fcn\u00fcyor. \u00dc\u00e7\u00fcnc\u00fc kitab\u0131n\u0131n da yolu, onun g\u00f6nl\u00fc ve ufku gibi a\u00e7\u0131k olsun&#8230; 3 Haziran 2023\/ Y\u0131lmaz ODABA\u015eI   <\/p>\n","protected":false},"excerpt":{"rendered":"<p>\u015eair Serdar Ep\u00f6zdemir, dizelerindeki yo\u011fun \u00e7a\u011fr\u0131\u015f\u0131mlarla, vefas\u0131yla, yas tutan haf\u0131zas\u0131yla, T\u00fcrk\u00e7e \u015fiirin k\u0131lcal damarlar\u0131na kadar n\u00fcfuz etmi\u015f \u00e7ok \u00f6zel bir \u015fiir okuru olmas\u0131yla ve bir bilim<span class=\"excerpt-hellip\"> [\u2026]<\/span><\/p>\n","protected":false},"featured_media":0,"template":"","meta":{"_monsterinsights_skip_tracking":false,"_monsterinsights_sitenote_active":false,"_monsterinsights_sitenote_note":"","_monsterinsights_sitenote_category":0},"product_brand":[],"product_cat":[12291,12509],"product_tag":[],"class_list":{"0":"post-752919","1":"product","2":"type-product","3":"status-publish","5":"product_cat-edebiyat","6":"product_cat-siir","7":"pa_cilt-ciltsiz","8":"pa_tur-kitap","9":"pa_yayinevi-fa-yayinlari","10":"pa_yazar-serdar-epozdemir","12":"first","13":"instock","14":"sale","15":"shipping-taxable","16":"purchasable","17":"product-type-simple"},"_links":{"self":[{"href":"https:\/\/roveyayinevi.com.tr\/index.php\/wp-json\/wp\/v2\/product\/752919","targetHints":{"allow":["GET"]}}],"collection":[{"href":"https:\/\/roveyayinevi.com.tr\/index.php\/wp-json\/wp\/v2\/product"}],"about":[{"href":"https:\/\/roveyayinevi.com.tr\/index.php\/wp-json\/wp\/v2\/types\/product"}],"wp:attachment":[{"href":"https:\/\/roveyayinevi.com.tr\/index.php\/wp-json\/wp\/v2\/media?parent=752919"}],"wp:term":[{"taxonomy":"product_brand","embeddable":true,"href":"https:\/\/roveyayinevi.com.tr\/index.php\/wp-json\/wp\/v2\/product_brand?post=752919"},{"taxonomy":"product_cat","embeddable":true,"href":"https:\/\/roveyayinevi.com.tr\/index.php\/wp-json\/wp\/v2\/product_cat?post=752919"},{"taxonomy":"product_tag","embeddable":true,"href":"https:\/\/roveyayinevi.com.tr\/index.php\/wp-json\/wp\/v2\/product_tag?post=752919"}],"curies":[{"name":"wp","href":"https:\/\/api.w.org\/{rel}","templated":true}]}}