{"id":752918,"date":"2025-08-28T05:28:30","date_gmt":"2025-08-28T02:28:30","guid":{"rendered":"https:\/\/roveyayinevi.com.tr\/index.php\/urun\/alfa-kadini\/"},"modified":"2026-04-16T03:06:05","modified_gmt":"2026-04-16T00:06:05","slug":"alfa-kadini","status":"publish","type":"product","link":"https:\/\/roveyayinevi.com.tr\/index.php\/urun\/alfa-kadini\/","title":{"rendered":"Alfa Kad\u0131n\u0131"},"content":{"rendered":"<p>Kendine g\u00fcvenen bir kad\u0131n olmak, modern d\u00fcnyada b\u00fcy\u00fck bir avantajd\u0131r. Alfa kad\u0131nlar, cesaretleri, zek\u00e2lar\u0131 ve liderlik yetenekleriyle hayranl\u0131k uyand\u0131r\u0131r. Ancak, g\u00fc\u00e7l\u00fc ve ba\u011f\u0131ms\u0131z biri olmak, ili\u015fkilerde baz\u0131 zorluklar\u0131 da beraberinde getirebilir. &#8220;Alfa Kad\u0131n\u0131&#8221; adl\u0131 bu etkileyici kitap, kendine g\u00fcvenen kad\u0131nlar\u0131n evliliklerinde daha mutlu ve uyumlu bir hayat s\u00fcrmeleri i\u00e7in rehberlik ediyor. Yazar, alfa kad\u0131nlar\u0131n nas\u0131l daha etkili bir \u015fekilde ileti\u015fim kurabileceklerini, e\u015fleriyle daha derin bir ba\u011f kurman\u0131n yollar\u0131n\u0131 ve evliliklerini g\u00fc\u00e7lendirmek i\u00e7in gereken stratejileri a\u00e7\u0131klayarak okuyucular\u0131na de\u011ferli bir yol haritas\u0131 sunuyor. Kendinizle bar\u0131\u015f\u0131k olmak, e\u015finizi anlamak, tak\u0131m \u00e7al\u0131\u015fmas\u0131 ve \u00e7at\u0131\u015fma y\u00f6netimi gibi konular\u0131 ele alan bu kitap, alfa kad\u0131nlara ili\u015fkilerinde yeni bir perspektif sunuyor. Ayr\u0131ca, evliliklerindeki potansiyellerini ke\u015ffetmelerine, duygusal ba\u011flar\u0131n\u0131 g\u00fc\u00e7lendirmelerine ve daha derin bir anlay\u0131\u015f ve sevgiyle birlikte daha tatmin edici bir ili\u015fki ya\u015famalar\u0131na yard\u0131mc\u0131 oluyor. E\u011fer siz de g\u00fc\u00e7l\u00fc, ba\u015far\u0131l\u0131 ve kendine g\u00fcvenen bir kad\u0131nsan\u0131z ve evlilik hayat\u0131n\u0131zda daha fazla mutluluk, uyum ve sevgi arzuluyorsan\u0131z, &#8220;Alfa Kad\u0131n\u0131&#8221; kitab\u0131 size rehberlik edecek. Kendi \u00f6zg\u00fcc\u00fcn\u00fcz\u00fc ke\u015ffedin ve evlilikteki potansiyelinizi ortaya \u00e7\u0131kar\u0131n. <\/p>\n","protected":false},"excerpt":{"rendered":"<p>Kendine g\u00fcvenen bir kad\u0131n olmak, modern d\u00fcnyada b\u00fcy\u00fck bir avantajd\u0131r. Alfa kad\u0131nlar, cesaretleri, zek\u00e2lar\u0131 ve liderlik yetenekleriyle hayranl\u0131k uyand\u0131r\u0131r. Ancak, g\u00fc\u00e7l\u00fc ve ba\u011f\u0131ms\u0131z biri olmak, ili\u015fkilerde<span class=\"excerpt-hellip\"> [\u2026]<\/span><\/p>\n","protected":false},"featured_media":0,"template":"","meta":{"_monsterinsights_skip_tracking":false,"_monsterinsights_sitenote_active":false,"_monsterinsights_sitenote_note":"","_monsterinsights_sitenote_category":0},"product_brand":[],"product_cat":[12364,12376],"product_tag":[],"class_list":{"0":"post-752918","1":"product","2":"type-product","3":"status-publish","5":"product_cat-genel-konular","6":"product_cat-kisisel-gelisim","7":"pa_cilt-ciltsiz","8":"pa_tur-kitap","9":"pa_yayinevi-fa-yayinlari","10":"pa_yazar-elizabeth-eastlake","12":"first","13":"instock","14":"sale","15":"shipping-taxable","16":"purchasable","17":"product-type-simple"},"_links":{"self":[{"href":"https:\/\/roveyayinevi.com.tr\/index.php\/wp-json\/wp\/v2\/product\/752918","targetHints":{"allow":["GET"]}}],"collection":[{"href":"https:\/\/roveyayinevi.com.tr\/index.php\/wp-json\/wp\/v2\/product"}],"about":[{"href":"https:\/\/roveyayinevi.com.tr\/index.php\/wp-json\/wp\/v2\/types\/product"}],"wp:attachment":[{"href":"https:\/\/roveyayinevi.com.tr\/index.php\/wp-json\/wp\/v2\/media?parent=752918"}],"wp:term":[{"taxonomy":"product_brand","embeddable":true,"href":"https:\/\/roveyayinevi.com.tr\/index.php\/wp-json\/wp\/v2\/product_brand?post=752918"},{"taxonomy":"product_cat","embeddable":true,"href":"https:\/\/roveyayinevi.com.tr\/index.php\/wp-json\/wp\/v2\/product_cat?post=752918"},{"taxonomy":"product_tag","embeddable":true,"href":"https:\/\/roveyayinevi.com.tr\/index.php\/wp-json\/wp\/v2\/product_tag?post=752918"}],"curies":[{"name":"wp","href":"https:\/\/api.w.org\/{rel}","templated":true}]}}