{"id":752917,"date":"2025-08-28T05:28:29","date_gmt":"2025-08-28T02:28:29","guid":{"rendered":"https:\/\/roveyayinevi.com.tr\/index.php\/urun\/iktisat-ve-toplum-dergisi-154-sayi-antroposende-yasamak\/"},"modified":"2026-04-16T03:06:05","modified_gmt":"2026-04-16T00:06:05","slug":"iktisat-ve-toplum-dergisi-154-sayi-antroposende-yasamak","status":"publish","type":"product","link":"https:\/\/roveyayinevi.com.tr\/index.php\/urun\/iktisat-ve-toplum-dergisi-154-sayi-antroposende-yasamak\/","title":{"rendered":"\u0130ktisat ve Toplum Dergisi 154. Say\u0131: Antroposen\u2019de Ya\u015famak"},"content":{"rendered":"<p>Bu say\u0131da: Arz ve Talep ve Enflasyonla M\u00fccadele &#8211; Mahfi E\u011filmez Siyasal De\u011fi\u015fim Tart\u0131\u015fmalar\u0131na bir Bak\u0131\u015f &#8211;  Ersin Kalayc\u0131o\u011flu Antroposen \u00c7a\u011f\u0131nda \u0130klimflasyon ve Fosilflasyon Tehdidi: D\u00fcnyan\u0131n B\u00fct\u00fcn Merkez Bankalar\u0131 Birle\u015finiz! &#8211; A. Erin\u00e7 Yeldan Antroposen\u2019de Ya\u015famak\u2026 &#8211; R. Funda Barbaros H\u0131zl\u0131 B\u00fcy\u00fcyen Firmalar hakk\u0131nda \u201cDo\u011fru Bilinen Yanl\u0131\u015flar\u201d ve Politika A\u00e7mazlar\u0131 &#8211; Mehmet Teoman Pamuk\u00e7u G\u00f6\u00e7 Sorununun Hatay \u00d6zelinde De\u011ferlendirilmesi &#8211; Nuray Ek\u015fi Cumhuriyetin 100. Y\u0131l\u0131nda T\u00fcrk E\u011fitim Sistemine Bak\u0131\u015f &#8211; Sema Aksoy T\u00fcrkiye\u2019de \u0130lk \u0130ktisat (Maliye) B\u00f6l\u00fcmlerin A\u00e7\u0131lmas\u0131 ve \u0130ktisat\u00e7\u0131 (Maliyeci) Mesle\u011fi &#8211; Ercan Eren G\u0131ybet, nefret ve elit ekonomi akademia\u2019s\u0131n\u0131n gizli y\u00fcz\u00fc &#8211; M. Aykut Attar Sermaye Piyasas\u0131, \u00c7arp\u0131k Bilgi, G\u00fcven ve D\u00fczenleme &#8211; Selim Soydemir Diyalektik Materyalizm A\u00e7\u0131s\u0131ndan Kuram ve Uygulama (Teori ve Pratik) Sorunu &#8211; Nikolay Bukharin Rekabet \u2013 Teknik De\u011fi\u015fme \u2013 K\u00e2r Oranlar\u0131 \u0130li\u015fkisi: Ele\u015ftirel Realist \u2013 Marksist Bir Ontoloji \u00d6nerisi &#8211; Baver Ye\u015filyurt, Ekin Bal, Volkan Ah\u0131skal\u0131 Bank of England: Kredi Yaratma Teorisi Vurgusu &#8211; Arda Tunca K\u0131z\u0131lay\u2019s\u0131z, Sanats\u0131z, Kad\u0131ns\u0131z &#8211; Ya\u015far Ta\u015fk\u0131n Ko\u00e7 Hidiv \u0130smail Pa\u015fa\u2019n\u0131nSipari\u015fi: Aida Operas\u0131 &#8211; G\u00fcl\u00e7in Elif Y\u00fccel<\/p>\n","protected":false},"excerpt":{"rendered":"<p>Bu say\u0131da: Arz ve Talep ve Enflasyonla M\u00fccadele &#8211; Mahfi E\u011filmez Siyasal De\u011fi\u015fim Tart\u0131\u015fmalar\u0131na bir Bak\u0131\u015f &#8211; Ersin Kalayc\u0131o\u011flu Antroposen \u00c7a\u011f\u0131nda \u0130klimflasyon ve Fosilflasyon Tehdidi: D\u00fcnyan\u0131n<span class=\"excerpt-hellip\"> [\u2026]<\/span><\/p>\n","protected":false},"featured_media":0,"template":"","meta":{"_monsterinsights_skip_tracking":false,"_monsterinsights_sitenote_active":false,"_monsterinsights_sitenote_note":"","_monsterinsights_sitenote_category":0},"product_brand":[],"product_cat":[13527],"product_tag":[],"class_list":{"0":"post-752917","1":"product","2":"type-product","3":"status-publish","5":"product_cat-sureli-yayinlar","6":"pa_cilt-ciltsiz","7":"pa_tur-dergi","8":"pa_yayinevi-efil-yayinevi-dergi","9":"pa_yazar-kolektif","11":"first","12":"instock","13":"sale","14":"shipping-taxable","15":"purchasable","16":"product-type-simple"},"_links":{"self":[{"href":"https:\/\/roveyayinevi.com.tr\/index.php\/wp-json\/wp\/v2\/product\/752917","targetHints":{"allow":["GET"]}}],"collection":[{"href":"https:\/\/roveyayinevi.com.tr\/index.php\/wp-json\/wp\/v2\/product"}],"about":[{"href":"https:\/\/roveyayinevi.com.tr\/index.php\/wp-json\/wp\/v2\/types\/product"}],"wp:attachment":[{"href":"https:\/\/roveyayinevi.com.tr\/index.php\/wp-json\/wp\/v2\/media?parent=752917"}],"wp:term":[{"taxonomy":"product_brand","embeddable":true,"href":"https:\/\/roveyayinevi.com.tr\/index.php\/wp-json\/wp\/v2\/product_brand?post=752917"},{"taxonomy":"product_cat","embeddable":true,"href":"https:\/\/roveyayinevi.com.tr\/index.php\/wp-json\/wp\/v2\/product_cat?post=752917"},{"taxonomy":"product_tag","embeddable":true,"href":"https:\/\/roveyayinevi.com.tr\/index.php\/wp-json\/wp\/v2\/product_tag?post=752917"}],"curies":[{"name":"wp","href":"https:\/\/api.w.org\/{rel}","templated":true}]}}