{"id":752916,"date":"2025-08-28T05:28:28","date_gmt":"2025-08-28T02:28:28","guid":{"rendered":"https:\/\/roveyayinevi.com.tr\/index.php\/urun\/hazin-bir-askin-hikayesi-osmancikli-asik-ali-acik\/"},"modified":"2026-04-16T03:06:05","modified_gmt":"2026-04-16T00:06:05","slug":"hazin-bir-askin-hikayesi-osmancikli-asik-ali-acik","status":"publish","type":"product","link":"https:\/\/roveyayinevi.com.tr\/index.php\/urun\/hazin-bir-askin-hikayesi-osmancikli-asik-ali-acik\/","title":{"rendered":"Hazin Bir A\u015fk\u0131n Hikayesi Osmanc\u0131kl\u0131 A\u015f\u0131k Ali A\u00e7\u0131k"},"content":{"rendered":"<p>\u201cSay\u0131n vatanda\u015flar\u0131m, sizlere ba\u015f\u0131mdan ge\u00e7en ve \u00e7ok ac\u0131kl\u0131 oldu\u011fu kadar heyecanl\u0131 olan bir \u00e2\u015f\u0131k facias\u0131n\u0131 sizlere hik\u00e2ye etmek isterim. Fakat s\u00f6zlerime ba\u015flamadan evvel sizlere bir ricada bulunaca\u011f\u0131m. Sevgili vatanda\u015flar\u0131m, ben bir gazeteci veyahut bir edebiyat adam\u0131 de\u011filim, yaz\u0131 yazmakta ve kitap \u00e7\u0131karmakta ve \u015fiir s\u00f6ylemekte haddim yoktur. \u00c7\u00fcnk\u00fc benim ilkokul tahsilim dahi yoktur. Bunun i\u00e7indir ki sizlere \u00e7ok rica ederim. Benim yaz\u0131lar\u0131mda ve \u015fiirlerimde g\u00f6r\u00fclen kusurlar\u0131n aff\u0131n\u0131 siz vatanda\u015flar\u0131mdan dilerim. Benim bu yaz\u0131 ve \u015fiirlerim ancak bir a\u015fktan do\u011fmayla meydana gelen bir eser ve ilhaml\u0131-ilahi olan bir yaz\u0131d\u0131r. \u0130\u015fte onun i\u00e7indir ki siz vatanda\u015flar\u0131mdan b\u00fct\u00fcn kusurlar\u0131m\u0131n aff\u0131n\u0131 diler acizli\u011fimi sizlere arzla beraber s\u00f6zlerime ba\u015flar\u0131m.\u201d\u00c2\u015f\u0131k Ali\u2019nin (1914-1984) kendisi sa\u011fl\u0131\u011f\u0131nda \u015fiirlerini Arap harfli el yazmas\u0131 iki defterde toplam\u0131\u015ft\u0131r. Biz bu defterler \u00fczerinde \u00e7al\u0131\u015ft\u0131k. Bug\u00fcne kadar \u00c2\u015f\u0131k Ali\u2019nin \u015fiirlerinin tamam\u0131 bir kitapta toplan\u0131p yay\u0131nlanmam\u0131\u015ft\u0131. \u015eu anda okumaya ba\u015flad\u0131\u011f\u0131n\u0131z kitap bu a\u00e7\u0131dan bir ilktir. \u00c2\u015f\u0131k Ali, T\u00fcrk-\u0130sl\u00e2m Edebiyat\u0131nda be\u015fer\u00ee a\u015fktan giderek ilah\u00ee a\u015fka y\u00fckseli\u015fin halk edebiyat\u0131m\u0131zdaki g\u00fczel \u00f6rneklerinden biri olarak edebiyat tarihimizde yerini almal\u0131d\u0131r diye d\u00fc\u015f\u00fcn\u00fcyoruz.<\/p>\n","protected":false},"excerpt":{"rendered":"<p>\u201cSay\u0131n vatanda\u015flar\u0131m, sizlere ba\u015f\u0131mdan ge\u00e7en ve \u00e7ok ac\u0131kl\u0131 oldu\u011fu kadar heyecanl\u0131 olan bir \u00e2\u015f\u0131k facias\u0131n\u0131 sizlere hik\u00e2ye etmek isterim. Fakat s\u00f6zlerime ba\u015flamadan evvel sizlere bir ricada<span class=\"excerpt-hellip\"> [\u2026]<\/span><\/p>\n","protected":false},"featured_media":0,"template":"","meta":{"_monsterinsights_skip_tracking":false,"_monsterinsights_sitenote_active":false,"_monsterinsights_sitenote_note":"","_monsterinsights_sitenote_category":0},"product_brand":[],"product_cat":[12291,12509],"product_tag":[],"class_list":{"0":"post-752916","1":"product","2":"type-product","3":"status-publish","5":"product_cat-edebiyat","6":"product_cat-siir","7":"pa_cilt-ciltsiz","8":"pa_tur-kitap","9":"pa_yayinevi-net-kitaplik-yayincilik","10":"pa_yazar-zeki-gurel","12":"first","13":"instock","14":"sale","15":"shipping-taxable","16":"purchasable","17":"product-type-simple"},"_links":{"self":[{"href":"https:\/\/roveyayinevi.com.tr\/index.php\/wp-json\/wp\/v2\/product\/752916","targetHints":{"allow":["GET"]}}],"collection":[{"href":"https:\/\/roveyayinevi.com.tr\/index.php\/wp-json\/wp\/v2\/product"}],"about":[{"href":"https:\/\/roveyayinevi.com.tr\/index.php\/wp-json\/wp\/v2\/types\/product"}],"wp:attachment":[{"href":"https:\/\/roveyayinevi.com.tr\/index.php\/wp-json\/wp\/v2\/media?parent=752916"}],"wp:term":[{"taxonomy":"product_brand","embeddable":true,"href":"https:\/\/roveyayinevi.com.tr\/index.php\/wp-json\/wp\/v2\/product_brand?post=752916"},{"taxonomy":"product_cat","embeddable":true,"href":"https:\/\/roveyayinevi.com.tr\/index.php\/wp-json\/wp\/v2\/product_cat?post=752916"},{"taxonomy":"product_tag","embeddable":true,"href":"https:\/\/roveyayinevi.com.tr\/index.php\/wp-json\/wp\/v2\/product_tag?post=752916"}],"curies":[{"name":"wp","href":"https:\/\/api.w.org\/{rel}","templated":true}]}}