{"id":752913,"date":"2025-08-28T05:28:23","date_gmt":"2025-08-28T02:28:23","guid":{"rendered":"https:\/\/roveyayinevi.com.tr\/index.php\/urun\/cap-ve-bir-dolar-2\/"},"modified":"2026-04-16T03:06:05","modified_gmt":"2026-04-16T00:06:05","slug":"cap-ve-bir-dolar-2","status":"publish","type":"product","link":"https:\/\/roveyayinevi.com.tr\/index.php\/urun\/cap-ve-bir-dolar-2\/","title":{"rendered":"\u00c7ap ve Bir Dolar"},"content":{"rendered":"<p>Herkes elde etti\u011fi g\u00fc\u00e7le \u00e7ap\u0131n\u0131 \u00e7evreleyen \u00e7ember i\u00e7erisinde tanr\u0131la\u015fabilir. Bu \u015fekilde tanr\u0131 olabilmeyi ba\u015farm\u0131\u015f insanlar\u0131n konfor alanlar\u0131n\u0131n \u00e7ap\u0131 ile s\u0131n\u0131rl\u0131 oldu\u011fu su g\u00f6t\u00fcrmez bir ger\u00e7ektir. Ancak insan do\u011fas\u0131 gere\u011fi, doymaz, durmaz ve eninde sonunda \u00e7ap\u0131na s\u0131\u011fmaz. Ne kadar fark edilmese de \u00e7ap\u0131n\u0131 a\u015fan g\u00fc\u00e7, kibir, \u00f6fke ve bencillik \u00e7ember d\u0131\u015f\u0131nda ya\u015fayamaz. G\u00fcn gelir bug\u00fcn\u00fcn h\u00fckmederek hayat vereni yar\u0131n\u0131n ya\u015famak i\u00e7in ka\u00e7an acizi olur&#8230;   Ve bir de \u00f6de\u015fmek vard\u0131r. Gerek ya\u015famla gerekse varl\u0131\u011f\u0131nla ya\u015fam ondan izinsiz ald\u0131klar\u0131n\u0131n takas\u0131 i\u00e7in ensende dolan\u0131r. Varl\u0131\u011f\u0131nsa yapt\u0131klar\u0131ndan pi\u015fman ya\u015fam\u0131n ensesindeki alacakl\u0131 nefesinden k\u00f6\u015fe bucak saklan\u0131r. Sakland\u0131\u011f\u0131 yerlerde ya\u015fam pe\u015fini b\u0131raks\u0131n diye verebilece\u011fi takaslar aran\u0131r.   Tanr\u0131 olmak ile insan olmak aras\u0131ndaki en b\u00fcy\u00fck fark \u00f6l\u00fcms\u00fczl\u00fckt\u00fcr. Kim bilir, belki bir g\u00fcn bizim insan tanr\u0131lar\u0131m\u0131zda ger\u00e7ek tanr\u0131lara kar\u0131\u015f\u0131r&#8230;   Cemal Noyan Alkaya&#8217;n\u0131n \u00c7ap ve 1 Dolar serisinin ilk kitab\u0131 Mecburcu, fantastik kurguyla ger\u00e7ek de\u011ferlerin i\u00e7 i\u00e7e ge\u00e7mi\u015fli\u011finin en iyi \u00f6rneklerinden birini sunuyor\u2026<\/p>\n","protected":false},"excerpt":{"rendered":"<p>Herkes elde etti\u011fi g\u00fc\u00e7le \u00e7ap\u0131n\u0131 \u00e7evreleyen \u00e7ember i\u00e7erisinde tanr\u0131la\u015fabilir. Bu \u015fekilde tanr\u0131 olabilmeyi ba\u015farm\u0131\u015f insanlar\u0131n konfor alanlar\u0131n\u0131n \u00e7ap\u0131 ile s\u0131n\u0131rl\u0131 oldu\u011fu su g\u00f6t\u00fcrmez bir ger\u00e7ektir. Ancak<span class=\"excerpt-hellip\"> [\u2026]<\/span><\/p>\n","protected":false},"featured_media":0,"template":"","meta":{"_monsterinsights_skip_tracking":false,"_monsterinsights_sitenote_active":false,"_monsterinsights_sitenote_note":"","_monsterinsights_sitenote_category":0},"product_brand":[],"product_cat":[12291,14777],"product_tag":[],"class_list":{"0":"post-752913","1":"product","2":"type-product","3":"status-publish","5":"product_cat-edebiyat","6":"product_cat-fantastik","7":"pa_cilt-ciltsiz","8":"pa_tur-kitap","9":"pa_yayinevi-elpis-yayinlari","10":"pa_yazar-cemal-noyan-alkaya","12":"first","13":"instock","14":"sale","15":"shipping-taxable","16":"purchasable","17":"product-type-simple"},"_links":{"self":[{"href":"https:\/\/roveyayinevi.com.tr\/index.php\/wp-json\/wp\/v2\/product\/752913","targetHints":{"allow":["GET"]}}],"collection":[{"href":"https:\/\/roveyayinevi.com.tr\/index.php\/wp-json\/wp\/v2\/product"}],"about":[{"href":"https:\/\/roveyayinevi.com.tr\/index.php\/wp-json\/wp\/v2\/types\/product"}],"wp:attachment":[{"href":"https:\/\/roveyayinevi.com.tr\/index.php\/wp-json\/wp\/v2\/media?parent=752913"}],"wp:term":[{"taxonomy":"product_brand","embeddable":true,"href":"https:\/\/roveyayinevi.com.tr\/index.php\/wp-json\/wp\/v2\/product_brand?post=752913"},{"taxonomy":"product_cat","embeddable":true,"href":"https:\/\/roveyayinevi.com.tr\/index.php\/wp-json\/wp\/v2\/product_cat?post=752913"},{"taxonomy":"product_tag","embeddable":true,"href":"https:\/\/roveyayinevi.com.tr\/index.php\/wp-json\/wp\/v2\/product_tag?post=752913"}],"curies":[{"name":"wp","href":"https:\/\/api.w.org\/{rel}","templated":true}]}}