{"id":752911,"date":"2025-08-28T05:28:20","date_gmt":"2025-08-28T02:28:20","guid":{"rendered":"https:\/\/roveyayinevi.com.tr\/index.php\/urun\/kemalin-askeri\/"},"modified":"2026-04-16T03:06:05","modified_gmt":"2026-04-16T00:06:05","slug":"kemalin-askeri","status":"publish","type":"product","link":"https:\/\/roveyayinevi.com.tr\/index.php\/urun\/kemalin-askeri\/","title":{"rendered":"Kemal\u2019in Askeri"},"content":{"rendered":"<p>Ulus kimli\u011fi ve dili sald\u0131r\u0131 alt\u0131nda olan; e\u011fitim sistemi, adalet sistemi ve ekonomisi bitirilen; halk\u0131 her ge\u00e7en g\u00fcn fakirle\u015ftirilen; demografik yap\u0131s\u0131 par\u00e7alanmaya \u00e7al\u0131\u015f\u0131lan; her y\u00f6nden ihanetle sar\u0131lm\u0131\u015f bir \u00fclke\u2026   T\u00fcrkiye Cumhuriyeti dahil olmak \u00fczere belirli devletlerin kat\u0131ld\u0131\u011f\u0131 ve yakla\u015f\u0131k elli y\u0131ld\u0131r devam eden gizli bir sava\u015f\u2026   \u0130ntikam ate\u015fiyle ortaya \u00e7\u0131kan bir asker\u2026   B\u00fct\u00fcn bu ya\u015fananlar\u0131n merkezinde ye\u015feren bir a\u015fk\u2026 Ve a\u00e7\u0131lan yeni bir \u00e7a\u011f\u2026<\/p>\n","protected":false},"excerpt":{"rendered":"<p>Ulus kimli\u011fi ve dili sald\u0131r\u0131 alt\u0131nda olan; e\u011fitim sistemi, adalet sistemi ve ekonomisi bitirilen; halk\u0131 her ge\u00e7en g\u00fcn fakirle\u015ftirilen; demografik yap\u0131s\u0131 par\u00e7alanmaya \u00e7al\u0131\u015f\u0131lan; her y\u00f6nden ihanetle<span class=\"excerpt-hellip\"> [\u2026]<\/span><\/p>\n","protected":false},"featured_media":0,"template":"","meta":{"_monsterinsights_skip_tracking":false,"_monsterinsights_sitenote_active":false,"_monsterinsights_sitenote_note":"","_monsterinsights_sitenote_category":0},"product_brand":[],"product_cat":[12291,12711],"product_tag":[],"class_list":{"0":"post-752911","1":"product","2":"type-product","3":"status-publish","5":"product_cat-edebiyat","6":"product_cat-roman-oyku","7":"pa_cilt-ciltsiz","8":"pa_tur-kitap","9":"pa_yayinevi-perseus","10":"pa_yazar-furkan-ozen","12":"first","13":"instock","14":"sale","15":"shipping-taxable","16":"purchasable","17":"product-type-simple"},"_links":{"self":[{"href":"https:\/\/roveyayinevi.com.tr\/index.php\/wp-json\/wp\/v2\/product\/752911","targetHints":{"allow":["GET"]}}],"collection":[{"href":"https:\/\/roveyayinevi.com.tr\/index.php\/wp-json\/wp\/v2\/product"}],"about":[{"href":"https:\/\/roveyayinevi.com.tr\/index.php\/wp-json\/wp\/v2\/types\/product"}],"wp:attachment":[{"href":"https:\/\/roveyayinevi.com.tr\/index.php\/wp-json\/wp\/v2\/media?parent=752911"}],"wp:term":[{"taxonomy":"product_brand","embeddable":true,"href":"https:\/\/roveyayinevi.com.tr\/index.php\/wp-json\/wp\/v2\/product_brand?post=752911"},{"taxonomy":"product_cat","embeddable":true,"href":"https:\/\/roveyayinevi.com.tr\/index.php\/wp-json\/wp\/v2\/product_cat?post=752911"},{"taxonomy":"product_tag","embeddable":true,"href":"https:\/\/roveyayinevi.com.tr\/index.php\/wp-json\/wp\/v2\/product_tag?post=752911"}],"curies":[{"name":"wp","href":"https:\/\/api.w.org\/{rel}","templated":true}]}}