{"id":752910,"date":"2025-08-28T05:28:18","date_gmt":"2025-08-28T02:28:18","guid":{"rendered":"https:\/\/roveyayinevi.com.tr\/index.php\/urun\/cap-ve-bir-dolar\/"},"modified":"2026-04-16T03:06:05","modified_gmt":"2026-04-16T00:06:05","slug":"cap-ve-bir-dolar","status":"publish","type":"product","link":"https:\/\/roveyayinevi.com.tr\/index.php\/urun\/cap-ve-bir-dolar\/","title":{"rendered":"\u00c7ap ve Bir Dolar"},"content":{"rendered":"<p>Olabilitesi m\u00fcmk\u00fcn olmayan \u015feylerin oluru t\u00fckendi\u011finde \u015fa\u015f\u0131r\u0131lacak hi\u00e7bir \u015fey kalmaz. \u0130nsan insan\u0131n \u00fcst\u00fcnde varolmay\u0131 becerebildi\u011finde her \u015feyi yapabilece\u011finin m\u00fcmk\u00fcnl\u00fc\u011f\u00fcn\u00fc g\u00f6r\u00fcr ellerinde. G\u00fcc\u00fcn\u00fcn s\u0131n\u0131rlar\u0131na dayand\u0131\u011f\u0131nda ise zihninde hissetti\u011fi tanr\u0131lar\u0131 ya\u015far insan bedeninde&#8230; Cemal Noyan Alkaya&#8217;n\u0131n kaleminden \u00c7ap ve Bir Dolar serisinin ikinci kitab\u0131 olan 7&#8217;lerde kendi \u00e2lemimizde insan olarak yap\u0131labilecekleri tamamlay\u0131p \u00e7ap d\u0131\u015f\u0131na do\u011fru yol alarak tanr\u0131lara do\u011fru ilerliyoruz. Ve nihayet \u00e7ap d\u0131\u015f\u0131na \u00e7\u0131k\u0131p ger\u00e7ek tanr\u0131lar\u0131n kap\u0131s\u0131na dayan\u0131yoruz. Hem de insanl\u0131\u011f\u0131m\u0131z\u0131 a\u015fm\u0131\u015f bir \u015fekilde&#8230;<\/p>\n","protected":false},"excerpt":{"rendered":"<p>Olabilitesi m\u00fcmk\u00fcn olmayan \u015feylerin oluru t\u00fckendi\u011finde \u015fa\u015f\u0131r\u0131lacak hi\u00e7bir \u015fey kalmaz. \u0130nsan insan\u0131n \u00fcst\u00fcnde varolmay\u0131 becerebildi\u011finde her \u015feyi yapabilece\u011finin m\u00fcmk\u00fcnl\u00fc\u011f\u00fcn\u00fc g\u00f6r\u00fcr ellerinde. G\u00fcc\u00fcn\u00fcn s\u0131n\u0131rlar\u0131na dayand\u0131\u011f\u0131nda ise zihninde<span class=\"excerpt-hellip\"> [\u2026]<\/span><\/p>\n","protected":false},"featured_media":0,"template":"","meta":{"_monsterinsights_skip_tracking":false,"_monsterinsights_sitenote_active":false,"_monsterinsights_sitenote_note":"","_monsterinsights_sitenote_category":0},"product_brand":[],"product_cat":[12291,14777],"product_tag":[],"class_list":{"0":"post-752910","1":"product","2":"type-product","3":"status-publish","5":"product_cat-edebiyat","6":"product_cat-fantastik","7":"pa_cilt-ciltsiz","8":"pa_tur-kitap","9":"pa_yayinevi-elpis-yayinlari","10":"pa_yazar-cemal-noyan-alkaya","12":"first","13":"instock","14":"sale","15":"shipping-taxable","16":"purchasable","17":"product-type-simple"},"_links":{"self":[{"href":"https:\/\/roveyayinevi.com.tr\/index.php\/wp-json\/wp\/v2\/product\/752910","targetHints":{"allow":["GET"]}}],"collection":[{"href":"https:\/\/roveyayinevi.com.tr\/index.php\/wp-json\/wp\/v2\/product"}],"about":[{"href":"https:\/\/roveyayinevi.com.tr\/index.php\/wp-json\/wp\/v2\/types\/product"}],"wp:attachment":[{"href":"https:\/\/roveyayinevi.com.tr\/index.php\/wp-json\/wp\/v2\/media?parent=752910"}],"wp:term":[{"taxonomy":"product_brand","embeddable":true,"href":"https:\/\/roveyayinevi.com.tr\/index.php\/wp-json\/wp\/v2\/product_brand?post=752910"},{"taxonomy":"product_cat","embeddable":true,"href":"https:\/\/roveyayinevi.com.tr\/index.php\/wp-json\/wp\/v2\/product_cat?post=752910"},{"taxonomy":"product_tag","embeddable":true,"href":"https:\/\/roveyayinevi.com.tr\/index.php\/wp-json\/wp\/v2\/product_tag?post=752910"}],"curies":[{"name":"wp","href":"https:\/\/api.w.org\/{rel}","templated":true}]}}