{"id":752908,"date":"2025-08-28T05:28:15","date_gmt":"2025-08-28T02:28:15","guid":{"rendered":"https:\/\/roveyayinevi.com.tr\/index.php\/urun\/eril-egemenlik-baglaminda-toplumsal-cinsiyet\/"},"modified":"2026-04-16T03:06:05","modified_gmt":"2026-04-16T00:06:05","slug":"eril-egemenlik-baglaminda-toplumsal-cinsiyet","status":"publish","type":"product","link":"https:\/\/roveyayinevi.com.tr\/index.php\/urun\/eril-egemenlik-baglaminda-toplumsal-cinsiyet\/","title":{"rendered":"Eril Egemenlik Ba\u011flam\u0131nda Toplumsal Cinsiyet"},"content":{"rendered":"<p>Bu kitap cinsiyete ili\u015fkin fark\u0131ndal\u0131\u011f\u0131 art\u0131rmaya y\u00f6nelik haz\u0131rlanm\u0131\u015ft\u0131r. Toplumsal cinsiyete y\u00f6nelik olarak eril egemenlik ve di\u015fil itaat tarih boyunca toplumlar\u0131 etkilemi\u015f ve etkilemeye devam etmektedir. Eril egemenlik ve di\u015fil itaatin k\u00fclt\u00fcrde, sa\u011fl\u0131kta, sanatta, feminist g\u00f6r\u00fc\u015fte, felsefede, e\u011fitimde, ileti\u015fimde ve reklamlarda sosyal a\u00e7\u0131dan sonu\u00e7lar\u0131n\u0131 ortaya koymaya \u00e7al\u0131\u015ft\u0131k. Elinizdeki kitapta toplumsal cinsiyet e\u015fitsizli\u011finin s\u00f6ylem ve pratiklere nas\u0131l yans\u0131d\u0131\u011f\u0131n\u0131, aktar\u0131ld\u0131\u011f\u0131n\u0131, peki\u015ftirildi\u011fini, prati\u011fi ne y\u00f6nde etkiledi\u011fini, cinsiyet\u00e7ili\u011fin yaratt\u0131\u011f\u0131 norm ve de\u011ferlere kar\u015f\u0131 nas\u0131l m\u00fccadele edilmesi gerekti\u011fini, kad\u0131n\u0131n g\u00f6r\u00fcnmez oldu\u011fu felsefe tarihini ve d\u00fcnyada \u00e7a\u011f d\u0131\u015f\u0131 toplumsal cinsiyet anlay\u0131\u015flar\u0131n\u0131n hala kad\u0131n\u0131n sa\u011fl\u0131k hakk\u0131n\u0131n belirleyicisi oldu\u011funu bulacaks\u0131n\u0131z. Ayr\u0131ca k\u0131z ve erkek \u00f6\u011frencilerin sadece okula eri\u015fimleriyle ve nicel verilerle tan\u0131mlanan e\u011fitim anlay\u0131\u015f\u0131n\u0131, kad\u0131n liderli\u011finin y\u00fcksek\u00f6\u011fretimde bile zorlay\u0131c\u0131 fakt\u00f6rler i\u00e7erdi\u011fini, toplumsal cinsiyet temelli \u015fiddetin olu\u015fumunu, in\u015fa edilmi\u015f erkeklik\/kad\u0131nl\u0131k rollerinin sanata yans\u0131malar\u0131n\u0131, toplumsal cinsiyet e\u015fitli\u011fi i\u00e7in toplumda yerle\u015fmi\u015f \u00f6tekile\u015ftirici ve ayr\u0131mc\u0131 dil ile y\u00fcr\u00fct\u00fclen ileti\u015fim s\u00fcre\u00e7lerini, mit ve g\u00f6stergeler arac\u0131l\u0131\u011f\u0131yla yarat\u0131lan anlamlar \u00fczerinden egemen ideolojiyi ve de\u011ferleri yeniden \u00fcreten reklamlar ile ilgili merak ettiklerinizi de\u2026 <\/p>\n","protected":false},"excerpt":{"rendered":"<p>Bu kitap cinsiyete ili\u015fkin fark\u0131ndal\u0131\u011f\u0131 art\u0131rmaya y\u00f6nelik haz\u0131rlanm\u0131\u015ft\u0131r. Toplumsal cinsiyete y\u00f6nelik olarak eril egemenlik ve di\u015fil itaat tarih boyunca toplumlar\u0131 etkilemi\u015f ve etkilemeye devam etmektedir. Eril<span class=\"excerpt-hellip\"> [\u2026]<\/span><\/p>\n","protected":false},"featured_media":0,"template":"","meta":{"_monsterinsights_skip_tracking":false,"_monsterinsights_sitenote_active":false,"_monsterinsights_sitenote_note":"","_monsterinsights_sitenote_category":0},"product_brand":[],"product_cat":[12831,12324],"product_tag":[],"class_list":{"0":"post-752908","1":"product","2":"type-product","3":"status-publish","5":"product_cat-aile-ve-cocuk","6":"product_cat-sosyoloji","7":"pa_cilt-ciltsiz","8":"pa_tur-kitap","9":"pa_yayinevi-ani-yayincilik","10":"pa_yazar-zeynep-meral-tanriogen","12":"first","13":"instock","14":"sale","15":"shipping-taxable","16":"purchasable","17":"product-type-simple"},"_links":{"self":[{"href":"https:\/\/roveyayinevi.com.tr\/index.php\/wp-json\/wp\/v2\/product\/752908","targetHints":{"allow":["GET"]}}],"collection":[{"href":"https:\/\/roveyayinevi.com.tr\/index.php\/wp-json\/wp\/v2\/product"}],"about":[{"href":"https:\/\/roveyayinevi.com.tr\/index.php\/wp-json\/wp\/v2\/types\/product"}],"wp:attachment":[{"href":"https:\/\/roveyayinevi.com.tr\/index.php\/wp-json\/wp\/v2\/media?parent=752908"}],"wp:term":[{"taxonomy":"product_brand","embeddable":true,"href":"https:\/\/roveyayinevi.com.tr\/index.php\/wp-json\/wp\/v2\/product_brand?post=752908"},{"taxonomy":"product_cat","embeddable":true,"href":"https:\/\/roveyayinevi.com.tr\/index.php\/wp-json\/wp\/v2\/product_cat?post=752908"},{"taxonomy":"product_tag","embeddable":true,"href":"https:\/\/roveyayinevi.com.tr\/index.php\/wp-json\/wp\/v2\/product_tag?post=752908"}],"curies":[{"name":"wp","href":"https:\/\/api.w.org\/{rel}","templated":true}]}}