{"id":752905,"date":"2025-08-28T05:28:10","date_gmt":"2025-08-28T02:28:10","guid":{"rendered":"https:\/\/roveyayinevi.com.tr\/index.php\/urun\/merak-etme-kucuk-yengec\/"},"modified":"2026-04-16T03:06:05","modified_gmt":"2026-04-16T00:06:05","slug":"merak-etme-kucuk-yengec","status":"publish","type":"product","link":"https:\/\/roveyayinevi.com.tr\/index.php\/urun\/merak-etme-kucuk-yengec\/","title":{"rendered":"Merak Etme K\u00fc\u00e7\u00fck Yenge\u00e7"},"content":{"rendered":"<p>Dalgalar giderek b\u00fcy\u00fcyor&#8230; \u0130\u015fte bir tane daha! Hem de kocaman! S\u0131k\u0131 tutun K\u00fc\u00e7\u00fck Yenge\u00e7!     Minik bir su birikintisinde ya\u015fayan K\u00fc\u00e7\u00fck Yenge\u00e7 ile Koca Yenge\u00e7 bir g\u00fcn denize gitmeye karar verirler. K\u00fc\u00e7\u00fck Yenge\u00e7 denize girmek i\u00e7in \u00e7ok hevesli olmas\u0131na ra\u011fmen kocaman dalgalar\u0131 g\u00f6r\u00fcnce \u00fcrker. Koca Yenge\u00e7 ona cesaret vererek ad\u0131m ad\u0131m ilerlemesini sa\u011flar. B\u00f6ylece K\u00fc\u00e7\u00fck Yenge\u00e7 sadece denize ve dalgalara al\u0131\u015fmakla kalmaz, bir\u00e7ok deniz canl\u0131s\u0131yla da tan\u0131\u015f\u0131r.   Herkese \u0130yi Geceler, Annem Nerede?, Ah Be Pon\u00e7ik! kitaplar\u0131n\u0131n \u00e7ok \u00f6d\u00fcll\u00fc yazar ve \u00e7izeri Chris Haughton\u2019dan korkular\u0131m\u0131z\u0131 a\u015fmak i\u00e7in ihtiya\u00e7 duydu\u011fumuz zamana ve deste\u011fe dair unutulmaz bir \u00f6yk\u00fc.<\/p>\n","protected":false},"excerpt":{"rendered":"<p>Dalgalar giderek b\u00fcy\u00fcyor&#8230; \u0130\u015fte bir tane daha! Hem de kocaman! S\u0131k\u0131 tutun K\u00fc\u00e7\u00fck Yenge\u00e7! Minik bir su birikintisinde ya\u015fayan K\u00fc\u00e7\u00fck Yenge\u00e7 ile Koca Yenge\u00e7 bir g\u00fcn<span class=\"excerpt-hellip\"> [\u2026]<\/span><\/p>\n","protected":false},"featured_media":0,"template":"","meta":{"_monsterinsights_skip_tracking":false,"_monsterinsights_sitenote_active":false,"_monsterinsights_sitenote_note":"","_monsterinsights_sitenote_category":0},"product_brand":[],"product_cat":[12274,12518],"product_tag":[],"class_list":{"0":"post-752905","1":"product","2":"type-product","3":"status-publish","5":"product_cat-cocuk-ve-genclik-kitaplari","6":"product_cat-okul-oncesi-kitaplar","7":"pa_cilt-ciltsiz","8":"pa_tur-kitap","9":"pa_yayinevi-redhouse-kidz-yayinlari","10":"pa_yazar-chris-haughton","12":"first","13":"instock","14":"sale","15":"shipping-taxable","16":"purchasable","17":"product-type-simple"},"_links":{"self":[{"href":"https:\/\/roveyayinevi.com.tr\/index.php\/wp-json\/wp\/v2\/product\/752905","targetHints":{"allow":["GET"]}}],"collection":[{"href":"https:\/\/roveyayinevi.com.tr\/index.php\/wp-json\/wp\/v2\/product"}],"about":[{"href":"https:\/\/roveyayinevi.com.tr\/index.php\/wp-json\/wp\/v2\/types\/product"}],"wp:attachment":[{"href":"https:\/\/roveyayinevi.com.tr\/index.php\/wp-json\/wp\/v2\/media?parent=752905"}],"wp:term":[{"taxonomy":"product_brand","embeddable":true,"href":"https:\/\/roveyayinevi.com.tr\/index.php\/wp-json\/wp\/v2\/product_brand?post=752905"},{"taxonomy":"product_cat","embeddable":true,"href":"https:\/\/roveyayinevi.com.tr\/index.php\/wp-json\/wp\/v2\/product_cat?post=752905"},{"taxonomy":"product_tag","embeddable":true,"href":"https:\/\/roveyayinevi.com.tr\/index.php\/wp-json\/wp\/v2\/product_tag?post=752905"}],"curies":[{"name":"wp","href":"https:\/\/api.w.org\/{rel}","templated":true}]}}